{"id":251194,"date":"2025-05-20T02:08:54","date_gmt":"2025-05-20T02:08:54","guid":{"rendered":"https:\/\/aromasentia.com\/shipping-delivery\/"},"modified":"2026-04-22T17:15:39","modified_gmt":"2026-04-22T17:15:39","slug":"frakt-leverans","status":"publish","type":"page","link":"https:\/\/aromasentia.com\/sv\/frakt-leverans\/","title":{"rendered":"Frakt &#038; Leverans"},"content":{"rendered":"\t\t<div data-elementor-type=\"wp-page\" data-elementor-id=\"251194\" class=\"elementor elementor-251194 elementor-251058\" data-elementor-post-type=\"page\">\n\t\t\t\t<div class=\"elementor-element elementor-element-1be6122 e-flex e-con-boxed e-con e-parent\" data-id=\"1be6122\" data-element_type=\"container\" data-e-type=\"container\" data-settings=\"{&quot;background_background&quot;:&quot;classic&quot;}\">\n\t\t\t\t\t<div class=\"e-con-inner\">\n\t\t<div class=\"elementor-element elementor-element-7d0c2f2 e-con-full e-flex e-con e-child\" data-id=\"7d0c2f2\" data-element_type=\"container\" data-e-type=\"container\">\n\t\t\t\t<div class=\"elementor-element elementor-element-be1f77b elementor-widget elementor-widget-heading\" data-id=\"be1f77b\" data-element_type=\"widget\" data-e-type=\"widget\" data-widget_type=\"heading.default\">\n\t\t\t\t\t<h1 class=\"elementor-heading-title elementor-size-default\">Frakt &amp; Leverans<\/h1>\t\t\t\t<\/div>\n\t\t\t\t<\/div>\n\t\t\t\t\t<\/div>\n\t\t\t\t<\/div>\n\t\t<div class=\"elementor-element elementor-element-3354d164 e-flex e-con-boxed e-con e-parent\" data-id=\"3354d164\" data-element_type=\"container\" data-e-type=\"container\">\n\t\t\t\t\t<div class=\"e-con-inner\">\n\t\t\t\t<div class=\"elementor-element elementor-element-51dd242 elementor-widget elementor-widget-heading\" data-id=\"51dd242\" data-element_type=\"widget\" data-e-type=\"widget\" data-widget_type=\"heading.default\">\n\t\t\t\t\t<h2 class=\"elementor-heading-title elementor-size-default\">Frakt &amp; Leverans<\/h2>\t\t\t\t<\/div>\n\t\t\t\t<div class=\"elementor-element elementor-element-93474d3 elementor-widget elementor-widget-text-editor\" data-id=\"93474d3\" data-element_type=\"widget\" data-e-type=\"widget\" data-widget_type=\"text-editor.default\">\n\t\t\t\t\t\t\t\t\t<p>Vi erbjuder snabba och tillf\u00f6rlitliga leveranser inom hela EU. Best\u00e4llningar behandlas vanligtvis inom 1-2 arbetsdagar och inkluderar sp\u00e5rning n\u00e4r de har skickats. Fraktkostnaderna ber\u00e4knas i kassan baserat p\u00e5 din plats och vald leveransmetod. Fri frakt kan erbjudas p\u00e5 kvalificerade best\u00e4llningar.<\/p>\t\t\t\t\t\t\t\t<\/div>\n\t\t\t\t<div class=\"elementor-element elementor-element-35e53aa elementor-widget elementor-widget-html\" data-id=\"35e53aa\" data-element_type=\"widget\" data-e-type=\"widget\" data-widget_type=\"html.default\">\n\t\t\t\t\t<style>\r\n.shipping-table {\r\n  width: 100%;\r\n  border-collapse: collapse;\r\n  font-family: Arial, sans-serif;\r\n  font-size: 14px;\r\n}\r\n\r\n.shipping-table th {\r\n  color: #fff;\r\n  padding: 14px;\r\n  text-align: left;\r\n}\r\n\r\n.shipping-table th:nth-child(1) { background: #ff4d6d; }\r\n.shipping-table th:nth-child(2) { background: #ff9800; }\r\n.shipping-table th:nth-child(3) { background: #000; }\r\n.shipping-table th:nth-child(4) { background: #6d3b3b; }\r\n\r\n.shipping-table td {\r\n  padding: 14px;\r\n  border-bottom: 1px solid #eee;\r\n  color: #666;\r\n}\r\n\r\n.shipping-table tr:nth-child(even) {\r\n  background: #fafafa;\r\n}\r\n<\/style>\r\n\r\n<table class=\"shipping-table\">\r\n  <thead>\r\n    <tr>\r\n      <th>\ud83c\udf0d Land<\/th>\r\n      <th>\ud83d\udcb3 Fraktkostnaad<\/th>\r\n      <th>\ud83d\ude9a Fri Frakt<\/th>\r\n      <th>\u23f1 Leveranstid<\/th>\r\n    <\/tr>\r\n  <\/thead>\r\n  <tbody>\r\n    <tr><td>Sverige<\/td><td>69 Kr<\/td><td>Fri Frakt p\u00e5 Best\u00e4llningar fr\u00e5n 699 Kr<\/td><td>3-4 Arbetsdagar<\/td><\/tr>\r\n    <tr><td>Danmark<\/td><td>69 Kr<\/td><td>Fri Frakt p\u00e5 Best\u00e4llningar fr\u00e5n 699 Kr<\/td><td>3-4 Arbetsdagar<\/td><\/tr>\r\n\t<tr><td>Finland<\/td><td>149 Kr<\/td><td>Fri Frakt p\u00e5 Best\u00e4llningar fr\u00e5n 899 Kr<\/td><td>3-4 Arbetsdagar<\/td><\/tr>\r\n\t<tr><td>Norge<\/td><td>99 Kr<\/td><td>Fri Frakt p\u00e5 Best\u00e4llningar fr\u00e5n 699 Kr<\/td><td>3-4 Arbetsdagar<\/td><\/tr>\r\n\t<tr><td>Tyskland<\/td><td>69 Kr<\/td><td>Fri Frakt p\u00e5 Best\u00e4llningar fr\u00e5n 599 Kr<\/td><td>2-3 Arbetsdagar<\/td><\/tr>\r\n  <\/tbody>\r\n<\/table>\t\t\t\t<\/div>\n\t\t\t\t<div class=\"elementor-element elementor-element-8eafddd elementor-widget elementor-widget-heading\" data-id=\"8eafddd\" data-element_type=\"widget\" data-e-type=\"widget\" data-widget_type=\"heading.default\">\n\t\t\t\t\t<h2 class=\"elementor-heading-title elementor-size-default\">Snabb leverans fr\u00e5n Lager i EU<\/h2>\t\t\t\t<\/div>\n\t\t\t\t<div class=\"elementor-element elementor-element-ec609c2 elementor-widget elementor-widget-text-editor\" data-id=\"ec609c2\" data-element_type=\"widget\" data-e-type=\"widget\" data-widget_type=\"text-editor.default\">\n\t\t\t\t\t\t\t\t\t<p>Vi bedriver verksamhet fr\u00e5n <strong data-start=\"93\" data-end=\"135\">tre strategiskt bel\u00e4gna lagerlokaler<\/strong> i Europa: <strong data-start=\"147\" data-end=\"190\">Slovakien, Spanien och Storbritannien<\/strong>. F\u00f6r att s\u00e4kerst\u00e4lla snabb och effektiv leverans skickar vi alltid best\u00e4llningar fr\u00e5n det <strong data-start=\"262\" data-end=\"310\">lager som ligger n\u00e4rmast kundens plats<\/strong>. Beroende p\u00e5 destinationsland anv\u00e4nder vi <strong data-start=\"357\" data-end=\"411\">tillf\u00f6rlitliga lokala och internationella fraktpartners<\/strong> f\u00f6r att garantera snabb och s\u00e4ker leverans.<\/p>\t\t\t\t\t\t\t\t<\/div>\n\t\t\t\t\t<\/div>\n\t\t\t\t<\/div>\n\t\t<div class=\"elementor-element elementor-element-ff980a8 e-grid e-con-boxed e-con e-child\" data-id=\"ff980a8\" data-element_type=\"container\" data-e-type=\"container\">\n\t\t\t\t\t<div class=\"e-con-inner\">\n\t\t\t\t<div class=\"elementor-element elementor-element-35dc8fa elementor-position-top elementor-widget elementor-widget-image-box\" data-id=\"35dc8fa\" data-element_type=\"widget\" data-e-type=\"widget\" data-widget_type=\"image-box.default\">\n\t\t\t\t\t<div class=\"elementor-image-box-wrapper\"><figure class=\"elementor-image-box-img\"><img decoding=\"async\" width=\"400\" height=\"400\" src=\"https:\/\/aromasentia.com\/wp-content\/uploads\/2025\/11\/icon-11.avif\" class=\"attachment-full size-full wp-image-667325\" alt=\"\" title=\"\" srcset=\"https:\/\/aromasentia.com\/wp-content\/uploads\/2025\/11\/icon-11.avif 400w, https:\/\/aromasentia.com\/wp-content\/uploads\/2025\/11\/icon-11-300x300.avif 300w, https:\/\/aromasentia.com\/wp-content\/uploads\/2025\/11\/icon-11-100x100.avif 100w, https:\/\/aromasentia.com\/wp-content\/uploads\/2025\/11\/icon-11-150x150.avif 150w\" sizes=\"(max-width: 400px) 100vw, 400px\" \/><\/figure><div class=\"elementor-image-box-content\"><h3 class=\"elementor-image-box-title\">Fri Leverans<\/h3><p class=\"elementor-image-box-description\">P\u00e5 best\u00e4llningar \u00f6ver 799 Kr*<\/p><\/div><\/div>\t\t\t\t<\/div>\n\t\t\t\t<div class=\"elementor-element elementor-element-9b17d8a elementor-position-top elementor-widget elementor-widget-image-box\" data-id=\"9b17d8a\" data-element_type=\"widget\" data-e-type=\"widget\" data-widget_type=\"image-box.default\">\n\t\t\t\t\t<div class=\"elementor-image-box-wrapper\"><figure class=\"elementor-image-box-img\"><img decoding=\"async\" width=\"400\" height=\"400\" src=\"https:\/\/aromasentia.com\/wp-content\/uploads\/2025\/11\/icon-3.avif\" class=\"attachment-full size-full wp-image-667324\" alt=\"\" title=\"\" srcset=\"https:\/\/aromasentia.com\/wp-content\/uploads\/2025\/11\/icon-3.avif 400w, https:\/\/aromasentia.com\/wp-content\/uploads\/2025\/11\/icon-3-300x300.avif 300w, https:\/\/aromasentia.com\/wp-content\/uploads\/2025\/11\/icon-3-100x100.avif 100w, https:\/\/aromasentia.com\/wp-content\/uploads\/2025\/11\/icon-3-150x150.avif 150w\" sizes=\"(max-width: 400px) 100vw, 400px\" \/><\/figure><div class=\"elementor-image-box-content\"><h3 class=\"elementor-image-box-title\">Snabb Leverans<\/h3><p class=\"elementor-image-box-description\">Leverans inom 2-4 arbetsdagar<\/p><\/div><\/div>\t\t\t\t<\/div>\n\t\t\t\t<div class=\"elementor-element elementor-element-945ad67 elementor-position-top elementor-widget elementor-widget-image-box\" data-id=\"945ad67\" data-element_type=\"widget\" data-e-type=\"widget\" data-widget_type=\"image-box.default\">\n\t\t\t\t\t<div class=\"elementor-image-box-wrapper\"><figure class=\"elementor-image-box-img\"><img decoding=\"async\" width=\"400\" height=\"400\" src=\"https:\/\/aromasentia.com\/wp-content\/uploads\/2025\/11\/icon-21.avif\" class=\"attachment-full size-full wp-image-667326\" alt=\"\" title=\"\" srcset=\"https:\/\/aromasentia.com\/wp-content\/uploads\/2025\/11\/icon-21.avif 400w, https:\/\/aromasentia.com\/wp-content\/uploads\/2025\/11\/icon-21-300x300.avif 300w, https:\/\/aromasentia.com\/wp-content\/uploads\/2025\/11\/icon-21-100x100.avif 100w, https:\/\/aromasentia.com\/wp-content\/uploads\/2025\/11\/icon-21-150x150.avif 150w\" sizes=\"(max-width: 400px) 100vw, 400px\" \/><\/figure><div class=\"elementor-image-box-content\"><h3 class=\"elementor-image-box-title\">S\u00e4kra Betalningar<\/h3><p class=\"elementor-image-box-description\">Med betrodda betalningsalternativ<\/p><\/div><\/div>\t\t\t\t<\/div>\n\t\t\t\t<div class=\"elementor-element elementor-element-0aa2680 elementor-position-top elementor-widget elementor-widget-image-box\" data-id=\"0aa2680\" data-element_type=\"widget\" data-e-type=\"widget\" data-widget_type=\"image-box.default\">\n\t\t\t\t\t<div class=\"elementor-image-box-wrapper\"><figure class=\"elementor-image-box-img\"><img decoding=\"async\" width=\"400\" height=\"400\" src=\"https:\/\/aromasentia.com\/wp-content\/uploads\/2025\/11\/icon-22.avif\" class=\"attachment-full size-full wp-image-667327\" alt=\"\" title=\"\" srcset=\"https:\/\/aromasentia.com\/wp-content\/uploads\/2025\/11\/icon-22.avif 400w, https:\/\/aromasentia.com\/wp-content\/uploads\/2025\/11\/icon-22-300x300.avif 300w, https:\/\/aromasentia.com\/wp-content\/uploads\/2025\/11\/icon-22-100x100.avif 100w, https:\/\/aromasentia.com\/wp-content\/uploads\/2025\/11\/icon-22-150x150.avif 150w\" sizes=\"(max-width: 400px) 100vw, 400px\" \/><\/figure><div class=\"elementor-image-box-content\"><h3 class=\"elementor-image-box-title\">Snabb Kundsupport<\/h3><p class=\"elementor-image-box-description\">Eventuella fr\u00e5gor skicka ett meddelande till oss<\/p><\/div><\/div>\t\t\t\t<\/div>\n\t\t\t\t\t<\/div>\n\t\t\t\t<\/div>\n\t\t\t\t<\/div>\n\t\t","protected":false},"excerpt":{"rendered":"<p>Frakt &amp; Leverans Frakt &amp; Leverans Vi erbjuder snabba och tillf\u00f6rlitliga leveranser inom hela EU. Best\u00e4llningar behandlas vanligtvis inom 1-2 arbetsdagar och inkluderar sp\u00e5rning n\u00e4r de har skickats. Fraktkostnaderna ber\u00e4knas i kassan baserat p\u00e5 din plats och vald leveransmetod. Fri frakt kan erbjudas p\u00e5 kvalificerade best\u00e4llningar. \ud83c\udf0d Land \ud83d\udcb3 Fraktkostnaad \ud83d\ude9a Fri Frakt \u23f1 Leveranstid [&hellip;]<\/p>\n","protected":false},"author":1,"featured_media":0,"parent":0,"menu_order":0,"comment_status":"closed","ping_status":"closed","template":"","meta":{"_angie_page":false,"footnotes":""},"class_list":["post-251194","page","type-page","status-publish","hentry"],"_links":{"self":[{"href":"https:\/\/aromasentia.com\/sv\/wp-json\/wp\/v2\/pages\/251194","targetHints":{"allow":["GET"]}}],"collection":[{"href":"https:\/\/aromasentia.com\/sv\/wp-json\/wp\/v2\/pages"}],"about":[{"href":"https:\/\/aromasentia.com\/sv\/wp-json\/wp\/v2\/types\/page"}],"author":[{"embeddable":true,"href":"https:\/\/aromasentia.com\/sv\/wp-json\/wp\/v2\/users\/1"}],"replies":[{"embeddable":true,"href":"https:\/\/aromasentia.com\/sv\/wp-json\/wp\/v2\/comments?post=251194"}],"version-history":[{"count":0,"href":"https:\/\/aromasentia.com\/sv\/wp-json\/wp\/v2\/pages\/251194\/revisions"}],"wp:attachment":[{"href":"https:\/\/aromasentia.com\/sv\/wp-json\/wp\/v2\/media?parent=251194"}],"curies":[{"name":"wp","href":"https:\/\/api.w.org\/{rel}","templated":true}]}}