{"id":210416,"date":"2025-03-17T10:16:39","date_gmt":"2025-03-17T10:16:39","guid":{"rendered":"https:\/\/aromasentia.com\/?page_id=210416"},"modified":"2025-05-14T23:35:19","modified_gmt":"2025-05-14T23:35:19","slug":"integritetspolicy","status":"publish","type":"page","link":"https:\/\/aromasentia.com\/sv\/integritetspolicy\/","title":{"rendered":"Integritetspolicy"},"content":{"rendered":"\t\t<div data-elementor-type=\"wp-page\" data-elementor-id=\"210416\" class=\"elementor elementor-210416 elementor-3\" data-elementor-post-type=\"page\">\n\t\t\t\t<div class=\"elementor-element elementor-element-91263a8 e-flex e-con-boxed e-con e-parent\" data-id=\"91263a8\" data-element_type=\"container\" data-e-type=\"container\" data-settings=\"{&quot;ekit_has_onepagescroll_dot&quot;:&quot;yes&quot;}\">\n\t\t\t\t\t<div class=\"e-con-inner\">\n\t\t\t\t<div class=\"elementor-element elementor-element-00b965b elementor-widget elementor-widget-elementskit-heading\" data-id=\"00b965b\" data-element_type=\"widget\" data-e-type=\"widget\" data-settings=\"{&quot;ekit_we_effect_on&quot;:&quot;none&quot;}\" data-widget_type=\"elementskit-heading.default\">\n\t\t\t\t\t<div class=\"ekit-wid-con\" ><div class=\"ekit-heading elementskit-section-title-wraper text_left   ekit_heading_tablet-   ekit_heading_mobile-\"><h1 class=\"ekit-heading--title elementskit-section-title \">Integritetspolicy<\/h1><div class=\"ekit_heading_separetor_wraper ekit_heading_elementskit-border-divider ekit-dotted\"><div class=\"elementskit-border-divider ekit-dotted\"><\/div><\/div>\t\t\t\t<div class='ekit-heading__description'>\n\t\t\t\t\t<p>G\u00e4llande datum: 2025-05-14<br \/>Uppdaterad p\u00e5: 2025-05-14<\/p>\n<p>Denna sekretesspolicy f\u00f6rklarar policyerna f\u00f6r Aroma Sentia Marketing ltd om insamling och anv\u00e4ndning av den information vi samlar in n\u00e4r du \u00f6ppnar <a href=\"https:\/\/aromasentia.com\">https:\/\/aromasentia.com<\/a> (\"Tj\u00e4nsten\"). Denna sekretesspolicy beskriver dina integritetsr\u00e4ttigheter och hur du skyddas enligt sekretesslagar.<\/p>\n<p>Genom att anv\u00e4nda v\u00e5r tj\u00e4nst samtycker du till insamling och anv\u00e4ndning av din information i enlighet med denna sekretesspolicy. V\u00e4nligen g\u00e5 inte in p\u00e5 eller anv\u00e4nd v\u00e5r tj\u00e4nst om du inte samtycker till insamling och anv\u00e4ndning av din information enligt vad som beskrivs i denna sekretesspolicy. Denna sekretesspolicy har skapats med hj\u00e4lp av CookieScript Privacy Policy Generator.<\/p>\n<p>Aroma Sentia Marketing ltd \u00e4r beh\u00f6rig att \u00e4ndra denna sekretesspolicy n\u00e4r som helst. Detta kan ske utan f\u00f6reg\u00e5ende meddelande.<\/p>\n<p>Aroma Sentia Marketing ltd kommer att publicera den reviderade sekretesspolicyn p\u00e5 webbplatsen <a href=\"https:\/\/aromasentia.com\">https:\/\/aromasentia.com<\/a><\/p>\n<p>\u00a0<\/p>\n<h2>Insamling och anv\u00e4ndning av din personliga information<\/h2>\n<h3>Information som vi samlar in<\/h3>\n<p>N\u00e4r du anv\u00e4nder v\u00e5r tj\u00e4nst kommer du att uppmanas att f\u00f6rse oss med personlig information som anv\u00e4nds f\u00f6r att kontakta eller identifiera dig. <a href=\"https:\/\/aromasentia.com\">https:\/\/aromasentia.com<\/a> samlar in f\u00f6ljande information:<\/p>\n<div style=\"padding-left: 40px\">\n<ul>\n<li>Strikt n\u00f6dv\u00e4ndiga cookies<\/li>\n<li>Anv\u00e4ndningsdata<\/li>\n<li>Namn<\/li>\n<li>E-post<\/li>\n<li>Mobilnummer<\/li>\n<li>Arbetsadress<\/li>\n<li>Betalningsinformation<\/li>\n<\/ul>\n<\/div>\n<p>\u00a0<\/p>\n<p><strong>Utnyttjandedata omfattar f\u00f6ljande:<\/strong><\/p>\n<div style=\"padding-left: 40px\">\n<ul>\n<li>Strikt n\u00f6dv\u00e4ndiga cookies<\/li>\n<li>Internetprotokoll (IP)-adress f\u00f6r datorer som bes\u00f6ker webbplatsen<\/li>\n<li>F\u00f6rfr\u00e5gningar om webbsidor<\/li>\n<li>H\u00e4nvisande webbsidor<\/li>\n<li>Webbl\u00e4sare som anv\u00e4nds f\u00f6r att komma \u00e5t webbplatsen<\/li>\n<li>Tid och datum f\u00f6r \u00e5tkomst<\/li>\n<\/ul>\n<\/div>\n<h2>Hur vi samlar in information<\/h2>\n<p><a href=\"https:\/\/aromasentia.com\">https:\/\/aromasentia.com<\/a> samlar in och tar emot information fr\u00e5n dig p\u00e5 f\u00f6ljande s\u00e4tt:<\/p>\n<div style=\"padding-left: 40px\">\n<ul>\n<li>Strikt n\u00f6dv\u00e4ndiga cookies<\/li>\n<li>N\u00e4r du fyller i ett registreringsformul\u00e4r eller p\u00e5 annat s\u00e4tt skickar in din personliga information.<\/li>\n<li>N\u00e4r du interagerar med v\u00e5r Tj\u00e4nst.<\/li>\n<li>Fr\u00e5n externa, offentliga k\u00e4llor.<\/li>\n<\/ul>\n<\/div>\n<p>\u00a0<\/p>\n<p>Din information kommer att lagras i upp till 365 dagar efter att den inte l\u00e4ngre kr\u00e4vs f\u00f6r att tillhandah\u00e5lla dig tj\u00e4nsterna. Din information kan beh\u00e5llas under l\u00e4ngre perioder f\u00f6r rapportering eller registerh\u00e5llning i enlighet med g\u00e4llande lagar. Information som inte identifierar dig personligen kan lagras p\u00e5 obest\u00e4md tid.<\/p>\n<p>\u00a0<\/p>\n<h2>Hur vi delar din information<\/h2>\n<p>Aroma Sentia Marketing ltd kommer att dela din information, n\u00e4r det \u00e4r till\u00e4mpligt, i f\u00f6ljande situationer:<\/p>\n<div style=\"padding-left: 40px\">\n<ul>\n<li>Strikt n\u00f6dv\u00e4ndiga cookies<\/li>\n<li>Med ditt samtycke.\u00a0Aroma Sentia Marketing ltd kommer att dela din information f\u00f6r alla \u00e4ndam\u00e5l med ditt uttryckliga samtycke.<\/li>\n<li>Delning med andra anv\u00e4ndare.\u00a0Information som du tillhandah\u00e5ller kan ses av andra anv\u00e4ndare av v\u00e5r tj\u00e4nst. Genom att interagera med andra anv\u00e4ndare eller registrera dig via en tredjepartstj\u00e4nst, till exempel en social medietj\u00e4nst, kan dina kontakter p\u00e5 tredjepartstj\u00e4nsten se din information och en beskrivning av din aktivitet.<\/li>\n<li>Delning med dotterbolag. Aroma Sentia Marketing ltd kommer att dela din information med v\u00e5ra dotterbolag. Dessa kan inkludera v\u00e5rt moderbolag eller dotterbolag, partners eller f\u00f6retag som vi kontrollerar.<\/li>\n<\/ul>\n<\/div>\n<p>\u00a0<\/p>\n<h2>Tredje parts delning<\/h2>\n<p>Varje tredje part som vi delar din information med m\u00e5ste avsl\u00f6ja det syfte f\u00f6r vilket de avser att anv\u00e4nda din information. De m\u00e5ste beh\u00e5lla din information endast under den tid som anges n\u00e4r du beg\u00e4r eller tar emot informationen. Tredjepartsleverant\u00f6ren f\u00e5r inte ytterligare samla in, s\u00e4lja eller anv\u00e4nda din personliga information f\u00f6rutom vad som \u00e4r n\u00f6dv\u00e4ndigt f\u00f6r att utf\u00f6ra det angivna syftet.<\/p>\n<p>Din information kan delas till en tredje part av sk\u00e4l som inkluderar:<\/p>\n<div style=\"padding-left: 40px\">\n<ul>\n<li>Strikt n\u00f6dv\u00e4ndiga cookies<\/li>\n<li>Analytisk information.\u00a0Din information kan komma att delas med online-analysverktyg f\u00f6r att sp\u00e5ra och analysera trafiken p\u00e5 webbplatsen.<\/li>\n<li>Betalningshantering och \u00e5tervinningstj\u00e4nster.\u00a0Din information kommer att anv\u00e4ndas f\u00f6r att behandla betalningar i h\u00e4ndelse av ett k\u00f6p, \u00e5terbetalning eller annan liknande beg\u00e4ran.<\/li>\n<li>Marknadsf\u00f6ringsinitiativ.\u00a0Din information kommer att anv\u00e4ndas f\u00f6r att generera och skicka nyhetsbrev, e-postmarknadsf\u00f6ringsinsatser, annonser och mer.<\/li>\n<li>F\u00f6rb\u00e4ttra riktade reklamkampanjer.\u00a0Aroma Sentia Marketing ltd samarbetar med tredje parts tj\u00e4nsteleverant\u00f6rer f\u00f6r att f\u00f6rb\u00e4ttra riktade reklamkampanjer.<\/li>\n<li>F\u00f6rb\u00e4ttra v\u00e5r tj\u00e4nst.\u00a0Din information kan delas med tredjepartsleverant\u00f6rer f\u00f6r att f\u00f6rb\u00e4ttra v\u00e5r tj\u00e4nst och \/ eller interaktioner med leverant\u00f6rer.<\/li>\n<\/ul>\n<\/div>\n<p>\u00a0<\/p>\n<p>Om du v\u00e4ljer att tillhandah\u00e5lla s\u00e5dan information under registrering eller p\u00e5 annat s\u00e4tt ger du Aroma Sentia Marketing ltd tillst\u00e5nd att anv\u00e4nda, dela och lagra den informationen p\u00e5 ett s\u00e4tt som \u00f6verensst\u00e4mmer med denna sekretesspolicy.<\/p>\n<p>Din information kan avsl\u00f6jas av ytterligare sk\u00e4l, inklusive:<\/p>\n<div style=\"padding-left: 40px\">\n<ul>\n<li>Strikt n\u00f6dv\u00e4ndiga cookies<\/li>\n<li>F\u00f6lja till\u00e4mpliga lagar, f\u00f6rordningar eller domstolsbeslut.<\/li>\n<li>Svara p\u00e5 p\u00e5st\u00e5enden om att din anv\u00e4ndning av v\u00e5r tj\u00e4nst kr\u00e4nker tredje parts r\u00e4ttigheter.<\/li>\n<li>Genomf\u00f6ra avtal som du ing\u00e5r med oss, inklusive denna integritetspolicy.<\/li>\n<\/ul>\n<p>\u00a0<\/p>\n<\/div>\n<h2>Kakor<\/h2>\n<p>Cookies \u00e4r sm\u00e5 textfiler som placeras p\u00e5 din dator av webbplatser som du bes\u00f6ker. Webbplatser anv\u00e4nder cookies f\u00f6r att hj\u00e4lpa anv\u00e4ndare att navigera effektivt och utf\u00f6ra vissa funktioner. Cookies som kr\u00e4vs f\u00f6r att webbplatsen ska fungera korrekt f\u00e5r placeras utan din till\u00e5telse. Alla andra cookies m\u00e5ste godk\u00e4nnas innan de kan placeras i webbl\u00e4saren.<\/p>\n<div style=\"padding-left: 40px\">\n<ul>\n<li>Strikt n\u00f6dv\u00e4ndiga cookies<\/li>\n<li>Strikt n\u00f6dv\u00e4ndiga cookies.\u00a0Strikt n\u00f6dv\u00e4ndiga cookies m\u00f6jligg\u00f6r webbplatsens k\u00e4rnfunktioner, t.ex. anv\u00e4ndarinloggning och kontohantering. Webbplatsen kan inte anv\u00e4ndas korrekt utan strikt n\u00f6dv\u00e4ndiga cookies.<\/li>\n<li>Prestanda-cookies.\u00a0Prestanda-cookies anv\u00e4nds f\u00f6r att se hur bes\u00f6kare anv\u00e4nder webbplatsen, t.ex. analyscookies. Dessa cookies kan inte anv\u00e4ndas f\u00f6r att direkt identifiera en viss bes\u00f6kare.<\/li>\n<li>Targeting-cookies.\u00a0M\u00e5linriktade cookies anv\u00e4nds f\u00f6r att identifiera bes\u00f6kare mellan olika webbplatser, t.ex. inneh\u00e5llspartners, bannern\u00e4tverk. Dessa cookies kan anv\u00e4ndas av f\u00f6retag f\u00f6r att bygga upp en profil av bes\u00f6karnas intressen eller visa relevanta annonser p\u00e5 andra webbplatser.<\/li>\n<li>Funktionalitetscookies.\u00a0Funktionalitetscookies anv\u00e4nds f\u00f6r att komma ih\u00e5g bes\u00f6karinformation p\u00e5 webbplatsen, t.ex. spr\u00e5k, tidszon, f\u00f6rb\u00e4ttrat inneh\u00e5ll.<\/li>\n<li>Oklassificerade cookies.\u00a0Oklassificerade cookies \u00e4r cookies som inte tillh\u00f6r n\u00e5gon annan kategori eller \u00e4r i f\u00e4rd med att kategoriseras.<\/li>\n<\/ul>\n<\/div>\n\t\t\t\t<\/div>\n\t\t\t<\/div><\/div>\t\t\t\t<\/div>\n\t\t\t\t\t<\/div>\n\t\t\t\t<\/div>\n\t\t\t\t<\/div>\n\t\t","protected":false},"excerpt":{"rendered":"<p>Integritetspolicy G\u00e4llande datum: 2025-05-14Uppdaterad p\u00e5: 2025-05-14 Denna sekretesspolicy f\u00f6rklarar policyerna f\u00f6r Aroma Sentia Marketing ltd om insamling och anv\u00e4ndning av den information vi samlar in n\u00e4r du \u00f6ppnar https:\/\/aromasentia.com (&#8221;Tj\u00e4nsten&#8221;). Denna sekretesspolicy beskriver dina integritetsr\u00e4ttigheter och hur du skyddas enligt sekretesslagar. Genom att anv\u00e4nda v\u00e5r tj\u00e4nst samtycker du till insamling och anv\u00e4ndning av din information [&hellip;]<\/p>\n","protected":false},"author":1,"featured_media":0,"parent":0,"menu_order":0,"comment_status":"closed","ping_status":"open","template":"","meta":{"footnotes":""},"class_list":["post-210416","page","type-page","status-publish","hentry"],"_links":{"self":[{"href":"https:\/\/aromasentia.com\/sv\/wp-json\/wp\/v2\/pages\/210416","targetHints":{"allow":["GET"]}}],"collection":[{"href":"https:\/\/aromasentia.com\/sv\/wp-json\/wp\/v2\/pages"}],"about":[{"href":"https:\/\/aromasentia.com\/sv\/wp-json\/wp\/v2\/types\/page"}],"author":[{"embeddable":true,"href":"https:\/\/aromasentia.com\/sv\/wp-json\/wp\/v2\/users\/1"}],"replies":[{"embeddable":true,"href":"https:\/\/aromasentia.com\/sv\/wp-json\/wp\/v2\/comments?post=210416"}],"version-history":[{"count":0,"href":"https:\/\/aromasentia.com\/sv\/wp-json\/wp\/v2\/pages\/210416\/revisions"}],"wp:attachment":[{"href":"https:\/\/aromasentia.com\/sv\/wp-json\/wp\/v2\/media?parent=210416"}],"curies":[{"name":"wp","href":"https:\/\/api.w.org\/{rel}","templated":true}]}}