{"id":246243,"date":"2025-04-23T18:28:57","date_gmt":"2025-04-23T18:28:57","guid":{"rendered":"https:\/\/aromasentia.com\/product\/hop-hare-bamboo-socks-41-46-bali-buddha\/"},"modified":"2025-12-30T20:52:48","modified_gmt":"2025-12-30T20:52:48","slug":"hop-hare-bambussokker-41-46-bali-buddha","status":"publish","type":"product","link":"https:\/\/aromasentia.com\/no\/hop-hare-bambussokker-41-46-bali-buddha\/","title":{"rendered":"Hop Hare Bambussokker (41-46) &#8211; Bali Buddha"},"content":{"rendered":"<p>Finn roen med Hop Hare Bamboo Socks (41-46) &#8211; Bali Buddha. Disse bambussokkene (str. 41-46) er inspirert av den rolige spiritualiteten p\u00e5 Bali, og har et fredfylt Buddha-bilde som fremmer fred og mindfulness. Det eksepsjonelt myke og pustende bambusstoffet s\u00f8rger for at f\u00f8ttene dine holder seg komfortable og kj\u00f8lige. Disse sokkene er en vakker m\u00e5te \u00e5 b\u00e6re med seg en f\u00f8lelse av ro og opplysning p\u00e5, og de tilf\u00f8rer et snev av eksotisk \u00e5ndelighet og oppmerksom komfort til hverdagsantrekket ditt.<\/p>\n","protected":false},"excerpt":{"rendered":"<p>Finn roen med Hop Hare Bamboo Socks (41-46) &#8211; Bali Buddha. Disse bambussokkene (str. 41-46) er inspirert av den rolige spiritualiteten p\u00e5 Bali, og har et fredfylt Buddha-bilde som fremmer fred og mindfulness. Det eksepsjonelt myke og pustende bambusstoffet s\u00f8rger for at f\u00f8ttene dine holder seg komfortable og kj\u00f8lige. Disse sokkene er en vakker m\u00e5te [&hellip;]<\/p>\n","protected":false},"featured_media":668772,"comment_status":"closed","ping_status":"open","template":"","meta":{"_angie_page":false},"product_brand":[27114],"product_cat":[25834,26624],"product_tag":[],"class_list":{"0":"post-246243","1":"product","2":"type-product","3":"status-publish","4":"has-post-thumbnail","6":"product_brand-hop-hare","7":"product_cat-klaer","8":"product_cat-sokker-og-stromper","9":"pa_collection-hop-hare-bamboo-socks-no","10":"pa_made-in-tyrkia","12":"first","13":"instock","14":"purchasable","15":"product-type-simple"},"supplier_id":null,"supplier_sku":"BamS-10M","barcode":null,"atum_controlled":true,"out_stock_date":null,"out_stock_threshold":null,"inheritable":false,"inbound_stock":null,"stock_on_hold":0,"sold_today":0,"sales_last_days":0,"reserved_stock":null,"customer_returns":null,"warehouse_damage":null,"lost_in_post":null,"other_logs":null,"out_stock_days":0,"lost_sales":0,"has_location":null,"update_date":"2026-01-30T01:26:00","atum_locations":[],"atum_stock_status":"instock","restock_status":false,"low_stock_amount":"","sales_update_date":"2026-01-30T01:26:00","calc_backorders":null,"_links":{"self":[{"href":"https:\/\/aromasentia.com\/no\/wp-json\/wp\/v2\/product\/246243","targetHints":{"allow":["GET"]}}],"collection":[{"href":"https:\/\/aromasentia.com\/no\/wp-json\/wp\/v2\/product"}],"about":[{"href":"https:\/\/aromasentia.com\/no\/wp-json\/wp\/v2\/types\/product"}],"replies":[{"embeddable":true,"href":"https:\/\/aromasentia.com\/no\/wp-json\/wp\/v2\/comments?post=246243"}],"version-history":[{"count":0,"href":"https:\/\/aromasentia.com\/no\/wp-json\/wp\/v2\/product\/246243\/revisions"}],"wp:featuredmedia":[{"embeddable":true,"href":"https:\/\/aromasentia.com\/no\/wp-json\/wp\/v2\/media\/668772"}],"wp:attachment":[{"href":"https:\/\/aromasentia.com\/no\/wp-json\/wp\/v2\/media?parent=246243"}],"wp:term":[{"taxonomy":"product_brand","embeddable":true,"href":"https:\/\/aromasentia.com\/no\/wp-json\/wp\/v2\/product_brand?post=246243"},{"taxonomy":"product_cat","embeddable":true,"href":"https:\/\/aromasentia.com\/no\/wp-json\/wp\/v2\/product_cat?post=246243"},{"taxonomy":"product_tag","embeddable":true,"href":"https:\/\/aromasentia.com\/no\/wp-json\/wp\/v2\/product_tag?post=246243"}],"curies":[{"name":"wp","href":"https:\/\/api.w.org\/{rel}","templated":true}]}}