{"id":246187,"date":"2025-04-23T18:29:04","date_gmt":"2025-04-23T18:29:04","guid":{"rendered":"https:\/\/aromasentia.com\/product\/hop-hare-bamboo-socks-36-40-bali-buddha\/"},"modified":"2025-12-30T20:52:48","modified_gmt":"2025-12-30T20:52:48","slug":"hop-hare-bambussokker-36-40-bali-buddha","status":"publish","type":"product","link":"https:\/\/aromasentia.com\/no\/hop-hare-bambussokker-36-40-bali-buddha\/","title":{"rendered":"Hop Hare Bambussokker (36-40) &#8211; Bali Buddha"},"content":{"rendered":"<p>Sokker dekorert med et m\u00f8nster som forestiller Buddha, en \u00e5ndelig leder innen buddhismen. En interessant gave til personer som er interessert i denne religionen eller som \u00f8nsker en referanse til den eller filosofi i hverdagen.<\/p>\n<p>Hop Hare-sokkene er tilgjengelige i to st\u00f8rrelser: 3,5-6,5 UK (36-40 EU) og 7,5-11,5 UK (41-46 EU). Laget av bambusgarn av h\u00f8y kvalitet som lar f\u00f8ttene puste.&nbsp;<\/p>\n<p>Laget i Tyrkia. Sammensetning: 70 % bambus, 28,5 % polyamid, 1,5 % elastan.<\/p>\n<p><strong>Hvorfor bambussokker?<\/strong><\/p>\n<p>&#8211; pustende<\/p>\n<p>&#8211; antibakteriell<\/p>\n<p>&#8211; termoregulerende<\/p>\n<\/p>\n<p>&#8211; fukttransporterende<\/p>\n<\/p>\n<p>.<\/p>\n<p>&#8211; fukttransporterende<\/p>\n<p>&#8211; glatt t\u00e5s\u00f8m<\/p>\n<p>&#8211; milj\u00f8vennlige bambusfibre<\/p>\n","protected":false},"excerpt":{"rendered":"<p>Sokker dekorert med et m\u00f8nster som forestiller Buddha, en \u00e5ndelig leder innen buddhismen. En interessant gave til personer som er interessert i denne religionen eller som \u00f8nsker en referanse til den eller filosofi i hverdagen. Hop Hare-sokkene er tilgjengelige i to st\u00f8rrelser: 3,5-6,5 UK (36-40 EU) og 7,5-11,5 UK (41-46 EU). Laget av bambusgarn av [&hellip;]<\/p>\n","protected":false},"featured_media":315252,"comment_status":"closed","ping_status":"closed","template":"","meta":{"_angie_page":false},"product_brand":[27114],"product_cat":[25834,26624],"product_tag":[],"class_list":{"0":"post-246187","1":"product","2":"type-product","3":"status-publish","4":"has-post-thumbnail","6":"product_brand-hop-hare","7":"product_cat-klaer","8":"product_cat-sokker-og-stromper","9":"pa_collection-hop-hare-bamboo-socks-no","10":"pa_made-in-tyrkia","12":"first","13":"instock","14":"purchasable","15":"product-type-simple"},"supplier_id":null,"supplier_sku":"BamS-10F","barcode":null,"atum_controlled":true,"out_stock_date":null,"out_stock_threshold":null,"inheritable":false,"inbound_stock":null,"stock_on_hold":0,"sold_today":0,"sales_last_days":0,"reserved_stock":null,"customer_returns":null,"warehouse_damage":null,"lost_in_post":null,"other_logs":null,"out_stock_days":0,"lost_sales":0,"has_location":false,"update_date":"2026-05-08T05:04:56","atum_locations":[],"atum_stock_status":"instock","restock_status":false,"low_stock_amount":"","sales_update_date":"2026-01-30T01:26:26","calc_backorders":null,"_links":{"self":[{"href":"https:\/\/aromasentia.com\/no\/wp-json\/wp\/v2\/product\/246187","targetHints":{"allow":["GET"]}}],"collection":[{"href":"https:\/\/aromasentia.com\/no\/wp-json\/wp\/v2\/product"}],"about":[{"href":"https:\/\/aromasentia.com\/no\/wp-json\/wp\/v2\/types\/product"}],"replies":[{"embeddable":true,"href":"https:\/\/aromasentia.com\/no\/wp-json\/wp\/v2\/comments?post=246187"}],"version-history":[{"count":0,"href":"https:\/\/aromasentia.com\/no\/wp-json\/wp\/v2\/product\/246187\/revisions"}],"wp:featuredmedia":[{"embeddable":true,"href":"https:\/\/aromasentia.com\/no\/wp-json\/wp\/v2\/media\/315252"}],"wp:attachment":[{"href":"https:\/\/aromasentia.com\/no\/wp-json\/wp\/v2\/media?parent=246187"}],"wp:term":[{"taxonomy":"product_brand","embeddable":true,"href":"https:\/\/aromasentia.com\/no\/wp-json\/wp\/v2\/product_brand?post=246187"},{"taxonomy":"product_cat","embeddable":true,"href":"https:\/\/aromasentia.com\/no\/wp-json\/wp\/v2\/product_cat?post=246187"},{"taxonomy":"product_tag","embeddable":true,"href":"https:\/\/aromasentia.com\/no\/wp-json\/wp\/v2\/product_tag?post=246187"}],"curies":[{"name":"wp","href":"https:\/\/api.w.org\/{rel}","templated":true}]}}