{"id":210408,"date":"2025-03-20T14:25:16","date_gmt":"2025-03-20T14:25:16","guid":{"rendered":"https:\/\/aromasentia.com\/product\/himalayan-salt-aroma-diffuser-night-light-usb-c-flame-effect-salt-included\/"},"modified":"2025-05-31T07:24:36","modified_gmt":"2025-05-31T07:24:36","slug":"himalaya-salt-aromadiffusor-nattlys-usb-c-flammeeffekt-salt-inkludert","status":"publish","type":"product","link":"https:\/\/aromasentia.com\/no\/himalaya-salt-aromadiffusor-nattlys-usb-c-flammeeffekt-salt-inkludert\/","title":{"rendered":"Himalaya Salt Aromadiffusor &#8211; Nattlys &#8211; USB-C &#8211; Flammeeffekt (Salt Inkludert)"},"content":{"rendered":"<p><span style=\"color: rgb(75, 80, 88);\">Himalayan Salt Aroma Diffuser skaper en brennende flammeeffekt ved hjelp av en kombinasjon av lys og t\u00e5ke som gir rom eller kontor en duft. Bare tilsett litt vann og en favoritt eterisk olje eller duftolje for en umiddelbar aromaopplevelse.<\/span><\/p>\n<p><span style=\"color: rgb(75, 80, 88);\">Den bruker ultralydb\u00f8lger for \u00e5 fordampe vannet og den eteriske oljen i tanken umiddelbart for \u00e5 lage en kj\u00f8lig, t\u00f8rr og duftende t\u00e5ke.<\/span><\/p>\n<p><span style=\"color: rgb(75, 80, 88);\">Saltbiter er inkludert.<\/span><\/p>\n<p><span style=\"color: rgb(75, 80, 88);\">Tankkapasitet: 220 ml<\/span><\/p>\n<p><span style=\"color: rgb(75, 80, 88);\">Drevet av USB (ledningens lengde er 100 cm)<\/span><\/p>\n<p><span style=\"color: rgb(75, 80, 88);\">Timer: 1\u20133\u20136 timer<\/span><\/p>\n<p><span style=\"color: rgb(75, 80, 88);\">M\u00e5l: h\u00f8yde 12 cm, diameter 10 cm<\/span><\/p>\n<p><span style=\"color: rgb(75, 80, 88);\"><strong>Skal brukes med <\/strong><\/span><a href=\"https:\/\/aromasentia.com\/eo\"><span style=\"color: rgb(149, 122, 101);\"><strong>essensielle oljer<\/strong><\/span><\/a><span style=\"color: rgb(75, 80, 88);\"><strong> kun blandet i vann!<\/strong><\/span><span style=\"color: rgb(141, 186, 216);\"><strong>&nbsp;<\/strong><\/span><\/p>\n<p><span style=\"color: rgb(141, 186, 216);\"><strong>Raskt salg &#8211; legg til butikktilbudet ditt i dag og &nbsp;fullstendig atomiser salget ditt.<\/strong><\/span><\/p>\n","protected":false},"excerpt":{"rendered":"<p>Himalayan Salt Aroma Diffuser skaper en brennende flammeeffekt ved hjelp av en kombinasjon av lys og t\u00e5ke som gir rom eller kontor en duft. Bare tilsett litt vann og en favoritt eterisk olje eller duftolje for en umiddelbar aromaopplevelse. Den bruker ultralydb\u00f8lger for \u00e5 fordampe vannet og den eteriske oljen i tanken umiddelbart for \u00e5 [&hellip;]<\/p>\n","protected":false},"featured_media":254035,"comment_status":"closed","ping_status":"open","template":"","meta":{"_angie_page":false},"product_brand":[],"product_cat":[9065],"product_tag":[],"class_list":{"0":"post-210408","1":"product","2":"type-product","3":"status-publish","4":"has-post-thumbnail","6":"product_cat-aromaterapi-og-romduft","7":"pa_collection-electronic-led-colour-aroma-diffusers-no","8":"pa_made-in-kina","10":"first","11":"instock","12":"purchasable","13":"product-type-simple"},"supplier_id":null,"supplier_sku":"AATOM-27","barcode":null,"atum_controlled":true,"out_stock_date":null,"out_stock_threshold":null,"inheritable":false,"inbound_stock":null,"stock_on_hold":0,"sold_today":0,"sales_last_days":0,"reserved_stock":null,"customer_returns":null,"warehouse_damage":null,"lost_in_post":null,"other_logs":null,"out_stock_days":0,"lost_sales":0,"has_location":null,"update_date":"2026-04-27T06:48:41","atum_locations":[],"atum_stock_status":"instock","restock_status":false,"low_stock_amount":"","sales_update_date":"2025-10-09T03:22:16","calc_backorders":null,"_links":{"self":[{"href":"https:\/\/aromasentia.com\/no\/wp-json\/wp\/v2\/product\/210408","targetHints":{"allow":["GET"]}}],"collection":[{"href":"https:\/\/aromasentia.com\/no\/wp-json\/wp\/v2\/product"}],"about":[{"href":"https:\/\/aromasentia.com\/no\/wp-json\/wp\/v2\/types\/product"}],"replies":[{"embeddable":true,"href":"https:\/\/aromasentia.com\/no\/wp-json\/wp\/v2\/comments?post=210408"}],"version-history":[{"count":0,"href":"https:\/\/aromasentia.com\/no\/wp-json\/wp\/v2\/product\/210408\/revisions"}],"wp:featuredmedia":[{"embeddable":true,"href":"https:\/\/aromasentia.com\/no\/wp-json\/wp\/v2\/media\/254035"}],"wp:attachment":[{"href":"https:\/\/aromasentia.com\/no\/wp-json\/wp\/v2\/media?parent=210408"}],"wp:term":[{"taxonomy":"product_brand","embeddable":true,"href":"https:\/\/aromasentia.com\/no\/wp-json\/wp\/v2\/product_brand?post=210408"},{"taxonomy":"product_cat","embeddable":true,"href":"https:\/\/aromasentia.com\/no\/wp-json\/wp\/v2\/product_cat?post=210408"},{"taxonomy":"product_tag","embeddable":true,"href":"https:\/\/aromasentia.com\/no\/wp-json\/wp\/v2\/product_tag?post=210408"}],"curies":[{"name":"wp","href":"https:\/\/api.w.org\/{rel}","templated":true}]}}