{"id":210406,"date":"2025-03-20T14:25:16","date_gmt":"2025-03-20T14:25:16","guid":{"rendered":"https:\/\/aromasentia.com\/product\/blaze-aroma-diffuser-himalayan-salt-chamber-usb-c-flame-effect-salt-included\/"},"modified":"2025-05-31T07:24:19","modified_gmt":"2025-05-31T07:24:19","slug":"blaze-aroma-diffuser-duftspreder-himalaya-saltkammer-usb-c-flammeeffekt-salt-inkludert","status":"publish","type":"product","link":"https:\/\/aromasentia.com\/no\/blaze-aroma-diffuser-duftspreder-himalaya-saltkammer-usb-c-flammeeffekt-salt-inkludert\/","title":{"rendered":"Blaze Aroma Diffuser Duftspreder &#8211; Himalaya Saltkammer &#8211; USB-C &#8211; Flammeeffekt (Salt Inkludert)"},"content":{"rendered":"<p><span style=\"color: rgb(75, 80, 88);\">Himalayas aromadiffuser skaper en brennende flammeeffekt ved hjelp av en kombinasjon av lys og t\u00e5ke som gir rommet eller kontoret en duft. Bare tilsett litt vann og en favoritt eterisk olje eller duftolje for en umiddelbar aromaopplevelse.<\/span><\/p>\n<p><span style=\"color: rgb(75, 80, 88);\">Den bruker ultralydb\u00f8lger for \u00e5 fordampe vannet og den eteriske oljen i tanken umiddelbart for \u00e5 lage en kj\u00f8lig, t\u00f8rr og duftende t\u00e5ke..<\/span><\/p>\n<p><span style=\"color: rgb(75, 80, 88);\">Saltbiter er inkludert.<\/span><\/p>\n<p><span style=\"color: rgb(75, 80, 88);\">Tankkapasitet: 250 ml<\/span><\/p>\n<p><span style=\"color: rgb(75, 80, 88);\">Drevet av USB (ledningens lengde er 100 cm)<\/span><\/p>\n<p><span style=\"color: rgb(75, 80, 88);\">Timer: 3\u20136 t<\/span><\/p>\n<p><span style=\"color: rgb(75, 80, 88);\">M\u00e5l: h\u00f8yde 23 cm, diameter 19 cm<\/span><\/p>\n<p><span style=\"color: rgb(75, 80, 88);\"><strong>Skal brukes med<\/strong><\/span><a href=\"https:\/\/aromasentia.com\/eo\"><span style=\"color: rgb(149, 122, 101);\"><strong>essensielle oljer<\/strong><\/span><\/a><span style=\"color: rgb(75, 80, 88);\"><strong>&nbsp;kun blandet i vann!<\/strong><\/span><span style=\"color: rgb(141, 186, 216);\"><strong>&nbsp;<\/strong><\/span><\/p>\n<p><span style=\"color: rgb(141, 186, 216);\"><strong>Raskt salg &#8211; legg til tilbudet i butikken din i dag og fullstendig atomisere salget ditt.<\/strong><\/span><\/p>\n","protected":false},"excerpt":{"rendered":"<p>Himalayas aromadiffuser skaper en brennende flammeeffekt ved hjelp av en kombinasjon av lys og t\u00e5ke som gir rommet eller kontoret en duft. Bare tilsett litt vann og en favoritt eterisk olje eller duftolje for en umiddelbar aromaopplevelse. Den bruker ultralydb\u00f8lger for \u00e5 fordampe vannet og den eteriske oljen i tanken umiddelbart for \u00e5 lage en [&hellip;]<\/p>\n","protected":false},"featured_media":253985,"comment_status":"closed","ping_status":"open","template":"","meta":[],"product_brand":[],"product_cat":[9065],"product_tag":[],"class_list":{"0":"post-210406","1":"product","2":"type-product","3":"status-publish","4":"has-post-thumbnail","6":"product_cat-aromaterapi-og-romduft","7":"pa_collection-electronic-led-colour-aroma-diffusers-no","8":"pa_made-in-kina","10":"first","11":"instock","12":"purchasable","13":"product-type-simple"},"supplier_id":null,"supplier_sku":"AATOM-25","barcode":null,"atum_controlled":true,"out_stock_date":null,"out_stock_threshold":null,"inheritable":false,"inbound_stock":0,"stock_on_hold":0,"sold_today":0,"sales_last_days":0,"reserved_stock":0,"customer_returns":0,"warehouse_damage":0,"lost_in_post":0,"other_logs":0,"out_stock_days":0,"lost_sales":0,"has_location":false,"update_date":"2026-02-08T14:32:19","atum_locations":[],"atum_stock_status":"instock","restock_status":false,"low_stock_amount":"","sales_update_date":"2025-10-09T03:22:16","calc_backorders":null,"_links":{"self":[{"href":"https:\/\/aromasentia.com\/no\/wp-json\/wp\/v2\/product\/210406","targetHints":{"allow":["GET"]}}],"collection":[{"href":"https:\/\/aromasentia.com\/no\/wp-json\/wp\/v2\/product"}],"about":[{"href":"https:\/\/aromasentia.com\/no\/wp-json\/wp\/v2\/types\/product"}],"replies":[{"embeddable":true,"href":"https:\/\/aromasentia.com\/no\/wp-json\/wp\/v2\/comments?post=210406"}],"version-history":[{"count":0,"href":"https:\/\/aromasentia.com\/no\/wp-json\/wp\/v2\/product\/210406\/revisions"}],"wp:featuredmedia":[{"embeddable":true,"href":"https:\/\/aromasentia.com\/no\/wp-json\/wp\/v2\/media\/253985"}],"wp:attachment":[{"href":"https:\/\/aromasentia.com\/no\/wp-json\/wp\/v2\/media?parent=210406"}],"wp:term":[{"taxonomy":"product_brand","embeddable":true,"href":"https:\/\/aromasentia.com\/no\/wp-json\/wp\/v2\/product_brand?post=210406"},{"taxonomy":"product_cat","embeddable":true,"href":"https:\/\/aromasentia.com\/no\/wp-json\/wp\/v2\/product_cat?post=210406"},{"taxonomy":"product_tag","embeddable":true,"href":"https:\/\/aromasentia.com\/no\/wp-json\/wp\/v2\/product_tag?post=210406"}],"curies":[{"name":"wp","href":"https:\/\/api.w.org\/{rel}","templated":true}]}}