{"id":210403,"date":"2025-03-20T14:25:16","date_gmt":"2025-03-20T14:25:16","guid":{"rendered":"https:\/\/aromasentia.com\/product\/copenhagen-atomiser-usb-colour-change-timer\/"},"modified":"2025-05-31T07:24:10","modified_gmt":"2025-05-31T07:24:10","slug":"copenhagen-aroma-diffuser-duftspreder-usb-fargeskift-timer","status":"publish","type":"product","link":"https:\/\/aromasentia.com\/no\/copenhagen-aroma-diffuser-duftspreder-usb-fargeskift-timer\/","title":{"rendered":"Copenhagen Aroma Diffuser Duftspreder &#8211; USB &#8211; Fargeskift &#8211; Timer"},"content":{"rendered":"<p><strong>Copenhagen Atomiser Aroma Diffusers<\/strong>er tidl\u00f8se og elegante, de gir en flammefri og r\u00f8ykfri m\u00e5te \u00e5 dufte rommet eller kontoret ditt p\u00e5. Bare tilsett litt vann og en favoritt essensiell olje eller duftolje for en umiddelbar aromaopplevelse.<\/p>\n<p>&#8211; Tankkapasitet 120 ml<\/p>\n<p>&#8211; LED-lys &#8211; 4 farger<\/p>\n<p>&#8211; Drevet av USB (ledningslengde 100 cm)<\/p>\n<p>&#8211; Automatisk avstenging n\u00e5r vannet g\u00e5r tom<\/p>\n<p>&#8211; Timer 1-3-6 timer<\/p>\n<p>H\u00f8yde 15 cm, Diameter: 10,5 cm, Vekt 0,400 g<\/p>\n<p>Leveres med brukerh\u00e5ndbok<\/p>\n","protected":false},"excerpt":{"rendered":"<p>Copenhagen Atomiser Aroma Diffuserser tidl\u00f8se og elegante, de gir en flammefri og r\u00f8ykfri m\u00e5te \u00e5 dufte rommet eller kontoret ditt p\u00e5. Bare tilsett litt vann og en favoritt essensiell olje eller duftolje for en umiddelbar aromaopplevelse. &#8211; Tankkapasitet 120 ml &#8211; LED-lys &#8211; 4 farger &#8211; Drevet av USB (ledningslengde 100 cm) &#8211; Automatisk avstenging [&hellip;]<\/p>\n","protected":false},"featured_media":253894,"comment_status":"closed","ping_status":"open","template":"","meta":[],"product_brand":[],"product_cat":[9081,11173],"product_tag":[],"class_list":{"0":"post-210403","1":"product","2":"type-product","3":"status-publish","4":"has-post-thumbnail","6":"product_cat-aroma-diffuser-aromalamper-og-duftpinner","7":"product_cat-aroma-diffusere","8":"pa_collection-electronic-led-colour-aroma-diffusers-no","9":"pa_made-in-kina","11":"first","12":"instock","13":"purchasable","14":"product-type-simple"},"supplier_id":null,"supplier_sku":"AATOM-19","barcode":null,"atum_controlled":true,"out_stock_date":null,"out_stock_threshold":null,"inheritable":false,"inbound_stock":null,"stock_on_hold":0,"sold_today":0,"sales_last_days":0,"reserved_stock":null,"customer_returns":null,"warehouse_damage":null,"lost_in_post":null,"other_logs":null,"out_stock_days":0,"lost_sales":0,"has_location":null,"update_date":"2026-02-12T05:52:45","atum_locations":[],"atum_stock_status":"instock","restock_status":false,"low_stock_amount":"","sales_update_date":"2025-10-09T03:22:15","calc_backorders":null,"_links":{"self":[{"href":"https:\/\/aromasentia.com\/no\/wp-json\/wp\/v2\/product\/210403","targetHints":{"allow":["GET"]}}],"collection":[{"href":"https:\/\/aromasentia.com\/no\/wp-json\/wp\/v2\/product"}],"about":[{"href":"https:\/\/aromasentia.com\/no\/wp-json\/wp\/v2\/types\/product"}],"replies":[{"embeddable":true,"href":"https:\/\/aromasentia.com\/no\/wp-json\/wp\/v2\/comments?post=210403"}],"version-history":[{"count":0,"href":"https:\/\/aromasentia.com\/no\/wp-json\/wp\/v2\/product\/210403\/revisions"}],"wp:featuredmedia":[{"embeddable":true,"href":"https:\/\/aromasentia.com\/no\/wp-json\/wp\/v2\/media\/253894"}],"wp:attachment":[{"href":"https:\/\/aromasentia.com\/no\/wp-json\/wp\/v2\/media?parent=210403"}],"wp:term":[{"taxonomy":"product_brand","embeddable":true,"href":"https:\/\/aromasentia.com\/no\/wp-json\/wp\/v2\/product_brand?post=210403"},{"taxonomy":"product_cat","embeddable":true,"href":"https:\/\/aromasentia.com\/no\/wp-json\/wp\/v2\/product_cat?post=210403"},{"taxonomy":"product_tag","embeddable":true,"href":"https:\/\/aromasentia.com\/no\/wp-json\/wp\/v2\/product_tag?post=210403"}],"curies":[{"name":"wp","href":"https:\/\/api.w.org\/{rel}","templated":true}]}}