{"id":210393,"date":"2025-03-20T14:25:16","date_gmt":"2025-03-20T14:25:16","guid":{"rendered":"https:\/\/aromasentia.com\/product\/santorini-atomiser-shell-effect-usb-colour-change-timer\/"},"modified":"2025-05-31T07:23:30","modified_gmt":"2025-05-31T07:23:30","slug":"santorini-aroma-diffuser-duftspreder-skjelleffekt-usb-fargeendring-timer","status":"publish","type":"product","link":"https:\/\/aromasentia.com\/no\/santorini-aroma-diffuser-duftspreder-skjelleffekt-usb-fargeendring-timer\/","title":{"rendered":"Santorini Aroma Diffuser Duftspreder &#8211; Skjelleffekt &#8211; USB &#8211; Fargeendring &#8211; Timer"},"content":{"rendered":"<p><strong>&nbsp;Aroma Diffusers<\/strong> er tidl\u00f8se og elegante, og de gir en flammefri og r\u00f8ykfri m\u00e5te \u00e5 dufte rommet eller kontoret ditt p\u00e5. Bare tilsett litt vann og en favoritt essensiell olje eller duftolje for en umiddelbar aromaopplevelse.<\/p>\n<p>Aroma Diffuseren bruker en ultralydmotor for \u00e5 pumpe ut vannet, slik at den er veldig stilleg\u00e5ende under bruk. Med et fargeskiftende stemningslys kan den brukes som en enkel luftfukter.<\/p>\n<p>Aromadiffusere er sv\u00e6rt enkle \u00e5 betjene og vedlikeholde, og m\u00e5 bare av og til fylles med en liten mengde vann og noen f\u00e5 dr\u00e5per duftolje.<\/p>\n<p>Selger raskt \u2013 fyll opp lageret i dag for \u00e5 forst\u00f8ve salget ditt fullstendig.<\/p>\n<p>&#8211; Tankkapasitet 400 ml<\/p>\n<p>&#8211; LED-lys \u2013 7 stk.<\/p>\n<p>&#8211; Drevet av USB (ledningslengde 100 cm)<\/p>\n<p>&#8211; ingen timer<\/p>\n<p>H\u00f8yde: 15,5 cm, diameter: 16 cm, vekt 340 g<\/p>\n","protected":false},"excerpt":{"rendered":"<p>&nbsp;Aroma Diffusers er tidl\u00f8se og elegante, og de gir en flammefri og r\u00f8ykfri m\u00e5te \u00e5 dufte rommet eller kontoret ditt p\u00e5. Bare tilsett litt vann og en favoritt essensiell olje eller duftolje for en umiddelbar aromaopplevelse. Aroma Diffuseren bruker en ultralydmotor for \u00e5 pumpe ut vannet, slik at den er veldig stilleg\u00e5ende under bruk. Med [&hellip;]<\/p>\n","protected":false},"featured_media":253772,"comment_status":"closed","ping_status":"open","template":"","meta":{"_angie_page":false},"product_brand":[],"product_cat":[9081,11173],"product_tag":[],"class_list":{"0":"post-210393","1":"product","2":"type-product","3":"status-publish","4":"has-post-thumbnail","6":"product_cat-aroma-diffuser-aromalamper-og-duftpinner","7":"product_cat-aroma-diffusere","8":"pa_collection-electronic-led-colour-aroma-diffusers-no","9":"pa_made-in-kina","11":"first","12":"instock","13":"purchasable","14":"product-type-simple"},"supplier_id":null,"supplier_sku":"AATOM-12","barcode":null,"atum_controlled":true,"out_stock_date":null,"out_stock_threshold":null,"inheritable":false,"inbound_stock":null,"stock_on_hold":0,"sold_today":0,"sales_last_days":0,"reserved_stock":null,"customer_returns":null,"warehouse_damage":null,"lost_in_post":null,"other_logs":null,"out_stock_days":0,"lost_sales":0,"has_location":null,"update_date":"2026-04-27T06:48:40","atum_locations":[],"atum_stock_status":"instock","restock_status":false,"low_stock_amount":"","sales_update_date":"2025-10-09T03:22:15","calc_backorders":null,"_links":{"self":[{"href":"https:\/\/aromasentia.com\/no\/wp-json\/wp\/v2\/product\/210393","targetHints":{"allow":["GET"]}}],"collection":[{"href":"https:\/\/aromasentia.com\/no\/wp-json\/wp\/v2\/product"}],"about":[{"href":"https:\/\/aromasentia.com\/no\/wp-json\/wp\/v2\/types\/product"}],"replies":[{"embeddable":true,"href":"https:\/\/aromasentia.com\/no\/wp-json\/wp\/v2\/comments?post=210393"}],"version-history":[{"count":0,"href":"https:\/\/aromasentia.com\/no\/wp-json\/wp\/v2\/product\/210393\/revisions"}],"wp:featuredmedia":[{"embeddable":true,"href":"https:\/\/aromasentia.com\/no\/wp-json\/wp\/v2\/media\/253772"}],"wp:attachment":[{"href":"https:\/\/aromasentia.com\/no\/wp-json\/wp\/v2\/media?parent=210393"}],"wp:term":[{"taxonomy":"product_brand","embeddable":true,"href":"https:\/\/aromasentia.com\/no\/wp-json\/wp\/v2\/product_brand?post=210393"},{"taxonomy":"product_cat","embeddable":true,"href":"https:\/\/aromasentia.com\/no\/wp-json\/wp\/v2\/product_cat?post=210393"},{"taxonomy":"product_tag","embeddable":true,"href":"https:\/\/aromasentia.com\/no\/wp-json\/wp\/v2\/product_tag?post=210393"}],"curies":[{"name":"wp","href":"https:\/\/api.w.org\/{rel}","templated":true}]}}