{"id":210390,"date":"2025-03-20T14:25:16","date_gmt":"2025-03-20T14:25:16","guid":{"rendered":"https:\/\/aromasentia.com\/product\/box-of-140ml-reed-diffuser-fell-berry\/"},"modified":"2025-05-31T07:23:18","modified_gmt":"2025-05-31T07:23:18","slug":"fell-berry-duftpinner-140ml","status":"publish","type":"product","link":"https:\/\/aromasentia.com\/no\/fell-berry-duftpinner-140ml\/","title":{"rendered":"Fell Berry Duftpinner 140ml"},"content":{"rendered":"<p>Oppdag den rustikke sjarmen til Fell Berry med denne fortryllende 140 ml sivdiffusoren. Denne duften fremkaller bilder av ville b\u00e6r som er plukket fra forrevne, forbl\u00e5ste fjell, og byr p\u00e5 en herlig blanding av saftige, lett syrlige og subtile jordn\u00e6re noter. Det er en duft som forbinder deg med naturens utemmede skj\u00f8nnhet og fyller hjemmet ditt med en beroligende og oppkvikkende aroma. La den rike, b\u00e6raktige duften kontinuerlig l\u00f8fte rommet ditt og skape en varm, innbydende atmosf\u00e6re som forteller om naturlig overflod og enkle gleder som finnes i naturen.<\/p>\n","protected":false},"excerpt":{"rendered":"<p>Oppdag den rustikke sjarmen til Fell Berry med denne fortryllende 140 ml sivdiffusoren. Denne duften fremkaller bilder av ville b\u00e6r som er plukket fra forrevne, forbl\u00e5ste fjell, og byr p\u00e5 en herlig blanding av saftige, lett syrlige og subtile jordn\u00e6re noter. Det er en duft som forbinder deg med naturens utemmede skj\u00f8nnhet og fyller hjemmet [&hellip;]<\/p>\n","protected":false},"featured_media":666380,"comment_status":"closed","ping_status":"open","template":"","meta":{"_angie_page":false},"product_brand":[27083],"product_cat":[9081,9082],"product_tag":[],"class_list":{"0":"post-210390","1":"product","2":"type-product","3":"status-publish","4":"has-post-thumbnail","6":"product_brand-agnes-and-cat","7":"product_cat-aroma-diffuser-aromalamper-og-duftpinner","8":"product_cat-duftpinner","9":"pa_collection-reed-diffusers-140ml-no","10":"pa_made-in-storbritannia","11":"pa_size-140ml","13":"first","14":"instock","15":"purchasable","16":"product-type-simple"},"supplier_id":null,"supplier_sku":"ACD-03DS","barcode":null,"atum_controlled":true,"out_stock_date":null,"out_stock_threshold":null,"inheritable":false,"inbound_stock":null,"stock_on_hold":0,"sold_today":0,"sales_last_days":0,"reserved_stock":null,"customer_returns":null,"warehouse_damage":null,"lost_in_post":null,"other_logs":null,"out_stock_days":0,"lost_sales":0,"has_location":null,"update_date":"2026-04-27T07:27:46","atum_locations":[],"atum_stock_status":"instock","restock_status":false,"low_stock_amount":"","sales_update_date":"2026-01-30T01:26:40","calc_backorders":null,"_links":{"self":[{"href":"https:\/\/aromasentia.com\/no\/wp-json\/wp\/v2\/product\/210390","targetHints":{"allow":["GET"]}}],"collection":[{"href":"https:\/\/aromasentia.com\/no\/wp-json\/wp\/v2\/product"}],"about":[{"href":"https:\/\/aromasentia.com\/no\/wp-json\/wp\/v2\/types\/product"}],"replies":[{"embeddable":true,"href":"https:\/\/aromasentia.com\/no\/wp-json\/wp\/v2\/comments?post=210390"}],"version-history":[{"count":0,"href":"https:\/\/aromasentia.com\/no\/wp-json\/wp\/v2\/product\/210390\/revisions"}],"wp:featuredmedia":[{"embeddable":true,"href":"https:\/\/aromasentia.com\/no\/wp-json\/wp\/v2\/media\/666380"}],"wp:attachment":[{"href":"https:\/\/aromasentia.com\/no\/wp-json\/wp\/v2\/media?parent=210390"}],"wp:term":[{"taxonomy":"product_brand","embeddable":true,"href":"https:\/\/aromasentia.com\/no\/wp-json\/wp\/v2\/product_brand?post=210390"},{"taxonomy":"product_cat","embeddable":true,"href":"https:\/\/aromasentia.com\/no\/wp-json\/wp\/v2\/product_cat?post=210390"},{"taxonomy":"product_tag","embeddable":true,"href":"https:\/\/aromasentia.com\/no\/wp-json\/wp\/v2\/product_tag?post=210390"}],"curies":[{"name":"wp","href":"https:\/\/api.w.org\/{rel}","templated":true}]}}