{"id":210389,"date":"2025-03-20T14:25:16","date_gmt":"2025-03-20T14:25:16","guid":{"rendered":"https:\/\/aromasentia.com\/product\/box-of-140ml-reed-diffuser-clementine\/"},"modified":"2025-05-31T07:23:11","modified_gmt":"2025-05-31T07:23:11","slug":"clementine-duftpinner-140ml","status":"publish","type":"product","link":"https:\/\/aromasentia.com\/no\/clementine-duftpinner-140ml\/","title":{"rendered":"Clementine Duftpinner 140ml"},"content":{"rendered":"<p>Lys opp omgivelsene dine med den glade gleden fra v\u00e5r Clementine sivdiffusor. Denne 140 ml diffusoren utstr\u00e5ler en fantastisk oppl\u00f8ftende og s\u00f8t sitrusduft, som fanger den rene, solmodne essensen av nyskrelte klementiner. De livlige og muntre tonene skaper \u00f8yeblikkelig en livlig og innbydende atmosf\u00e6re, perfekt for \u00e5 gi energi til rommet ditt og l\u00f8fte hum\u00f8ret. Nyt den kontinuerlige spredningen av denne glitrende, glade duften, som bringer et snev av solskinn og forfriskende klarhet inn i hverdagen din, og f\u00e5r ethvert rom til \u00e5 f\u00f8les mer levende og innbydende.<\/p>\n","protected":false},"excerpt":{"rendered":"<p>Lys opp omgivelsene dine med den glade gleden fra v\u00e5r Clementine sivdiffusor. Denne 140 ml diffusoren utstr\u00e5ler en fantastisk oppl\u00f8ftende og s\u00f8t sitrusduft, som fanger den rene, solmodne essensen av nyskrelte klementiner. De livlige og muntre tonene skaper \u00f8yeblikkelig en livlig og innbydende atmosf\u00e6re, perfekt for \u00e5 gi energi til rommet ditt og l\u00f8fte hum\u00f8ret. [&hellip;]<\/p>\n","protected":false},"featured_media":254690,"comment_status":"closed","ping_status":"open","template":"","meta":{"_angie_page":false},"product_brand":[27083],"product_cat":[9081,9082],"product_tag":[],"class_list":{"0":"post-210389","1":"product","2":"type-product","3":"status-publish","4":"has-post-thumbnail","6":"product_brand-agnes-and-cat","7":"product_cat-aroma-diffuser-aromalamper-og-duftpinner","8":"product_cat-duftpinner","9":"pa_collection-reed-diffusers-140ml-no","10":"pa_made-in-storbritannia","11":"pa_size-140ml","13":"first","14":"instock","15":"purchasable","16":"product-type-simple"},"supplier_id":null,"supplier_sku":"ACD-23DS","barcode":null,"atum_controlled":true,"out_stock_date":null,"out_stock_threshold":null,"inheritable":false,"inbound_stock":null,"stock_on_hold":0,"sold_today":0,"sales_last_days":0,"reserved_stock":null,"customer_returns":null,"warehouse_damage":null,"lost_in_post":null,"other_logs":null,"out_stock_days":0,"lost_sales":0,"has_location":null,"update_date":"2026-04-27T07:27:46","atum_locations":[],"atum_stock_status":"instock","restock_status":false,"low_stock_amount":"","sales_update_date":"2026-01-30T01:26:39","calc_backorders":null,"_links":{"self":[{"href":"https:\/\/aromasentia.com\/no\/wp-json\/wp\/v2\/product\/210389","targetHints":{"allow":["GET"]}}],"collection":[{"href":"https:\/\/aromasentia.com\/no\/wp-json\/wp\/v2\/product"}],"about":[{"href":"https:\/\/aromasentia.com\/no\/wp-json\/wp\/v2\/types\/product"}],"replies":[{"embeddable":true,"href":"https:\/\/aromasentia.com\/no\/wp-json\/wp\/v2\/comments?post=210389"}],"version-history":[{"count":0,"href":"https:\/\/aromasentia.com\/no\/wp-json\/wp\/v2\/product\/210389\/revisions"}],"wp:featuredmedia":[{"embeddable":true,"href":"https:\/\/aromasentia.com\/no\/wp-json\/wp\/v2\/media\/254690"}],"wp:attachment":[{"href":"https:\/\/aromasentia.com\/no\/wp-json\/wp\/v2\/media?parent=210389"}],"wp:term":[{"taxonomy":"product_brand","embeddable":true,"href":"https:\/\/aromasentia.com\/no\/wp-json\/wp\/v2\/product_brand?post=210389"},{"taxonomy":"product_cat","embeddable":true,"href":"https:\/\/aromasentia.com\/no\/wp-json\/wp\/v2\/product_cat?post=210389"},{"taxonomy":"product_tag","embeddable":true,"href":"https:\/\/aromasentia.com\/no\/wp-json\/wp\/v2\/product_tag?post=210389"}],"curies":[{"name":"wp","href":"https:\/\/api.w.org\/{rel}","templated":true}]}}