{"id":210387,"date":"2025-03-20T14:25:16","date_gmt":"2025-03-20T14:25:16","guid":{"rendered":"https:\/\/aromasentia.com\/product\/box-of-140ml-reed-diffuser-windermere\/"},"modified":"2025-05-31T07:22:55","modified_gmt":"2025-05-31T07:22:55","slug":"windermere-duftpinner-140ml","status":"publish","type":"product","link":"https:\/\/aromasentia.com\/no\/windermere-duftpinner-140ml\/","title":{"rendered":"Windermere Duftpinner 140ml"},"content":{"rendered":"<p>Senk rommet ditt ned i den rolige essensen av Windermere. Denne 140 ml sivdiffusoren frigj\u00f8r forsiktig en forfriskende og rolig aroma som minner om en mild bris over en rolig innsj\u00f8, omgitt av frodige gr\u00f8ntomr\u00e5der. Det er en perfekt m\u00e5te \u00e5 bringe den friske, rene \u00e5nden fra naturen inn i hjemmet ditt og skape en atmosf\u00e6re av fred og klarhet. La den subtile, kontinuerlige duften transportere deg til et sted med naturlig skj\u00f8nnhet og stille kontemplasjon, og la den uanstrengt forbedre omgivelsene dine dag etter dag med sin fengslende og beroligende tilstedev\u00e6relse.<\/p>\n","protected":false},"excerpt":{"rendered":"<p>Senk rommet ditt ned i den rolige essensen av Windermere. Denne 140 ml sivdiffusoren frigj\u00f8r forsiktig en forfriskende og rolig aroma som minner om en mild bris over en rolig innsj\u00f8, omgitt av frodige gr\u00f8ntomr\u00e5der. Det er en perfekt m\u00e5te \u00e5 bringe den friske, rene \u00e5nden fra naturen inn i hjemmet ditt og skape en [&hellip;]<\/p>\n","protected":false},"featured_media":666372,"comment_status":"closed","ping_status":"open","template":"","meta":{"_angie_page":false},"product_brand":[27083],"product_cat":[9081,9082],"product_tag":[],"class_list":{"0":"post-210387","1":"product","2":"type-product","3":"status-publish","4":"has-post-thumbnail","6":"product_brand-agnes-and-cat","7":"product_cat-aroma-diffuser-aromalamper-og-duftpinner","8":"product_cat-duftpinner","9":"pa_collection-reed-diffusers-140ml-no","10":"pa_made-in-storbritannia","11":"pa_size-140ml","13":"first","14":"instock","15":"purchasable","16":"product-type-simple"},"supplier_id":null,"supplier_sku":"ACD-01DS","barcode":null,"atum_controlled":true,"out_stock_date":null,"out_stock_threshold":null,"inheritable":false,"inbound_stock":null,"stock_on_hold":0,"sold_today":0,"sales_last_days":0,"reserved_stock":null,"customer_returns":null,"warehouse_damage":null,"lost_in_post":null,"other_logs":null,"out_stock_days":0,"lost_sales":0,"has_location":null,"update_date":"2026-04-27T07:27:46","atum_locations":[],"atum_stock_status":"instock","restock_status":false,"low_stock_amount":"","sales_update_date":"2026-01-30T01:25:36","calc_backorders":null,"_links":{"self":[{"href":"https:\/\/aromasentia.com\/no\/wp-json\/wp\/v2\/product\/210387","targetHints":{"allow":["GET"]}}],"collection":[{"href":"https:\/\/aromasentia.com\/no\/wp-json\/wp\/v2\/product"}],"about":[{"href":"https:\/\/aromasentia.com\/no\/wp-json\/wp\/v2\/types\/product"}],"replies":[{"embeddable":true,"href":"https:\/\/aromasentia.com\/no\/wp-json\/wp\/v2\/comments?post=210387"}],"version-history":[{"count":0,"href":"https:\/\/aromasentia.com\/no\/wp-json\/wp\/v2\/product\/210387\/revisions"}],"wp:featuredmedia":[{"embeddable":true,"href":"https:\/\/aromasentia.com\/no\/wp-json\/wp\/v2\/media\/666372"}],"wp:attachment":[{"href":"https:\/\/aromasentia.com\/no\/wp-json\/wp\/v2\/media?parent=210387"}],"wp:term":[{"taxonomy":"product_brand","embeddable":true,"href":"https:\/\/aromasentia.com\/no\/wp-json\/wp\/v2\/product_brand?post=210387"},{"taxonomy":"product_cat","embeddable":true,"href":"https:\/\/aromasentia.com\/no\/wp-json\/wp\/v2\/product_cat?post=210387"},{"taxonomy":"product_tag","embeddable":true,"href":"https:\/\/aromasentia.com\/no\/wp-json\/wp\/v2\/product_tag?post=210387"}],"curies":[{"name":"wp","href":"https:\/\/api.w.org\/{rel}","templated":true}]}}