{"id":210383,"date":"2025-03-20T14:25:16","date_gmt":"2025-03-20T14:25:16","guid":{"rendered":"https:\/\/aromasentia.com\/product\/aromatherapy-bath-potion-in-kraft-bag-350g-wake-up\/"},"modified":"2025-05-31T07:22:23","modified_gmt":"2025-05-31T07:22:23","slug":"aromatherapy-bath-potion-bag-350g-wake-up","status":"publish","type":"product","link":"https:\/\/aromasentia.com\/no\/aromatherapy-bath-potion-bag-350g-wake-up\/","title":{"rendered":"Aromatherapy Bath Potion Bag 350g &#8211; Wake Up"},"content":{"rendered":"<p>Aroma Sentia **Aromaterapi-badedrikker &#8211; Wake UP** er laget med en kunstferdig blanding av rene essensielle oljer i havsalt p\u00e5 produksjonsstedet v\u00e5rt i Sheffield. De selges i 350 g kraftposer, og er den perfekte gaven \u00e5 gi til dine kj\u00e6re eller for \u00e5 skjemme deg bort. Denne badedrikken vil slappe av kroppen din, gi deg energi og klarne tankene dine.<\/p>\n<p>Tilsett 2 eller 3 teskjeer badesalt i et rennende badekar for en aromaterapi-badeopplevelse. Hvis du \u00f8nsker en stor mengde, er badedrikker ogs\u00e5 tilgjengelige i 7 kg juteposer.<\/p>\n<p>Bestill i dag for \u00e5 tilby kundene dine den magiske badeopplevelsen.<\/p>\n","protected":false},"excerpt":{"rendered":"<p>Aroma Sentia **Aromaterapi-badedrikker &#8211; Wake UP** er laget med en kunstferdig blanding av rene essensielle oljer i havsalt p\u00e5 produksjonsstedet v\u00e5rt i Sheffield. De selges i 350 g kraftposer, og er den perfekte gaven \u00e5 gi til dine kj\u00e6re eller for \u00e5 skjemme deg bort. Denne badedrikken vil slappe av kroppen din, gi deg energi [&hellip;]<\/p>\n","protected":false},"featured_media":254612,"comment_status":"closed","ping_status":"open","template":"","meta":{"_angie_page":false},"product_brand":[],"product_cat":[9413,9466],"product_tag":[],"class_list":{"0":"post-210383","1":"product","2":"type-product","3":"status-publish","4":"has-post-thumbnail","6":"product_cat-bad-spa-og-personlig-pleie","7":"product_cat-badesalt","8":"pa_collection-aromatherapy-bath-potion-350g-no","9":"pa_made-in-storbritannia","10":"pa_size-350g","12":"first","13":"instock","14":"purchasable","15":"product-type-simple"},"supplier_id":null,"supplier_sku":"ABPC-05","barcode":null,"atum_controlled":true,"out_stock_date":null,"out_stock_threshold":null,"inheritable":false,"inbound_stock":null,"stock_on_hold":0,"sold_today":0,"sales_last_days":0,"reserved_stock":null,"customer_returns":null,"warehouse_damage":null,"lost_in_post":null,"other_logs":null,"out_stock_days":0,"lost_sales":0,"has_location":null,"update_date":"2026-04-27T06:49:04","atum_locations":[],"atum_stock_status":"instock","restock_status":false,"low_stock_amount":"","sales_update_date":"2025-10-09T03:22:27","calc_backorders":null,"_links":{"self":[{"href":"https:\/\/aromasentia.com\/no\/wp-json\/wp\/v2\/product\/210383","targetHints":{"allow":["GET"]}}],"collection":[{"href":"https:\/\/aromasentia.com\/no\/wp-json\/wp\/v2\/product"}],"about":[{"href":"https:\/\/aromasentia.com\/no\/wp-json\/wp\/v2\/types\/product"}],"replies":[{"embeddable":true,"href":"https:\/\/aromasentia.com\/no\/wp-json\/wp\/v2\/comments?post=210383"}],"version-history":[{"count":0,"href":"https:\/\/aromasentia.com\/no\/wp-json\/wp\/v2\/product\/210383\/revisions"}],"wp:featuredmedia":[{"embeddable":true,"href":"https:\/\/aromasentia.com\/no\/wp-json\/wp\/v2\/media\/254612"}],"wp:attachment":[{"href":"https:\/\/aromasentia.com\/no\/wp-json\/wp\/v2\/media?parent=210383"}],"wp:term":[{"taxonomy":"product_brand","embeddable":true,"href":"https:\/\/aromasentia.com\/no\/wp-json\/wp\/v2\/product_brand?post=210383"},{"taxonomy":"product_cat","embeddable":true,"href":"https:\/\/aromasentia.com\/no\/wp-json\/wp\/v2\/product_cat?post=210383"},{"taxonomy":"product_tag","embeddable":true,"href":"https:\/\/aromasentia.com\/no\/wp-json\/wp\/v2\/product_tag?post=210383"}],"curies":[{"name":"wp","href":"https:\/\/api.w.org\/{rel}","templated":true}]}}