{"id":210376,"date":"2025-03-20T14:25:16","date_gmt":"2025-03-20T14:25:16","guid":{"rendered":"https:\/\/aromasentia.com\/product\/pink-humidifer-mondo-planet-usb-colour-change-down-light\/"},"modified":"2025-05-31T07:21:55","modified_gmt":"2025-05-31T07:21:55","slug":"rosa-humidifer-mondo-planet-usb-fargeskifte-nedlys","status":"publish","type":"product","link":"https:\/\/aromasentia.com\/no\/rosa-humidifer-mondo-planet-usb-fargeskifte-nedlys\/","title":{"rendered":"Rosa Humidifer Mondo Planet &#8211; USB &#8211; Fargeskifte (Nedlys)"},"content":{"rendered":"<p><strong><span style=\"color: rgb(75, 80, 88);\">Den rosa luftfukteren Mondo Planet<\/span><\/strong><span style=\"color: rgb(75, 80, 88);\">har et moderne, transparent design som appellerer til moderne estetikk og er designet for \u00e5 opprettholde optimale fuktighetsniv\u00e5er, noe som fremmer bedre pust og sunnere hud.<\/span><\/p>\n<p><span style=\"color: rgb(75, 80, 88);\"><strong>Bruksanvisning:<\/strong><\/span><\/p>\n<p><span style=\"color: rgb(75, 80, 88);\"><strong>Lysknapp:<\/strong>Det f\u00f8rste klikket er varmt hvitt lys, det andre klikket er at alle lysene er p\u00e5, det tredje klikket er at lampemodus er p\u00e5, og det fjerde klikket er at lysmodus er av.<\/span><\/p>\n<p><span style=\"color: rgb(75, 80, 88);\"><strong>Sprayknapp:<\/strong> Trykk og hold inne f\u00f8rste gang for \u00e5 sl\u00e5 p\u00e5 sprayen, og trykk og hold inne igjen for \u00e5 sl\u00e5 av sprayen.<\/span><\/p>\n<p><span style=\"color: rgb(75, 80, 88);\"><strong>Vannp\u00e5fyllingsmetode:<\/strong>Ta tak i bunnen av vanntanken med h\u00e5nden, \u00e5pne vanntanken i retningen som er angitt p\u00e5 etiketten og tilsett vann. Etter at du har tilsatt vann, l\u00e5s innsiden av vanntanken. Juster merkingen med hoveddelen, roter med klokken for \u00e5 l\u00e5se vanntanken og mot klokken for \u00e5 \u00e5pne vanntanken.<\/span><\/p>\n<p><span style=\"color: rgb(75, 80, 88);\"><strong>Merk:<\/strong> Denne maskinen er utstyrt med to bomullspinner (\u00e9n til reserve). For f\u00f8rste gangs bruk, fjern hylsen og bomullspinnen fra tilbeh\u00f8rsposen. Etter at du har dynket bomullspinnen helt i vannet, setter du den inn i hylsen og fester hylsen som inneholder bomullspinnen p\u00e5 den indre braketten p\u00e5 vanntanken over maksimalt vanniv\u00e5. Stram vanntanken og f\u00f8lg instruksjonene for \u00e5 begynne \u00e5 jobbe.<\/span><\/p>\n","protected":false},"excerpt":{"rendered":"<p>Den rosa luftfukteren Mondo Planethar et moderne, transparent design som appellerer til moderne estetikk og er designet for \u00e5 opprettholde optimale fuktighetsniv\u00e5er, noe som fremmer bedre pust og sunnere hud. Bruksanvisning: Lysknapp:Det f\u00f8rste klikket er varmt hvitt lys, det andre klikket er at alle lysene er p\u00e5, det tredje klikket er at lampemodus er p\u00e5, [&hellip;]<\/p>\n","protected":false},"featured_media":254437,"comment_status":"closed","ping_status":"open","template":"","meta":{"_angie_page":false},"product_brand":[],"product_cat":[9065],"product_tag":[],"class_list":{"0":"post-210376","1":"product","2":"type-product","3":"status-publish","4":"has-post-thumbnail","6":"product_cat-aromaterapi-og-romduft","7":"pa_collection-electronic-led-colour-aroma-diffusers-no","8":"pa_made-in-kina","10":"first","11":"instock","12":"purchasable","13":"product-type-simple"},"supplier_id":null,"supplier_sku":"AATOM-34","barcode":null,"atum_controlled":true,"out_stock_date":null,"out_stock_threshold":null,"inheritable":false,"inbound_stock":null,"stock_on_hold":0,"sold_today":0,"sales_last_days":0,"reserved_stock":null,"customer_returns":null,"warehouse_damage":null,"lost_in_post":null,"other_logs":null,"out_stock_days":0,"lost_sales":0,"has_location":null,"update_date":"2026-05-09T13:16:10","atum_locations":[],"atum_stock_status":"instock","restock_status":false,"low_stock_amount":"","sales_update_date":"2026-01-30T01:26:00","calc_backorders":null,"_links":{"self":[{"href":"https:\/\/aromasentia.com\/no\/wp-json\/wp\/v2\/product\/210376","targetHints":{"allow":["GET"]}}],"collection":[{"href":"https:\/\/aromasentia.com\/no\/wp-json\/wp\/v2\/product"}],"about":[{"href":"https:\/\/aromasentia.com\/no\/wp-json\/wp\/v2\/types\/product"}],"replies":[{"embeddable":true,"href":"https:\/\/aromasentia.com\/no\/wp-json\/wp\/v2\/comments?post=210376"}],"version-history":[{"count":0,"href":"https:\/\/aromasentia.com\/no\/wp-json\/wp\/v2\/product\/210376\/revisions"}],"wp:featuredmedia":[{"embeddable":true,"href":"https:\/\/aromasentia.com\/no\/wp-json\/wp\/v2\/media\/254437"}],"wp:attachment":[{"href":"https:\/\/aromasentia.com\/no\/wp-json\/wp\/v2\/media?parent=210376"}],"wp:term":[{"taxonomy":"product_brand","embeddable":true,"href":"https:\/\/aromasentia.com\/no\/wp-json\/wp\/v2\/product_brand?post=210376"},{"taxonomy":"product_cat","embeddable":true,"href":"https:\/\/aromasentia.com\/no\/wp-json\/wp\/v2\/product_cat?post=210376"},{"taxonomy":"product_tag","embeddable":true,"href":"https:\/\/aromasentia.com\/no\/wp-json\/wp\/v2\/product_tag?post=210376"}],"curies":[{"name":"wp","href":"https:\/\/api.w.org\/{rel}","templated":true}]}}