{"id":210373,"date":"2025-03-20T14:25:16","date_gmt":"2025-03-20T14:25:16","guid":{"rendered":"https:\/\/aromasentia.com\/product\/urban-aroma-diffuser-white-bronze-usb-colour-change\/"},"modified":"2025-05-31T07:21:41","modified_gmt":"2025-05-31T07:21:41","slug":"urban-aroma-diffuser-duftspreder-hvit-og-bronse-usb-fargeendring","status":"publish","type":"product","link":"https:\/\/aromasentia.com\/no\/urban-aroma-diffuser-duftspreder-hvit-og-bronse-usb-fargeendring\/","title":{"rendered":"Urban Aroma Diffuser Duftspreder Hvit Og Bronse &#8211; USB &#8211; Fargeendring"},"content":{"rendered":"<p><span style=\"color: rgb(75, 80, 88);\">Nattlys aromaterapi-luftfukter med nattlysfunksjon.<\/span><\/p>\n<p><span style=\"color: rgb(75, 80, 88);\"><em><strong>Bruk en type C-kontakt til en str\u00f8mforsyning.<\/strong><\/em><\/span><\/p>\n<p><em><strong><span style=\"color: rgb(75, 80, 88);\">M\u00e5l: 12&#215;8,8&#215;8,8cm<\/span><\/strong><\/em><\/p>\n<p><span style=\"color: rgb(75, 80, 88);\"><strong><em>Vanntankkapasitet: 120ml<\/em><\/strong><\/span><\/p>\n<p><span style=\"color: rgb(75, 80, 88);\"><strong>Bruksanvisning:<\/strong><\/span><\/p>\n<p><span style=\"color: rgb(75, 80, 88);\"><strong>Tilsett vann<\/strong> f\u00f8r du bruker dette produktet. Det er forbudt \u00e5 bruke fuktighetsfunksjonen ved vannmangel.<\/span><\/p>\n<p><span style=\"color: rgb(75, 80, 88);\"><strong>N\u00e5r du \u00e5pner produktet<\/strong>, m\u00e5 du ikke vaske det direkte med springen for \u00e5 unng\u00e5 kortslutning.<\/span><\/p>\n<p><span style=\"color: rgb(75, 80, 88);\"><strong>N\u00e5r produktet sl\u00e5s p\u00e5,<\/strong> blinker RGB-lysene \u00e9n gang (0,5 sekunder hver)<\/span><\/p>\n<p><span style=\"color: rgb(75, 80, 88);\"><strong>Trykk kort \u00e9n gang<\/strong> for \u00e5 starte sprayingen. Viften vil rotere, og RGB-lysene vil sl\u00e5 seg p\u00e5 i fargerike sykluser. Trykk deretter kort igjen for \u00e5 sl\u00e5 av.<\/span><\/p>\n<p><span style=\"color: rgb(75, 80, 88);\"><strong>Under funksjonen<\/strong>, trykk lenge i 2 sekunder for \u00e5 fikse fargen, og lyset vil sl\u00e5 seg p\u00e5. Trykk deretter lenge i 2 sekunder for \u00e5 sl\u00e5 av lyset.<\/span><\/p>\n","protected":false},"excerpt":{"rendered":"<p>Nattlys aromaterapi-luftfukter med nattlysfunksjon. Bruk en type C-kontakt til en str\u00f8mforsyning. M\u00e5l: 12&#215;8,8&#215;8,8cm Vanntankkapasitet: 120ml Bruksanvisning: Tilsett vann f\u00f8r du bruker dette produktet. Det er forbudt \u00e5 bruke fuktighetsfunksjonen ved vannmangel. N\u00e5r du \u00e5pner produktet, m\u00e5 du ikke vaske det direkte med springen for \u00e5 unng\u00e5 kortslutning. N\u00e5r produktet sl\u00e5s p\u00e5, blinker RGB-lysene \u00e9n gang [&hellip;]<\/p>\n","protected":false},"featured_media":254330,"comment_status":"closed","ping_status":"open","template":"","meta":[],"product_brand":[],"product_cat":[9065],"product_tag":[],"class_list":{"0":"post-210373","1":"product","2":"type-product","3":"status-publish","4":"has-post-thumbnail","6":"product_cat-aromaterapi-og-romduft","7":"pa_collection-electronic-led-colour-aroma-diffusers-no","8":"pa_made-in-kina","10":"first","11":"instock","12":"purchasable","13":"product-type-simple"},"supplier_id":null,"supplier_sku":"AATOM-31","barcode":null,"atum_controlled":true,"out_stock_date":null,"out_stock_threshold":null,"inheritable":false,"inbound_stock":null,"stock_on_hold":0,"sold_today":0,"sales_last_days":0,"reserved_stock":null,"customer_returns":null,"warehouse_damage":null,"lost_in_post":null,"other_logs":null,"out_stock_days":0,"lost_sales":0,"has_location":null,"update_date":"2026-02-10T10:29:39","atum_locations":[],"atum_stock_status":"instock","restock_status":false,"low_stock_amount":"","sales_update_date":"2025-10-09T03:22:17","calc_backorders":null,"_links":{"self":[{"href":"https:\/\/aromasentia.com\/no\/wp-json\/wp\/v2\/product\/210373","targetHints":{"allow":["GET"]}}],"collection":[{"href":"https:\/\/aromasentia.com\/no\/wp-json\/wp\/v2\/product"}],"about":[{"href":"https:\/\/aromasentia.com\/no\/wp-json\/wp\/v2\/types\/product"}],"replies":[{"embeddable":true,"href":"https:\/\/aromasentia.com\/no\/wp-json\/wp\/v2\/comments?post=210373"}],"version-history":[{"count":0,"href":"https:\/\/aromasentia.com\/no\/wp-json\/wp\/v2\/product\/210373\/revisions"}],"wp:featuredmedia":[{"embeddable":true,"href":"https:\/\/aromasentia.com\/no\/wp-json\/wp\/v2\/media\/254330"}],"wp:attachment":[{"href":"https:\/\/aromasentia.com\/no\/wp-json\/wp\/v2\/media?parent=210373"}],"wp:term":[{"taxonomy":"product_brand","embeddable":true,"href":"https:\/\/aromasentia.com\/no\/wp-json\/wp\/v2\/product_brand?post=210373"},{"taxonomy":"product_cat","embeddable":true,"href":"https:\/\/aromasentia.com\/no\/wp-json\/wp\/v2\/product_cat?post=210373"},{"taxonomy":"product_tag","embeddable":true,"href":"https:\/\/aromasentia.com\/no\/wp-json\/wp\/v2\/product_tag?post=210373"}],"curies":[{"name":"wp","href":"https:\/\/api.w.org\/{rel}","templated":true}]}}