{"id":210372,"date":"2025-03-20T14:25:16","date_gmt":"2025-03-20T14:25:16","guid":{"rendered":"https:\/\/aromasentia.com\/product\/double-switchable-essential-oil-waterless-nebulizer-usb-to-c\/"},"modified":"2025-05-31T07:21:36","modified_gmt":"2025-05-31T07:21:36","slug":"dobbel-byttbar-vannfri-aroma-diffuser-duftspreder-for-eteriske-oljer-usb-til-c","status":"publish","type":"product","link":"https:\/\/aromasentia.com\/no\/dobbel-byttbar-vannfri-aroma-diffuser-duftspreder-for-eteriske-oljer-usb-til-c\/","title":{"rendered":"Dobbel (Byttbar) Vannfri Aroma Diffuser Duftspreder For Eteriske Oljer &#8211; USB Til C"},"content":{"rendered":"<p><span style=\"color: rgb(75, 80, 88);\"><strong>Dobbel vannfri forst\u00f8ver for essensiell olje<\/strong>trenger ikke vann eller varme. Den forst\u00f8ver den essensielle oljen direkte til partikler p\u00e5 1\u20133 nanometer, noe som ikke skader oljens molekyl\u00e6re struktur og forbedrer duften.<\/span><\/p>\n<p><span style=\"color: rgb(75, 80, 88);\">For f\u00f8rste gangs bruk, trykk forsiktig p\u00e5 knappen nederst med fingrene. Ta ut den tomme flasken og erstatt den med en ny flaske med essensiell olje, og sett deretter dysen p\u00e5 plass. Sett tilbake p\u00e5 plass det originale produktet. Trekantsymbolene p\u00e5 dysen m\u00e5 samsvare med hverandre.<\/span><\/p>\n<p><span style=\"color: rgb(75, 80, 88);\"><strong>Merk:<\/strong>N\u00e5r du bytter flaske med essensiell olje, se f\u00f8lgende figur: Hvis den essensielle oljen ikke er brukt opp under utskiftingen, m\u00e5 du sette opp maskinen. Stram til dyseenheten og monter den i tilfelle den ikke kan fjernes.<\/span><\/p>\n<p><span style=\"color: rgb(75, 80, 88);\">Produktet lades med 5V DC-spenning, som kan lades med en USB-portadapter eller en billader med en USB-port. N\u00e5r produktet lades, lyser ladelampen for Type-C. N\u00e5r batteriet er fulladet, lyser ladelampen alltid r\u00f8dt.<\/span><\/p>\n<p><span style=\"color: rgb(75, 80, 88);\">N\u00e5r den er p\u00e5sl\u00e5tt, og den gjenv\u00e6rende batterikapasiteten er mindre enn 15 %, vil ladelampen over Type-C lyse r\u00f8dt og blinke 3 ganger i l\u00f8pet av 1 sekund (hurtig blinking), noe som indikerer at den m\u00e5 lades.<\/span><\/p>\n<p><span style=\"color: rgb(75, 80, 88);\"><strong>Passer for essensielle oljer p\u00e5 flaske p\u00e5 10 ml.<\/strong><\/span><\/p>\n","protected":false},"excerpt":{"rendered":"<p>Dobbel vannfri forst\u00f8ver for essensiell oljetrenger ikke vann eller varme. Den forst\u00f8ver den essensielle oljen direkte til partikler p\u00e5 1\u20133 nanometer, noe som ikke skader oljens molekyl\u00e6re struktur og forbedrer duften. For f\u00f8rste gangs bruk, trykk forsiktig p\u00e5 knappen nederst med fingrene. Ta ut den tomme flasken og erstatt den med en ny flaske med [&hellip;]<\/p>\n","protected":false},"featured_media":254289,"comment_status":"closed","ping_status":"open","template":"","meta":{"_angie_page":false},"product_brand":[],"product_cat":[9065],"product_tag":[],"class_list":{"0":"post-210372","1":"product","2":"type-product","3":"status-publish","4":"has-post-thumbnail","6":"product_cat-aromaterapi-og-romduft","7":"pa_collection-electronic-led-colour-aroma-diffusers-no","8":"pa_made-in-kina","10":"first","11":"instock","12":"purchasable","13":"product-type-simple"},"supplier_id":null,"supplier_sku":"AATOM-37","barcode":null,"atum_controlled":true,"out_stock_date":null,"out_stock_threshold":null,"inheritable":false,"inbound_stock":null,"stock_on_hold":0,"sold_today":0,"sales_last_days":0,"reserved_stock":null,"customer_returns":null,"warehouse_damage":null,"lost_in_post":null,"other_logs":null,"out_stock_days":0,"lost_sales":0,"has_location":null,"update_date":"2026-04-27T06:48:46","atum_locations":[],"atum_stock_status":"instock","restock_status":false,"low_stock_amount":"","sales_update_date":"2026-01-30T01:24:47","calc_backorders":null,"_links":{"self":[{"href":"https:\/\/aromasentia.com\/no\/wp-json\/wp\/v2\/product\/210372","targetHints":{"allow":["GET"]}}],"collection":[{"href":"https:\/\/aromasentia.com\/no\/wp-json\/wp\/v2\/product"}],"about":[{"href":"https:\/\/aromasentia.com\/no\/wp-json\/wp\/v2\/types\/product"}],"replies":[{"embeddable":true,"href":"https:\/\/aromasentia.com\/no\/wp-json\/wp\/v2\/comments?post=210372"}],"version-history":[{"count":0,"href":"https:\/\/aromasentia.com\/no\/wp-json\/wp\/v2\/product\/210372\/revisions"}],"wp:featuredmedia":[{"embeddable":true,"href":"https:\/\/aromasentia.com\/no\/wp-json\/wp\/v2\/media\/254289"}],"wp:attachment":[{"href":"https:\/\/aromasentia.com\/no\/wp-json\/wp\/v2\/media?parent=210372"}],"wp:term":[{"taxonomy":"product_brand","embeddable":true,"href":"https:\/\/aromasentia.com\/no\/wp-json\/wp\/v2\/product_brand?post=210372"},{"taxonomy":"product_cat","embeddable":true,"href":"https:\/\/aromasentia.com\/no\/wp-json\/wp\/v2\/product_cat?post=210372"},{"taxonomy":"product_tag","embeddable":true,"href":"https:\/\/aromasentia.com\/no\/wp-json\/wp\/v2\/product_tag?post=210372"}],"curies":[{"name":"wp","href":"https:\/\/api.w.org\/{rel}","templated":true}]}}