{"id":210371,"date":"2025-03-20T14:25:16","date_gmt":"2025-03-20T14:25:16","guid":{"rendered":"https:\/\/aromasentia.com\/product\/mini-single-waterless-oil-nebulizer-usb-to-c-movement-dectector\/"},"modified":"2025-05-31T07:21:34","modified_gmt":"2025-05-31T07:21:34","slug":"mini-single-waterless-oil-nebulizer-usb-til-c-bevegelsesdetektor","status":"publish","type":"product","link":"https:\/\/aromasentia.com\/no\/mini-single-waterless-oil-nebulizer-usb-til-c-bevegelsesdetektor\/","title":{"rendered":"Mini Single Waterless Oil Nebulizer &#8211; USB Til C &#8211; Bevegelsesdetektor"},"content":{"rendered":"<p><span style=\"color: rgb(75, 80, 88);\">Dette produktet er egnet for 10 ml essensielle oljer p\u00e5 flaske.<\/span><\/p>\n<p><span style=\"color: rgb(75, 80, 88);\"><strong>F\u00f8r f\u00f8rste gangs bruk<\/strong>, fjern st\u00f8vdekselet og snu diffuseren og sett inn flasken med essensiell olje.<\/span><\/p>\n<p><span style=\"color: rgb(75, 80, 88);\">Bruksanvisning:<\/span><\/p>\n<p><span style=\"color: rgb(75, 80, 88);\">Snu diffuseren og sett inn flasken med essensiell olje. Vri med klokken for \u00e5 stramme og mot klokken for \u00e5 l\u00f8sne flasken. (Merk: Ikke fjern gassventilen n\u00e5r du installerer eterisk olje.)<\/span><\/p>\n<p><span style=\"color: rgb(75, 80, 88);\">Roter diffuseren vertikalt, trykk lenge p\u00e5 bryterknappen i 2 sekunder for \u00e5 starte\/stoppe diffuseren, trykk kort for \u00e5 bytte gir.<\/span><\/p>\n<p><span style=\"color: rgb(75, 80, 88);\">F\u00f8rste lange trykk (gult lys): Diffuseren fungerer i 2 sekunder og fungerer deretter i 2 sekunder hver gang den registrerer bevegelse.<\/span><\/p>\n<p><span style=\"color: rgb(75, 80, 88);\">Trykk en gang til (gr\u00f8nt lys) lys duftmodus: jobb i 2 sekunder, med et intervall p\u00e5 10 minutter.<\/span><\/p>\n<p><span style=\"color: rgb(75, 80, 88);\">Trykk en gang til (bl\u00e5tt lys) duftmodus: jobb i 2 sekunder med en intern av 5 minutter.<\/span><\/p>\n<p><span style=\"color: rgb(75, 80, 88);\">Trykk en fjerde gang (hvitt lys) for en sterk duft: arbeid i 2 sekunder med 1 minutts intervaller.<\/span><\/p>\n<p><span style=\"color: rgb(75, 80, 88);\">Indikatorlampen lyser under lading (r\u00f8dt lys) og sl\u00e5r seg av n\u00e5r den er fulladet.<\/span><\/p>\n<p><span style=\"color: rgb(75, 80, 88);\">Langt trykk i 2 sekunder for \u00e5 sl\u00e5 av.<\/span><\/p>\n<p><span style=\"color: rgb(75, 80, 88);\">Sensoravstand: 3 meter \/ 120 grader<\/span><\/p>\n<p><span style=\"color: rgb(75, 80, 88);\">Anvendbart omr\u00e5de: 50\u201380 m2<\/span><\/p>\n<p><span style=\"color: rgb(75, 80, 88);\"><strong>M\u00e5l:<\/strong> 84,6 mm x 74,2 mm<\/span><\/p>\n","protected":false},"excerpt":{"rendered":"<p>Dette produktet er egnet for 10 ml essensielle oljer p\u00e5 flaske. F\u00f8r f\u00f8rste gangs bruk, fjern st\u00f8vdekselet og snu diffuseren og sett inn flasken med essensiell olje. Bruksanvisning: Snu diffuseren og sett inn flasken med essensiell olje. Vri med klokken for \u00e5 stramme og mot klokken for \u00e5 l\u00f8sne flasken. (Merk: Ikke fjern gassventilen n\u00e5r [&hellip;]<\/p>\n","protected":false},"featured_media":254248,"comment_status":"closed","ping_status":"open","template":"","meta":[],"product_brand":[],"product_cat":[9065],"product_tag":[],"class_list":{"0":"post-210371","1":"product","2":"type-product","3":"status-publish","4":"has-post-thumbnail","6":"product_cat-aromaterapi-og-romduft","7":"pa_collection-electronic-led-colour-aroma-diffusers-no","8":"pa_made-in-kina","10":"first","11":"instock","12":"purchasable","13":"product-type-simple"},"supplier_id":null,"supplier_sku":"AATOM-39","barcode":null,"atum_controlled":true,"out_stock_date":null,"out_stock_threshold":null,"inheritable":false,"inbound_stock":null,"stock_on_hold":0,"sold_today":0,"sales_last_days":0,"reserved_stock":null,"customer_returns":null,"warehouse_damage":null,"lost_in_post":null,"other_logs":null,"out_stock_days":0,"lost_sales":0,"has_location":null,"update_date":"2026-02-06T14:22:48","atum_locations":[],"atum_stock_status":"instock","restock_status":false,"low_stock_amount":"","sales_update_date":"2025-10-09T03:22:19","calc_backorders":null,"_links":{"self":[{"href":"https:\/\/aromasentia.com\/no\/wp-json\/wp\/v2\/product\/210371","targetHints":{"allow":["GET"]}}],"collection":[{"href":"https:\/\/aromasentia.com\/no\/wp-json\/wp\/v2\/product"}],"about":[{"href":"https:\/\/aromasentia.com\/no\/wp-json\/wp\/v2\/types\/product"}],"replies":[{"embeddable":true,"href":"https:\/\/aromasentia.com\/no\/wp-json\/wp\/v2\/comments?post=210371"}],"version-history":[{"count":0,"href":"https:\/\/aromasentia.com\/no\/wp-json\/wp\/v2\/product\/210371\/revisions"}],"wp:featuredmedia":[{"embeddable":true,"href":"https:\/\/aromasentia.com\/no\/wp-json\/wp\/v2\/media\/254248"}],"wp:attachment":[{"href":"https:\/\/aromasentia.com\/no\/wp-json\/wp\/v2\/media?parent=210371"}],"wp:term":[{"taxonomy":"product_brand","embeddable":true,"href":"https:\/\/aromasentia.com\/no\/wp-json\/wp\/v2\/product_brand?post=210371"},{"taxonomy":"product_cat","embeddable":true,"href":"https:\/\/aromasentia.com\/no\/wp-json\/wp\/v2\/product_cat?post=210371"},{"taxonomy":"product_tag","embeddable":true,"href":"https:\/\/aromasentia.com\/no\/wp-json\/wp\/v2\/product_tag?post=210371"}],"curies":[{"name":"wp","href":"https:\/\/api.w.org\/{rel}","templated":true}]}}