{"id":210370,"date":"2025-03-20T14:25:16","date_gmt":"2025-03-20T14:25:16","guid":{"rendered":"https:\/\/aromasentia.com\/product\/single-waterless-oil-nebulizer-usb-to-c-yellow\/"},"modified":"2025-05-31T07:21:30","modified_gmt":"2025-05-31T07:21:30","slug":"enkel-vannfri-oljearoma-diffuser-duftspreder-usb-til-c-gul","status":"publish","type":"product","link":"https:\/\/aromasentia.com\/no\/enkel-vannfri-oljearoma-diffuser-duftspreder-usb-til-c-gul\/","title":{"rendered":"Enkel Vannfri OljeAroma Diffuser Duftspreder &#8211; USB Til C Gul"},"content":{"rendered":"<p><span style=\"color: rgb(75, 80, 88);\"><strong>Oppladbar<\/strong>vannfri oljeforst\u00f8ver \u2013 enkel \u00e5 bruke, egnet for 10 ml eller 20 ml flasker.<\/span><\/p>\n<p><span style=\"color: rgb(75, 80, 88);\"><strong>Slik lader du:<\/strong><\/span><\/p>\n<p><span style=\"color: rgb(75, 80, 88);\">Bruk utgangsspenning DC5V, datamaskinens USB-grensesnitt, USB-grensesnittadapter eller billader med USB-grensesnitt. Det r\u00f8de lyset blinker under lading; N\u00e5r den er fulladet, er indikatoren alltid gr\u00f8nn.<\/span><\/p>\n<p><span style=\"color: rgb(75, 80, 88);\">Hvis gjenv\u00e6rende batteristr\u00f8m er lavere enn 20 % i p\u00e5sl\u00e5tt tilstand, vil lyset blinke raskt i alle moduser, noe som krever lading.<\/span><\/p>\n<p><span style=\"color: rgb(75, 80, 88);\">Det tar 2\u20133 timer \u00e5 lade diffuseren helt opp. &nbsp;<\/span><\/p>\n<p><span style=\"color: rgb(75, 80, 88);\"><strong>Bruksanvisning:<\/strong><\/span><\/p>\n<p><span style=\"color: rgb(75, 80, 88);\">Trykk dysen forsiktig ut fra bunnen av diffuseren.<\/span><\/p>\n<p><span style=\"color: rgb(75, 80, 88);\">Fyll eventuell eterisk olje i flasken, og sett deretter flasken tilbake p\u00e5 dysen. V\u00e6r oppmerksom p\u00e5 markeringen for posisjonsretningen p\u00e5 diffuseren.<\/span><\/p>\n<p><span style=\"color: rgb(75, 80, 88);\"><em><strong>Smartmodus:<\/strong>Trykk kort p\u00e5 den \u00f8verste knappen for \u00e5 sl\u00e5 p\u00e5. Den venstre lampen lyser hvitt, som betyr at maskinen g\u00e5r inn i smartmodus og starter\/stopper.<\/em><\/span><\/p>\n<p><span style=\"color: rgb(75, 80, 88);\"><em><strong>Manuell modus:<\/strong> Trykk kort for \u00e5 sl\u00e5 p\u00e5. Den midterste lampen lyser hvitt, som betyr at den er i lett aromamodus. Trykk igjen, den h\u00f8yre lampen lyser og endres til sterk aromamodus.<\/em><\/span><\/p>\n<p><span style=\"color: rgb(75, 80, 88);\"><strong>Anbefales kun \u00e5 brukes med essensielle oljer.<\/strong><\/span><\/p>\n<p><span style=\"color: rgb(75, 80, 88);\"><strong>M\u00e5l: <\/strong>105 mm x 65 mm<\/span><\/p>\n","protected":false},"excerpt":{"rendered":"<p>Oppladbarvannfri oljeforst\u00f8ver \u2013 enkel \u00e5 bruke, egnet for 10 ml eller 20 ml flasker. Slik lader du: Bruk utgangsspenning DC5V, datamaskinens USB-grensesnitt, USB-grensesnittadapter eller billader med USB-grensesnitt. Det r\u00f8de lyset blinker under lading; N\u00e5r den er fulladet, er indikatoren alltid gr\u00f8nn. Hvis gjenv\u00e6rende batteristr\u00f8m er lavere enn 20 % i p\u00e5sl\u00e5tt tilstand, vil lyset blinke [&hellip;]<\/p>\n","protected":false},"featured_media":254207,"comment_status":"closed","ping_status":"open","template":"","meta":{"_angie_page":false},"product_brand":[],"product_cat":[9065],"product_tag":[],"class_list":{"0":"post-210370","1":"product","2":"type-product","3":"status-publish","4":"has-post-thumbnail","6":"product_cat-aromaterapi-og-romduft","7":"pa_collection-electronic-led-colour-aroma-diffusers-no","8":"pa_made-in-kina","10":"first","11":"instock","12":"purchasable","13":"product-type-simple"},"supplier_id":null,"supplier_sku":"AATOM-38","barcode":null,"atum_controlled":true,"out_stock_date":null,"out_stock_threshold":null,"inheritable":false,"inbound_stock":null,"stock_on_hold":0,"sold_today":0,"sales_last_days":0,"reserved_stock":null,"customer_returns":null,"warehouse_damage":null,"lost_in_post":null,"other_logs":null,"out_stock_days":0,"lost_sales":0,"has_location":null,"update_date":"2026-05-08T05:02:33","atum_locations":[],"atum_stock_status":"instock","restock_status":false,"low_stock_amount":"","sales_update_date":"2026-01-30T01:24:31","calc_backorders":null,"_links":{"self":[{"href":"https:\/\/aromasentia.com\/no\/wp-json\/wp\/v2\/product\/210370","targetHints":{"allow":["GET"]}}],"collection":[{"href":"https:\/\/aromasentia.com\/no\/wp-json\/wp\/v2\/product"}],"about":[{"href":"https:\/\/aromasentia.com\/no\/wp-json\/wp\/v2\/types\/product"}],"replies":[{"embeddable":true,"href":"https:\/\/aromasentia.com\/no\/wp-json\/wp\/v2\/comments?post=210370"}],"version-history":[{"count":0,"href":"https:\/\/aromasentia.com\/no\/wp-json\/wp\/v2\/product\/210370\/revisions"}],"wp:featuredmedia":[{"embeddable":true,"href":"https:\/\/aromasentia.com\/no\/wp-json\/wp\/v2\/media\/254207"}],"wp:attachment":[{"href":"https:\/\/aromasentia.com\/no\/wp-json\/wp\/v2\/media?parent=210370"}],"wp:term":[{"taxonomy":"product_brand","embeddable":true,"href":"https:\/\/aromasentia.com\/no\/wp-json\/wp\/v2\/product_brand?post=210370"},{"taxonomy":"product_cat","embeddable":true,"href":"https:\/\/aromasentia.com\/no\/wp-json\/wp\/v2\/product_cat?post=210370"},{"taxonomy":"product_tag","embeddable":true,"href":"https:\/\/aromasentia.com\/no\/wp-json\/wp\/v2\/product_tag?post=210370"}],"curies":[{"name":"wp","href":"https:\/\/api.w.org\/{rel}","templated":true}]}}