{"id":210366,"date":"2025-03-20T14:28:43","date_gmt":"2025-03-20T14:28:43","guid":{"rendered":"https:\/\/aromasentia.com\/product\/box-of-140ml-reed-diffuser-provence\/"},"modified":"2025-05-31T07:21:09","modified_gmt":"2025-05-31T07:21:09","slug":"provence-duftpinner-140ml","status":"publish","type":"product","link":"https:\/\/aromasentia.com\/no\/provence-duftpinner-140ml\/","title":{"rendered":"Provence Duftpinner 140ml"},"content":{"rendered":"<p>Ta deg med til de solfylte \u00e5krene i Frankrike med v\u00e5r Provence-r\u00f8rdiffusor. Denne 140 ml store diffusoren fanger vakkert opp den aromatiske essensen av regionen, og blander beroligende lavendel med hint av ville urter som rosmarin og timian, og solkyssede blomster. Den skaper en avslappende og beroligende atmosf\u00e6re som minner om en fredelig spasertur gjennom duftende proven\u00e7alske landskap. La denne klassiske, urteaktige og florale duften kontinuerlig fylle hjemmet ditt og gi en f\u00f8lelse av rustikk ro og tidl\u00f8s, naturlig eleganse i hverdagen.<\/p>\n","protected":false},"excerpt":{"rendered":"<p>Ta deg med til de solfylte \u00e5krene i Frankrike med v\u00e5r Provence-r\u00f8rdiffusor. Denne 140 ml store diffusoren fanger vakkert opp den aromatiske essensen av regionen, og blander beroligende lavendel med hint av ville urter som rosmarin og timian, og solkyssede blomster. Den skaper en avslappende og beroligende atmosf\u00e6re som minner om en fredelig spasertur gjennom [&hellip;]<\/p>\n","protected":false},"featured_media":642282,"comment_status":"closed","ping_status":"open","template":"","meta":{"_angie_page":false},"product_brand":[27083],"product_cat":[9081,9082],"product_tag":[],"class_list":{"0":"post-210366","1":"product","2":"type-product","3":"status-publish","4":"has-post-thumbnail","6":"product_brand-agnes-and-cat","7":"product_cat-aroma-diffuser-aromalamper-og-duftpinner","8":"product_cat-duftpinner","9":"pa_collection-reed-diffusers-140ml-no","10":"pa_made-in-storbritannia","11":"pa_size-140ml","13":"first","14":"instock","15":"purchasable","16":"product-type-simple"},"supplier_id":null,"supplier_sku":"ACD-22DS","barcode":null,"atum_controlled":true,"out_stock_date":null,"out_stock_threshold":null,"inheritable":false,"inbound_stock":null,"stock_on_hold":0,"sold_today":0,"sales_last_days":0,"reserved_stock":null,"customer_returns":null,"warehouse_damage":null,"lost_in_post":null,"other_logs":null,"out_stock_days":0,"lost_sales":0,"has_location":null,"update_date":"2026-04-27T07:27:46","atum_locations":[],"atum_stock_status":"instock","restock_status":false,"low_stock_amount":"","sales_update_date":"2026-01-30T01:26:40","calc_backorders":null,"_links":{"self":[{"href":"https:\/\/aromasentia.com\/no\/wp-json\/wp\/v2\/product\/210366","targetHints":{"allow":["GET"]}}],"collection":[{"href":"https:\/\/aromasentia.com\/no\/wp-json\/wp\/v2\/product"}],"about":[{"href":"https:\/\/aromasentia.com\/no\/wp-json\/wp\/v2\/types\/product"}],"replies":[{"embeddable":true,"href":"https:\/\/aromasentia.com\/no\/wp-json\/wp\/v2\/comments?post=210366"}],"version-history":[{"count":0,"href":"https:\/\/aromasentia.com\/no\/wp-json\/wp\/v2\/product\/210366\/revisions"}],"wp:featuredmedia":[{"embeddable":true,"href":"https:\/\/aromasentia.com\/no\/wp-json\/wp\/v2\/media\/642282"}],"wp:attachment":[{"href":"https:\/\/aromasentia.com\/no\/wp-json\/wp\/v2\/media?parent=210366"}],"wp:term":[{"taxonomy":"product_brand","embeddable":true,"href":"https:\/\/aromasentia.com\/no\/wp-json\/wp\/v2\/product_brand?post=210366"},{"taxonomy":"product_cat","embeddable":true,"href":"https:\/\/aromasentia.com\/no\/wp-json\/wp\/v2\/product_cat?post=210366"},{"taxonomy":"product_tag","embeddable":true,"href":"https:\/\/aromasentia.com\/no\/wp-json\/wp\/v2\/product_tag?post=210366"}],"curies":[{"name":"wp","href":"https:\/\/api.w.org\/{rel}","templated":true}]}}