{"id":210362,"date":"2025-03-20T14:28:43","date_gmt":"2025-03-20T14:28:43","guid":{"rendered":"https:\/\/aromasentia.com\/product\/box-of-140ml-reed-diffuser-seasalt-and-moss\/"},"modified":"2025-05-31T07:20:53","modified_gmt":"2025-05-31T07:20:53","slug":"seasalt-og-moss-duftpinner-140ml","status":"publish","type":"product","link":"https:\/\/aromasentia.com\/no\/seasalt-og-moss-duftpinner-140ml\/","title":{"rendered":"Seasalt Og Moss Duftpinner 140ml"},"content":{"rendered":"<p>Inviter kystens forfriskende \u00e5nd inn i hjemmet ditt med v\u00e5r Seasalt and Moss sivdiffusor. Denne 140 ml store diffusoren blander p\u00e5 mesterlig vis den friske, revitaliserende essensen av ferskt havsalt med de dype, jordn\u00e6re undertonene av frodig mose. Den resulterende aromaen er b\u00e5de forfriskende og jordn\u00e6r, og minner om en rask spasertur langs en t\u00e5kete strandlinje. La denne rene og naturlige duften kontinuerlig gjennomsyre rommet ditt og skape en atmosf\u00e6re av rolig energi og renhet, og bring et pust av frisk, \u00e5pen luft innend\u00f8rs.<\/p>\n","protected":false},"excerpt":{"rendered":"<p>Inviter kystens forfriskende \u00e5nd inn i hjemmet ditt med v\u00e5r Seasalt and Moss sivdiffusor. Denne 140 ml store diffusoren blander p\u00e5 mesterlig vis den friske, revitaliserende essensen av ferskt havsalt med de dype, jordn\u00e6re undertonene av frodig mose. Den resulterende aromaen er b\u00e5de forfriskende og jordn\u00e6r, og minner om en rask spasertur langs en t\u00e5kete [&hellip;]<\/p>\n","protected":false},"featured_media":254700,"comment_status":"closed","ping_status":"open","template":"","meta":[],"product_brand":[27083],"product_cat":[9081,9082],"product_tag":[],"class_list":{"0":"post-210362","1":"product","2":"type-product","3":"status-publish","4":"has-post-thumbnail","6":"product_brand-agnes-and-cat","7":"product_cat-aroma-diffuser-aromalamper-og-duftpinner","8":"product_cat-duftpinner","9":"pa_collection-reed-diffusers-140ml-no","10":"pa_made-in-storbritannia","11":"pa_size-140ml","13":"first","14":"instock","15":"purchasable","16":"product-type-simple"},"supplier_id":null,"supplier_sku":"ACD-06DS","barcode":null,"atum_controlled":true,"out_stock_date":null,"out_stock_threshold":null,"inheritable":false,"inbound_stock":null,"stock_on_hold":0,"sold_today":0,"sales_last_days":0,"reserved_stock":null,"customer_returns":null,"warehouse_damage":null,"lost_in_post":null,"other_logs":null,"out_stock_days":0,"lost_sales":0,"has_location":null,"update_date":"2026-02-06T00:02:17","atum_locations":[],"atum_stock_status":"instock","restock_status":false,"low_stock_amount":"","sales_update_date":"2026-02-06T00:02:17","calc_backorders":null,"_links":{"self":[{"href":"https:\/\/aromasentia.com\/no\/wp-json\/wp\/v2\/product\/210362","targetHints":{"allow":["GET"]}}],"collection":[{"href":"https:\/\/aromasentia.com\/no\/wp-json\/wp\/v2\/product"}],"about":[{"href":"https:\/\/aromasentia.com\/no\/wp-json\/wp\/v2\/types\/product"}],"replies":[{"embeddable":true,"href":"https:\/\/aromasentia.com\/no\/wp-json\/wp\/v2\/comments?post=210362"}],"version-history":[{"count":0,"href":"https:\/\/aromasentia.com\/no\/wp-json\/wp\/v2\/product\/210362\/revisions"}],"wp:featuredmedia":[{"embeddable":true,"href":"https:\/\/aromasentia.com\/no\/wp-json\/wp\/v2\/media\/254700"}],"wp:attachment":[{"href":"https:\/\/aromasentia.com\/no\/wp-json\/wp\/v2\/media?parent=210362"}],"wp:term":[{"taxonomy":"product_brand","embeddable":true,"href":"https:\/\/aromasentia.com\/no\/wp-json\/wp\/v2\/product_brand?post=210362"},{"taxonomy":"product_cat","embeddable":true,"href":"https:\/\/aromasentia.com\/no\/wp-json\/wp\/v2\/product_cat?post=210362"},{"taxonomy":"product_tag","embeddable":true,"href":"https:\/\/aromasentia.com\/no\/wp-json\/wp\/v2\/product_tag?post=210362"}],"curies":[{"name":"wp","href":"https:\/\/api.w.org\/{rel}","templated":true}]}}