{"id":210361,"date":"2025-03-20T14:29:03","date_gmt":"2025-03-20T14:29:03","guid":{"rendered":"https:\/\/aromasentia.com\/product\/mandarin-ginger-hand-body-lotion-250ml-unlabelled\/"},"modified":"2025-06-28T22:44:42","modified_gmt":"2025-06-28T22:44:42","slug":"mandarina-og-ingefaer-hand-og-kroppslotion-250ml-hvit-etikett","status":"publish","type":"product","link":"https:\/\/aromasentia.com\/no\/mandarina-og-ingefaer-hand-og-kroppslotion-250ml-hvit-etikett\/","title":{"rendered":"Mandarina Og Ingef\u00e6r H\u00e5nd- Og Kroppslotion 250ml &#8211; Hvit Etikett"},"content":{"rendered":"<p>Gi huden og sansene dine ny energi med v\u00e5r Mandarin &#038; Ginger Hand &#038; Body Lotion. Denne umerkede 250 ml-formuleringen gir et utbrudd av lys, pikant mandarin perfekt balansert av den varme, krydrede smaken av ingef\u00e6r. Det er en herlig oppl\u00f8ftende og revitaliserende blanding som vekker sansene samtidig som den gir sk\u00e5nsom fuktighet. Lotionen trekker godt inn i huden og etterlater den myk, smidig og oppfrisket med en langvarig, munter duft. Perfekt for en oppkvikker om morgenen eller n\u00e5r huden din trenger et snev av levende, aromatisk pleie.<\/p>\n","protected":false},"excerpt":{"rendered":"<p>Gi huden og sansene dine ny energi med v\u00e5r Mandarin &#038; Ginger Hand &#038; Body Lotion. Denne umerkede 250 ml-formuleringen gir et utbrudd av lys, pikant mandarin perfekt balansert av den varme, krydrede smaken av ingef\u00e6r. Det er en herlig oppl\u00f8ftende og revitaliserende blanding som vekker sansene samtidig som den gir sk\u00e5nsom fuktighet. Lotionen trekker [&hellip;]<\/p>\n","protected":false},"featured_media":255308,"comment_status":"closed","ping_status":"open","template":"","meta":[],"product_brand":[],"product_cat":[9065,25843,26193,26890,26264],"product_tag":[],"class_list":{"0":"post-210361","1":"product","2":"type-product","3":"status-publish","4":"has-post-thumbnail","6":"product_cat-aromaterapi-og-romduft","7":"product_cat-dufter-aromaer","8":"product_cat-ingefaer","9":"product_cat-krydret","10":"product_cat-mandarin","11":"pa_collection-aromatherapy-hand-body-lotion-unlabeled-no","12":"pa_made-in-storbritannia","13":"pa_size-250ml","15":"first","16":"instock","17":"purchasable","18":"product-type-simple"},"supplier_id":null,"supplier_sku":"AHBLUL-04DS","barcode":null,"atum_controlled":true,"out_stock_date":null,"out_stock_threshold":null,"inheritable":false,"inbound_stock":null,"stock_on_hold":0,"sold_today":0,"sales_last_days":0,"reserved_stock":null,"customer_returns":null,"warehouse_damage":null,"lost_in_post":null,"other_logs":null,"out_stock_days":0,"lost_sales":0,"has_location":null,"update_date":"2026-02-05T22:39:08","atum_locations":[],"atum_stock_status":"instock","restock_status":false,"low_stock_amount":"","sales_update_date":"2025-10-09T03:23:00","calc_backorders":null,"_links":{"self":[{"href":"https:\/\/aromasentia.com\/no\/wp-json\/wp\/v2\/product\/210361","targetHints":{"allow":["GET"]}}],"collection":[{"href":"https:\/\/aromasentia.com\/no\/wp-json\/wp\/v2\/product"}],"about":[{"href":"https:\/\/aromasentia.com\/no\/wp-json\/wp\/v2\/types\/product"}],"replies":[{"embeddable":true,"href":"https:\/\/aromasentia.com\/no\/wp-json\/wp\/v2\/comments?post=210361"}],"version-history":[{"count":0,"href":"https:\/\/aromasentia.com\/no\/wp-json\/wp\/v2\/product\/210361\/revisions"}],"wp:featuredmedia":[{"embeddable":true,"href":"https:\/\/aromasentia.com\/no\/wp-json\/wp\/v2\/media\/255308"}],"wp:attachment":[{"href":"https:\/\/aromasentia.com\/no\/wp-json\/wp\/v2\/media?parent=210361"}],"wp:term":[{"taxonomy":"product_brand","embeddable":true,"href":"https:\/\/aromasentia.com\/no\/wp-json\/wp\/v2\/product_brand?post=210361"},{"taxonomy":"product_cat","embeddable":true,"href":"https:\/\/aromasentia.com\/no\/wp-json\/wp\/v2\/product_cat?post=210361"},{"taxonomy":"product_tag","embeddable":true,"href":"https:\/\/aromasentia.com\/no\/wp-json\/wp\/v2\/product_tag?post=210361"}],"curies":[{"name":"wp","href":"https:\/\/api.w.org\/{rel}","templated":true}]}}