{"id":210356,"date":"2025-03-20T14:29:03","date_gmt":"2025-03-20T14:29:03","guid":{"rendered":"https:\/\/aromasentia.com\/product\/agnes-cat-eye-pillow-eyebag-refresh\/"},"modified":"2025-05-31T07:20:14","modified_gmt":"2025-05-31T07:20:14","slug":"agnes-cat-eye-pillow-oyepute-eyebag-refresh","status":"publish","type":"product","link":"https:\/\/aromasentia.com\/no\/agnes-cat-eye-pillow-oyepute-eyebag-refresh\/","title":{"rendered":"Agnes &#038; Cat Eye Pillow \/ \u00d8yepute &#8211; Eyebag Refresh"},"content":{"rendered":"<p>Revitaliser trette \u00f8yne med Agnes &#038; Cat Eye Pillow &#8211; Eyebag Refresh. Denne gjennomtenkte puten gir en beroligende og avkj\u00f8lende f\u00f8lelse, perfekt for \u00e5 redusere hevelser og friske opp anstrengte \u00f8yne. Den lette vekten gir lett akupressur, mens det naturlige fyllet, som kanskje er tilsatt beroligende urter, bidrar til \u00e5 lindre spenninger rundt \u00f8ynene. Oppbevar den kj\u00f8lig i kj\u00f8leskapet for en ekstra forfriskende opplevelse, noe som gj\u00f8r den til et ideelt middel for lange skjermtimer eller rastl\u00f8se netter, slik at \u00f8ynene f\u00f8les foryngede og klare.<\/p>\n","protected":false},"excerpt":{"rendered":"<p>Revitaliser trette \u00f8yne med Agnes &#038; Cat Eye Pillow &#8211; Eyebag Refresh. Denne gjennomtenkte puten gir en beroligende og avkj\u00f8lende f\u00f8lelse, perfekt for \u00e5 redusere hevelser og friske opp anstrengte \u00f8yne. Den lette vekten gir lett akupressur, mens det naturlige fyllet, som kanskje er tilsatt beroligende urter, bidrar til \u00e5 lindre spenninger rundt \u00f8ynene. Oppbevar [&hellip;]<\/p>\n","protected":false},"featured_media":255223,"comment_status":"closed","ping_status":"open","template":"","meta":[],"product_brand":[27083],"product_cat":[9065],"product_tag":[],"class_list":{"0":"post-210356","1":"product","2":"type-product","3":"status-publish","4":"has-post-thumbnail","6":"product_brand-agnes-and-cat","7":"product_cat-aromaterapi-og-romduft","8":"pa_collection-agnes-cat-eye-pillow-no","9":"pa_made-in-india","11":"first","12":"instock","13":"purchasable","14":"product-type-simple"},"supplier_id":null,"supplier_sku":"ACTEP-06DS","barcode":null,"atum_controlled":true,"out_stock_date":null,"out_stock_threshold":null,"inheritable":false,"inbound_stock":null,"stock_on_hold":0,"sold_today":0,"sales_last_days":0,"reserved_stock":null,"customer_returns":null,"warehouse_damage":null,"lost_in_post":null,"other_logs":null,"out_stock_days":0,"lost_sales":0,"has_location":null,"update_date":"2026-02-04T09:17:28","atum_locations":[],"atum_stock_status":"instock","restock_status":false,"low_stock_amount":"","sales_update_date":"2026-01-20T05:14:17","calc_backorders":null,"_links":{"self":[{"href":"https:\/\/aromasentia.com\/no\/wp-json\/wp\/v2\/product\/210356","targetHints":{"allow":["GET"]}}],"collection":[{"href":"https:\/\/aromasentia.com\/no\/wp-json\/wp\/v2\/product"}],"about":[{"href":"https:\/\/aromasentia.com\/no\/wp-json\/wp\/v2\/types\/product"}],"replies":[{"embeddable":true,"href":"https:\/\/aromasentia.com\/no\/wp-json\/wp\/v2\/comments?post=210356"}],"version-history":[{"count":0,"href":"https:\/\/aromasentia.com\/no\/wp-json\/wp\/v2\/product\/210356\/revisions"}],"wp:featuredmedia":[{"embeddable":true,"href":"https:\/\/aromasentia.com\/no\/wp-json\/wp\/v2\/media\/255223"}],"wp:attachment":[{"href":"https:\/\/aromasentia.com\/no\/wp-json\/wp\/v2\/media?parent=210356"}],"wp:term":[{"taxonomy":"product_brand","embeddable":true,"href":"https:\/\/aromasentia.com\/no\/wp-json\/wp\/v2\/product_brand?post=210356"},{"taxonomy":"product_cat","embeddable":true,"href":"https:\/\/aromasentia.com\/no\/wp-json\/wp\/v2\/product_cat?post=210356"},{"taxonomy":"product_tag","embeddable":true,"href":"https:\/\/aromasentia.com\/no\/wp-json\/wp\/v2\/product_tag?post=210356"}],"curies":[{"name":"wp","href":"https:\/\/api.w.org\/{rel}","templated":true}]}}