{"id":210354,"date":"2025-03-20T14:29:03","date_gmt":"2025-03-20T14:29:03","guid":{"rendered":"https:\/\/aromasentia.com\/product\/agnes-cat-eye-pillow-clear-clarity\/"},"modified":"2025-05-31T07:20:00","modified_gmt":"2025-05-31T07:20:00","slug":"agnes-cat-eye-pillow-oyepute-clear-clarity","status":"publish","type":"product","link":"https:\/\/aromasentia.com\/no\/agnes-cat-eye-pillow-oyepute-clear-clarity\/","title":{"rendered":"Agnes &#038; Cat Eye Pillow \/ \u00d8yepute &#8211; Clear &#038; Clarity"},"content":{"rendered":"<p>Finn fokus med Agnes &#038; Cat Eye Pillow &#8211; Clear &#038; Clarity. Denne \u00f8yeputen er designet for \u00e5 dempe mentalt skravling og lindre visuell anstrengelse, og har en sk\u00e5nsom, beroligende vekt. Den er tilsatt beroligende botaniske stoffer som bidrar til \u00e5 skape et rolig rom for tanker og meditasjon, og hjelper deg med \u00e5 l\u00f8se opp spenningshodepine og fremme en f\u00f8lelse av mental friskhet. Den er ideell \u00e5 bruke i studiepauser eller n\u00e5r du trenger tid til refleksjon, og hjelper deg \u00e5 oppn\u00e5 en tilstand av rolig \u00e5rv\u00e5kenhet og fornyet klarhet, klar til \u00e5 m\u00f8te dagen med et klart perspektiv.<\/p>\n","protected":false},"excerpt":{"rendered":"<p>Finn fokus med Agnes &#038; Cat Eye Pillow &#8211; Clear &#038; Clarity. Denne \u00f8yeputen er designet for \u00e5 dempe mentalt skravling og lindre visuell anstrengelse, og har en sk\u00e5nsom, beroligende vekt. Den er tilsatt beroligende botaniske stoffer som bidrar til \u00e5 skape et rolig rom for tanker og meditasjon, og hjelper deg med \u00e5 l\u00f8se [&hellip;]<\/p>\n","protected":false},"featured_media":255165,"comment_status":"closed","ping_status":"open","template":"","meta":{"_angie_page":false},"product_brand":[27083],"product_cat":[9065],"product_tag":[],"class_list":{"0":"post-210354","1":"product","2":"type-product","3":"status-publish","4":"has-post-thumbnail","6":"product_brand-agnes-and-cat","7":"product_cat-aromaterapi-og-romduft","8":"pa_collection-agnes-cat-eye-pillow-no","9":"pa_made-in-india","11":"first","12":"outofstock","13":"purchasable","14":"product-type-simple"},"supplier_id":null,"supplier_sku":"ACTEP-02DS","barcode":null,"atum_controlled":true,"out_stock_date":"2026-04-25 15:11:37","out_stock_threshold":null,"inheritable":false,"inbound_stock":null,"stock_on_hold":0,"sold_today":0,"sales_last_days":0,"reserved_stock":null,"customer_returns":null,"warehouse_damage":null,"lost_in_post":null,"other_logs":null,"out_stock_days":0,"lost_sales":0,"has_location":null,"update_date":"2026-04-27T06:49:42","atum_locations":[],"atum_stock_status":"outofstock","restock_status":false,"low_stock_amount":"","sales_update_date":"2026-01-20T05:14:10","calc_backorders":null,"_links":{"self":[{"href":"https:\/\/aromasentia.com\/no\/wp-json\/wp\/v2\/product\/210354","targetHints":{"allow":["GET"]}}],"collection":[{"href":"https:\/\/aromasentia.com\/no\/wp-json\/wp\/v2\/product"}],"about":[{"href":"https:\/\/aromasentia.com\/no\/wp-json\/wp\/v2\/types\/product"}],"replies":[{"embeddable":true,"href":"https:\/\/aromasentia.com\/no\/wp-json\/wp\/v2\/comments?post=210354"}],"version-history":[{"count":0,"href":"https:\/\/aromasentia.com\/no\/wp-json\/wp\/v2\/product\/210354\/revisions"}],"wp:featuredmedia":[{"embeddable":true,"href":"https:\/\/aromasentia.com\/no\/wp-json\/wp\/v2\/media\/255165"}],"wp:attachment":[{"href":"https:\/\/aromasentia.com\/no\/wp-json\/wp\/v2\/media?parent=210354"}],"wp:term":[{"taxonomy":"product_brand","embeddable":true,"href":"https:\/\/aromasentia.com\/no\/wp-json\/wp\/v2\/product_brand?post=210354"},{"taxonomy":"product_cat","embeddable":true,"href":"https:\/\/aromasentia.com\/no\/wp-json\/wp\/v2\/product_cat?post=210354"},{"taxonomy":"product_tag","embeddable":true,"href":"https:\/\/aromasentia.com\/no\/wp-json\/wp\/v2\/product_tag?post=210354"}],"curies":[{"name":"wp","href":"https:\/\/api.w.org\/{rel}","templated":true}]}}