{"id":210352,"date":"2025-03-20T14:29:03","date_gmt":"2025-03-20T14:29:03","guid":{"rendered":"https:\/\/aromasentia.com\/product\/10ml-roll-on-essential-oil-blend-relax\/"},"modified":"2025-05-31T07:19:50","modified_gmt":"2025-05-31T07:19:50","slug":"roll-on-eterisk-oljeblanding-relax-10ml","status":"publish","type":"product","link":"https:\/\/aromasentia.com\/no\/roll-on-eterisk-oljeblanding-relax-10ml\/","title":{"rendered":"Roll On Eterisk Oljeblanding &#8211; Relax 10ml"},"content":{"rendered":"<p><span style=\"color: rgb(75, 80, 88);\">Slapp av og stress ned med <strong>Relax-blandingen<\/strong>, omtenksomt laget med <strong>essensielle oljer fra lavendel, vetiver og rose<\/strong>. Lavendelens beroligende blomsteraroma fremmer avslapning og lindrer spenninger, mens vetivers jordaktige duft beroliger sinnet og lindrer angst. Kombinert med den delikate og oppl\u00f8ftende duften av rose, skaper denne blandingen en harmonisk atmosf\u00e6re som hjelper deg med \u00e5 finne ro midt i livets kaos.<\/span><\/p>\n<p><span style=\"color: rgb(75, 80, 88);\"><strong>Bare rull p\u00e5 denne uts\u00f8kte blandingen for \u00e5 oppleve et fredelig \u00f8yeblikk av ro og sinnsro.<\/strong><\/span><\/p>\n","protected":false},"excerpt":{"rendered":"<p>Slapp av og stress ned med Relax-blandingen, omtenksomt laget med essensielle oljer fra lavendel, vetiver og rose. Lavendelens beroligende blomsteraroma fremmer avslapning og lindrer spenninger, mens vetivers jordaktige duft beroliger sinnet og lindrer angst. Kombinert med den delikate og oppl\u00f8ftende duften av rose, skaper denne blandingen en harmonisk atmosf\u00e6re som hjelper deg med \u00e5 finne [&hellip;]<\/p>\n","protected":false},"featured_media":255083,"comment_status":"closed","ping_status":"open","template":"","meta":{"_angie_page":false},"product_brand":[27083],"product_cat":[9065,26651,10236],"product_tag":[],"class_list":{"0":"post-210352","1":"product","2":"type-product","3":"status-publish","4":"has-post-thumbnail","6":"product_brand-agnes-and-cat","7":"product_cat-aromaterapi-og-romduft","8":"product_cat-eteriske-oljeblandinger","9":"product_cat-eteriske-oljer","10":"pa_collection-agnes-cat-10ml-roll-on-essential-oil-blends-no","11":"pa_made-in-storbritannia","12":"pa_size-10ml","14":"first","15":"instock","16":"purchasable","17":"product-type-simple"},"supplier_id":null,"supplier_sku":"ACREBL-01","barcode":null,"atum_controlled":true,"out_stock_date":null,"out_stock_threshold":null,"inheritable":false,"inbound_stock":null,"stock_on_hold":0,"sold_today":0,"sales_last_days":0,"reserved_stock":null,"customer_returns":null,"warehouse_damage":null,"lost_in_post":null,"other_logs":null,"out_stock_days":0,"lost_sales":0,"has_location":null,"update_date":"2026-04-27T06:50:06","atum_locations":[],"atum_stock_status":"instock","restock_status":false,"low_stock_amount":"","sales_update_date":"2026-02-06T00:02:09","calc_backorders":null,"_links":{"self":[{"href":"https:\/\/aromasentia.com\/no\/wp-json\/wp\/v2\/product\/210352","targetHints":{"allow":["GET"]}}],"collection":[{"href":"https:\/\/aromasentia.com\/no\/wp-json\/wp\/v2\/product"}],"about":[{"href":"https:\/\/aromasentia.com\/no\/wp-json\/wp\/v2\/types\/product"}],"replies":[{"embeddable":true,"href":"https:\/\/aromasentia.com\/no\/wp-json\/wp\/v2\/comments?post=210352"}],"version-history":[{"count":0,"href":"https:\/\/aromasentia.com\/no\/wp-json\/wp\/v2\/product\/210352\/revisions"}],"wp:featuredmedia":[{"embeddable":true,"href":"https:\/\/aromasentia.com\/no\/wp-json\/wp\/v2\/media\/255083"}],"wp:attachment":[{"href":"https:\/\/aromasentia.com\/no\/wp-json\/wp\/v2\/media?parent=210352"}],"wp:term":[{"taxonomy":"product_brand","embeddable":true,"href":"https:\/\/aromasentia.com\/no\/wp-json\/wp\/v2\/product_brand?post=210352"},{"taxonomy":"product_cat","embeddable":true,"href":"https:\/\/aromasentia.com\/no\/wp-json\/wp\/v2\/product_cat?post=210352"},{"taxonomy":"product_tag","embeddable":true,"href":"https:\/\/aromasentia.com\/no\/wp-json\/wp\/v2\/product_tag?post=210352"}],"curies":[{"name":"wp","href":"https:\/\/api.w.org\/{rel}","templated":true}]}}