{"id":210351,"date":"2025-03-20T14:29:03","date_gmt":"2025-03-20T14:29:03","guid":{"rendered":"https:\/\/aromasentia.com\/product\/10ml-roll-on-essential-oil-blend-energy\/"},"modified":"2025-05-31T07:19:45","modified_gmt":"2025-05-31T07:19:45","slug":"roll-on-eterisk-oljeblanding-energy-10ml","status":"publish","type":"product","link":"https:\/\/aromasentia.com\/no\/roll-on-eterisk-oljeblanding-energy-10ml\/","title":{"rendered":"Roll On Eterisk Oljeblanding &#8211; Energy 10ml"},"content":{"rendered":"<p><span style=\"color: rgb(75, 80, 88);\">Stikker opp sansene dine og \u00f8k energiniv\u00e5et med <strong>Energiblandingen<\/strong>, drevet av <strong>essensielle oljer fra grapefrukt, mandarin og lime<\/strong>. Grapefruktens syrlige og sitrusaktige duft gir et \u00f8yeblikkelig energiboost, mens mandarins s\u00f8te og muntre aroma revitaliserer hum\u00f8ret. Limens friske noter tilf\u00f8rer et friskhetsboost, vekker sansene dine og \u00f8ker vitaliteten.<\/span><\/p>\n<p><span style=\"color: rgb(75, 80, 88);\"><strong>P\u00e5f\u00f8r denne blandingen n\u00e5r du trenger en naturlig og forfriskende oppkvikker for \u00e5 holde deg energisk og motivert.<\/strong><\/span><\/p>\n","protected":false},"excerpt":{"rendered":"<p>Stikker opp sansene dine og \u00f8k energiniv\u00e5et med Energiblandingen, drevet av essensielle oljer fra grapefrukt, mandarin og lime. Grapefruktens syrlige og sitrusaktige duft gir et \u00f8yeblikkelig energiboost, mens mandarins s\u00f8te og muntre aroma revitaliserer hum\u00f8ret. Limens friske noter tilf\u00f8rer et friskhetsboost, vekker sansene dine og \u00f8ker vitaliteten. P\u00e5f\u00f8r denne blandingen n\u00e5r du trenger en naturlig [&hellip;]<\/p>\n","protected":false},"featured_media":255034,"comment_status":"closed","ping_status":"open","template":"","meta":{"_angie_page":false},"product_brand":[27083],"product_cat":[9065,26651,10236],"product_tag":[],"class_list":{"0":"post-210351","1":"product","2":"type-product","3":"status-publish","4":"has-post-thumbnail","6":"product_brand-agnes-and-cat","7":"product_cat-aromaterapi-og-romduft","8":"product_cat-eteriske-oljeblandinger","9":"product_cat-eteriske-oljer","10":"pa_collection-agnes-cat-10ml-roll-on-essential-oil-blends-no","11":"pa_made-in-storbritannia","12":"pa_size-10ml","14":"first","15":"instock","16":"purchasable","17":"product-type-simple"},"supplier_id":null,"supplier_sku":"ACREBL-02","barcode":null,"atum_controlled":true,"out_stock_date":null,"out_stock_threshold":null,"inheritable":false,"inbound_stock":null,"stock_on_hold":0,"sold_today":0,"sales_last_days":0,"reserved_stock":null,"customer_returns":null,"warehouse_damage":null,"lost_in_post":null,"other_logs":null,"out_stock_days":0,"lost_sales":0,"has_location":null,"update_date":"2026-04-27T06:50:12","atum_locations":[],"atum_stock_status":"instock","restock_status":false,"low_stock_amount":"","sales_update_date":"2025-10-09T03:23:05","calc_backorders":null,"_links":{"self":[{"href":"https:\/\/aromasentia.com\/no\/wp-json\/wp\/v2\/product\/210351","targetHints":{"allow":["GET"]}}],"collection":[{"href":"https:\/\/aromasentia.com\/no\/wp-json\/wp\/v2\/product"}],"about":[{"href":"https:\/\/aromasentia.com\/no\/wp-json\/wp\/v2\/types\/product"}],"replies":[{"embeddable":true,"href":"https:\/\/aromasentia.com\/no\/wp-json\/wp\/v2\/comments?post=210351"}],"version-history":[{"count":0,"href":"https:\/\/aromasentia.com\/no\/wp-json\/wp\/v2\/product\/210351\/revisions"}],"wp:featuredmedia":[{"embeddable":true,"href":"https:\/\/aromasentia.com\/no\/wp-json\/wp\/v2\/media\/255034"}],"wp:attachment":[{"href":"https:\/\/aromasentia.com\/no\/wp-json\/wp\/v2\/media?parent=210351"}],"wp:term":[{"taxonomy":"product_brand","embeddable":true,"href":"https:\/\/aromasentia.com\/no\/wp-json\/wp\/v2\/product_brand?post=210351"},{"taxonomy":"product_cat","embeddable":true,"href":"https:\/\/aromasentia.com\/no\/wp-json\/wp\/v2\/product_cat?post=210351"},{"taxonomy":"product_tag","embeddable":true,"href":"https:\/\/aromasentia.com\/no\/wp-json\/wp\/v2\/product_tag?post=210351"}],"curies":[{"name":"wp","href":"https:\/\/api.w.org\/{rel}","templated":true}]}}