{"id":210348,"date":"2025-03-20T14:29:03","date_gmt":"2025-03-20T14:29:03","guid":{"rendered":"https:\/\/aromasentia.com\/product\/10ml-roll-on-essential-oil-blend-focus\/"},"modified":"2025-05-31T07:19:34","modified_gmt":"2025-05-31T07:19:34","slug":"roll-on-eterisk-oljeblanding-focus-10ml","status":"publish","type":"product","link":"https:\/\/aromasentia.com\/no\/roll-on-eterisk-oljeblanding-focus-10ml\/","title":{"rendered":"Roll On Eterisk Oljeblanding &#8211; Focus 10ml"},"content":{"rendered":"<p><span style=\"color: rgb(75, 80, 88);\">Skjerp sinnet ditt og forbedre konsentrasjonen med <strong>Focus<\/strong>-blandingen, ekspertkombinert med <strong>rosmarin, sypress og sitron essensielle oljer<\/strong>. Rosmarins friske og forfriskende duft stimulerer kognitiv funksjon, mens sypressens treaktige aroma oppmuntrer til mental klarhet og fokus. Den friske sitronduften l\u00f8fter hum\u00f8ret og fremmer et klart og v\u00e5kent sinn.<\/span><\/p>\n<p><span style=\"color: rgb(75, 80, 88);\"><strong>Bruk denne blandingen under arbeid eller studier, slik at den foryngende essensen \u00f8ker produktiviteten og mental skarphet.<\/strong><\/span><\/p>\n","protected":false},"excerpt":{"rendered":"<p>Skjerp sinnet ditt og forbedre konsentrasjonen med Focus-blandingen, ekspertkombinert med rosmarin, sypress og sitron essensielle oljer. Rosmarins friske og forfriskende duft stimulerer kognitiv funksjon, mens sypressens treaktige aroma oppmuntrer til mental klarhet og fokus. Den friske sitronduften l\u00f8fter hum\u00f8ret og fremmer et klart og v\u00e5kent sinn. Bruk denne blandingen under arbeid eller studier, slik at [&hellip;]<\/p>\n","protected":false},"featured_media":254903,"comment_status":"closed","ping_status":"open","template":"","meta":{"_angie_page":false},"product_brand":[27083],"product_cat":[9065,26651,10236],"product_tag":[],"class_list":{"0":"post-210348","1":"product","2":"type-product","3":"status-publish","4":"has-post-thumbnail","6":"product_brand-agnes-and-cat","7":"product_cat-aromaterapi-og-romduft","8":"product_cat-eteriske-oljeblandinger","9":"product_cat-eteriske-oljer","10":"pa_collection-agnes-cat-10ml-roll-on-essential-oil-blends-no","11":"pa_made-in-storbritannia","12":"pa_size-10ml","14":"first","15":"instock","16":"purchasable","17":"product-type-simple"},"supplier_id":null,"supplier_sku":"ACREBL-05","barcode":null,"atum_controlled":true,"out_stock_date":null,"out_stock_threshold":null,"inheritable":false,"inbound_stock":null,"stock_on_hold":0,"sold_today":0,"sales_last_days":0,"reserved_stock":null,"customer_returns":null,"warehouse_damage":null,"lost_in_post":null,"other_logs":null,"out_stock_days":0,"lost_sales":0,"has_location":null,"update_date":"2026-05-08T05:02:36","atum_locations":[],"atum_stock_status":"instock","restock_status":false,"low_stock_amount":"","sales_update_date":"2026-02-06T00:02:09","calc_backorders":null,"_links":{"self":[{"href":"https:\/\/aromasentia.com\/no\/wp-json\/wp\/v2\/product\/210348","targetHints":{"allow":["GET"]}}],"collection":[{"href":"https:\/\/aromasentia.com\/no\/wp-json\/wp\/v2\/product"}],"about":[{"href":"https:\/\/aromasentia.com\/no\/wp-json\/wp\/v2\/types\/product"}],"replies":[{"embeddable":true,"href":"https:\/\/aromasentia.com\/no\/wp-json\/wp\/v2\/comments?post=210348"}],"version-history":[{"count":0,"href":"https:\/\/aromasentia.com\/no\/wp-json\/wp\/v2\/product\/210348\/revisions"}],"wp:featuredmedia":[{"embeddable":true,"href":"https:\/\/aromasentia.com\/no\/wp-json\/wp\/v2\/media\/254903"}],"wp:attachment":[{"href":"https:\/\/aromasentia.com\/no\/wp-json\/wp\/v2\/media?parent=210348"}],"wp:term":[{"taxonomy":"product_brand","embeddable":true,"href":"https:\/\/aromasentia.com\/no\/wp-json\/wp\/v2\/product_brand?post=210348"},{"taxonomy":"product_cat","embeddable":true,"href":"https:\/\/aromasentia.com\/no\/wp-json\/wp\/v2\/product_cat?post=210348"},{"taxonomy":"product_tag","embeddable":true,"href":"https:\/\/aromasentia.com\/no\/wp-json\/wp\/v2\/product_tag?post=210348"}],"curies":[{"name":"wp","href":"https:\/\/api.w.org\/{rel}","templated":true}]}}