{"id":210347,"date":"2025-03-20T14:29:03","date_gmt":"2025-03-20T14:29:03","guid":{"rendered":"https:\/\/aromasentia.com\/product\/10ml-roll-on-essential-oil-blend-happy\/"},"modified":"2025-05-31T07:19:31","modified_gmt":"2025-05-31T07:19:31","slug":"roll-on-eterisk-oljeblanding-happy-10ml","status":"publish","type":"product","link":"https:\/\/aromasentia.com\/no\/roll-on-eterisk-oljeblanding-happy-10ml\/","title":{"rendered":"Roll On Eterisk Oljeblanding &#8211; Happy 10ml"},"content":{"rendered":"<p><span style=\"color: rgb(75, 80, 88);\">L\u00f8ft hum\u00f8ret og omfavn lykken med<strong>&nbsp;Happy-blandingen<\/strong>, laget med <strong>essensielle oljer av gr\u00f8nnmynte, appelsin og myrra<\/strong>. Gr\u00f8nnmyntens forfriskende aroma l\u00f8fter sansene, mens appelsins s\u00f8te og livlige duft fremmer f\u00f8lelser av glede og positivitet. Myrras varme og jordn\u00e6re noter gir blandingen dybde og oppmuntrer til emosjonell balanse og tilfredshet.<\/span><\/p>\n<p><span style=\"color: rgb(75, 80, 88);\"><strong>P\u00e5f\u00f8r denne herlige blandingen n\u00e5r du trenger litt oppmuntring, og la den spre smil gjennom dagen.<\/strong><\/span><\/p>\n","protected":false},"excerpt":{"rendered":"<p>L\u00f8ft hum\u00f8ret og omfavn lykken med&nbsp;Happy-blandingen, laget med essensielle oljer av gr\u00f8nnmynte, appelsin og myrra. Gr\u00f8nnmyntens forfriskende aroma l\u00f8fter sansene, mens appelsins s\u00f8te og livlige duft fremmer f\u00f8lelser av glede og positivitet. Myrras varme og jordn\u00e6re noter gir blandingen dybde og oppmuntrer til emosjonell balanse og tilfredshet. P\u00e5f\u00f8r denne herlige blandingen n\u00e5r du trenger litt [&hellip;]<\/p>\n","protected":false},"featured_media":254854,"comment_status":"closed","ping_status":"open","template":"","meta":{"_angie_page":false},"product_brand":[27083],"product_cat":[9065,26651,10236],"product_tag":[],"class_list":{"0":"post-210347","1":"product","2":"type-product","3":"status-publish","4":"has-post-thumbnail","6":"product_brand-agnes-and-cat","7":"product_cat-aromaterapi-og-romduft","8":"product_cat-eteriske-oljeblandinger","9":"product_cat-eteriske-oljer","10":"pa_collection-agnes-cat-10ml-roll-on-essential-oil-blends-no","11":"pa_made-in-storbritannia","12":"pa_size-10ml","14":"first","15":"instock","16":"purchasable","17":"product-type-simple"},"supplier_id":null,"supplier_sku":"ACREBL-06","barcode":null,"atum_controlled":true,"out_stock_date":null,"out_stock_threshold":null,"inheritable":false,"inbound_stock":null,"stock_on_hold":0,"sold_today":0,"sales_last_days":0,"reserved_stock":null,"customer_returns":null,"warehouse_damage":null,"lost_in_post":null,"other_logs":null,"out_stock_days":0,"lost_sales":0,"has_location":null,"update_date":"2026-04-27T06:50:12","atum_locations":[],"atum_stock_status":"instock","restock_status":false,"low_stock_amount":"","sales_update_date":"2026-02-06T00:02:26","calc_backorders":null,"_links":{"self":[{"href":"https:\/\/aromasentia.com\/no\/wp-json\/wp\/v2\/product\/210347","targetHints":{"allow":["GET"]}}],"collection":[{"href":"https:\/\/aromasentia.com\/no\/wp-json\/wp\/v2\/product"}],"about":[{"href":"https:\/\/aromasentia.com\/no\/wp-json\/wp\/v2\/types\/product"}],"replies":[{"embeddable":true,"href":"https:\/\/aromasentia.com\/no\/wp-json\/wp\/v2\/comments?post=210347"}],"version-history":[{"count":0,"href":"https:\/\/aromasentia.com\/no\/wp-json\/wp\/v2\/product\/210347\/revisions"}],"wp:featuredmedia":[{"embeddable":true,"href":"https:\/\/aromasentia.com\/no\/wp-json\/wp\/v2\/media\/254854"}],"wp:attachment":[{"href":"https:\/\/aromasentia.com\/no\/wp-json\/wp\/v2\/media?parent=210347"}],"wp:term":[{"taxonomy":"product_brand","embeddable":true,"href":"https:\/\/aromasentia.com\/no\/wp-json\/wp\/v2\/product_brand?post=210347"},{"taxonomy":"product_cat","embeddable":true,"href":"https:\/\/aromasentia.com\/no\/wp-json\/wp\/v2\/product_cat?post=210347"},{"taxonomy":"product_tag","embeddable":true,"href":"https:\/\/aromasentia.com\/no\/wp-json\/wp\/v2\/product_tag?post=210347"}],"curies":[{"name":"wp","href":"https:\/\/api.w.org\/{rel}","templated":true}]}}