{"id":210344,"date":"2025-03-20T14:29:03","date_gmt":"2025-03-20T14:29:03","guid":{"rendered":"https:\/\/aromasentia.com\/product\/150ml-reed-diffuser-refill-provence\/"},"modified":"2025-05-31T07:19:13","modified_gmt":"2025-05-31T07:19:13","slug":"provence-duftpinner-refill-150ml","status":"publish","type":"product","link":"https:\/\/aromasentia.com\/no\/provence-duftpinner-refill-150ml\/","title":{"rendered":"Provence Duftpinner Refill 150ml"},"content":{"rendered":"<p><span style=\"color: rgb(75, 80, 88);\">Oppdag v\u00e5r <strong>140 ml Reed Diffuser Refill i Provence<\/strong>. Forleng levetiden til Agnes and Cat Reed Diffuser i en milj\u00f8vennlig glassflaske med aluminiumskork.<\/span><\/p>\n<p><span style=\"color: rgb(75, 80, 88);\"><strong>Disse praktiske og langvarige refillene gir rommet fyll i minst 3 m\u00e5neder.<\/strong><\/span><\/p>\n<p><span style=\"color: rgb(75, 80, 88);\"><strong>Nyt lavendelmarkene i Provence med denne duften<\/strong>. Den fanger den beroligende aromaen av lavendel og de subtile hintene av urter som gjennomsyrer luften, og tar deg med til de pittoreske landskapene i S\u00f8r-Frankrike.<\/span><\/p>\n<p><span style=\"color: rgb(75, 80, 88);\">Med v\u00e5re praktiske p\u00e5fyll kan du ta et betydelig skritt mot en mer b\u00e6rekraftig fremtid og etablere et rom hvor kundene dine alltid kan finne sine elskede dufter.<\/span><\/p>\n<p><span style=\"color: rgb(75, 80, 88);\">Ikke glem \u00e5 legge til matchende<\/span><a href=\"https:\/\/aromasentia.com\/acd-ds\"><span style=\"color: rgb(149, 122, 101);\"><strong>Agnes + Cat Reed Diffusers<\/strong><\/span><\/a><span style=\"color: rgb(75, 80, 88);\">til beholdningen din!<\/span><\/p>\n","protected":false},"excerpt":{"rendered":"<p>Oppdag v\u00e5r 140 ml Reed Diffuser Refill i Provence. Forleng levetiden til Agnes and Cat Reed Diffuser i en milj\u00f8vennlig glassflaske med aluminiumskork. Disse praktiske og langvarige refillene gir rommet fyll i minst 3 m\u00e5neder. Nyt lavendelmarkene i Provence med denne duften. Den fanger den beroligende aromaen av lavendel og de subtile hintene av urter [&hellip;]<\/p>\n","protected":false},"featured_media":254811,"comment_status":"closed","ping_status":"open","template":"","meta":{"_angie_page":false},"product_brand":[27083],"product_cat":[9081,9082],"product_tag":[],"class_list":{"0":"post-210344","1":"product","2":"type-product","3":"status-publish","4":"has-post-thumbnail","6":"product_brand-agnes-and-cat","7":"product_cat-aroma-diffuser-aromalamper-og-duftpinner","8":"product_cat-duftpinner","9":"pa_collection-agnes-cat-reed-diffusers-refills-no","10":"pa_made-in-storbritannia","11":"pa_size-150ml","13":"first","14":"instock","15":"purchasable","16":"product-type-simple"},"supplier_id":null,"supplier_sku":"ACDR-22","barcode":null,"atum_controlled":true,"out_stock_date":null,"out_stock_threshold":null,"inheritable":false,"inbound_stock":null,"stock_on_hold":0,"sold_today":0,"sales_last_days":0,"reserved_stock":null,"customer_returns":null,"warehouse_damage":null,"lost_in_post":null,"other_logs":null,"out_stock_days":0,"lost_sales":0,"has_location":null,"update_date":"2026-04-27T06:49:08","atum_locations":[],"atum_stock_status":"instock","restock_status":false,"low_stock_amount":"","sales_update_date":"2026-01-30T01:24:36","calc_backorders":null,"_links":{"self":[{"href":"https:\/\/aromasentia.com\/no\/wp-json\/wp\/v2\/product\/210344","targetHints":{"allow":["GET"]}}],"collection":[{"href":"https:\/\/aromasentia.com\/no\/wp-json\/wp\/v2\/product"}],"about":[{"href":"https:\/\/aromasentia.com\/no\/wp-json\/wp\/v2\/types\/product"}],"replies":[{"embeddable":true,"href":"https:\/\/aromasentia.com\/no\/wp-json\/wp\/v2\/comments?post=210344"}],"version-history":[{"count":0,"href":"https:\/\/aromasentia.com\/no\/wp-json\/wp\/v2\/product\/210344\/revisions"}],"wp:featuredmedia":[{"embeddable":true,"href":"https:\/\/aromasentia.com\/no\/wp-json\/wp\/v2\/media\/254811"}],"wp:attachment":[{"href":"https:\/\/aromasentia.com\/no\/wp-json\/wp\/v2\/media?parent=210344"}],"wp:term":[{"taxonomy":"product_brand","embeddable":true,"href":"https:\/\/aromasentia.com\/no\/wp-json\/wp\/v2\/product_brand?post=210344"},{"taxonomy":"product_cat","embeddable":true,"href":"https:\/\/aromasentia.com\/no\/wp-json\/wp\/v2\/product_cat?post=210344"},{"taxonomy":"product_tag","embeddable":true,"href":"https:\/\/aromasentia.com\/no\/wp-json\/wp\/v2\/product_tag?post=210344"}],"curies":[{"name":"wp","href":"https:\/\/api.w.org\/{rel}","templated":true}]}}