{"id":210338,"date":"2025-03-20T14:29:03","date_gmt":"2025-03-20T14:29:03","guid":{"rendered":"https:\/\/aromasentia.com\/product\/150ml-reed-diffuser-refill-moroccan-roll\/"},"modified":"2025-05-31T07:18:49","modified_gmt":"2025-05-31T07:18:49","slug":"moroccan-roll-duftpinner-refill-150ml","status":"publish","type":"product","link":"https:\/\/aromasentia.com\/no\/moroccan-roll-duftpinner-refill-150ml\/","title":{"rendered":"Moroccan Roll Duftpinner Refill 150ml"},"content":{"rendered":"<p><span style=\"color: rgb(75, 80, 88);\">Oppdag v\u00e5r <strong>140 ml Reed Diffuser Refill i marokkansk rull<\/strong>. Forleng levetiden til Agnes and Cat Reed Diffuser i en milj\u00f8vennlig glassflaske med aluminiumskork.<\/span><\/p>\n<p><span style=\"color: rgb(75, 80, 88);\"><strong>Disse praktiske og langvarige refillene fyller rommet i minst 3 m\u00e5neder.<\/strong><\/span><\/p>\n<p><span style=\"color: rgb(75, 80, 88);\"><strong>Begi deg ut p\u00e5 en sensorisk reise til de travle markedene i Marokko med marokkansk rull. <\/strong>Denne eksotiske blandingen vever sammen varme krydder, aromatiske urter og den svake hviskingen av orientalske mysterier, og f\u00e5r rommet ditt til \u00e5 f\u00f8les som en fortryllet basar.<\/span><\/p>\n<p><span style=\"color: rgb(75, 80, 88);\">Med v\u00e5re praktiske p\u00e5fyll kan du ta et betydelig skritt mot en mer b\u00e6rekraftig fremtid og etablere et rom der kundene dine alltid kan finne sine elskede dufter.<\/span><\/p>\n<p><span style=\"color: rgb(75, 80, 88);\">Ikke glem \u00e5 legge til matchende<\/span><a href=\"https:\/\/aromasentia.com\/acd-ds\"><span style=\"color: rgb(149, 122, 101);\"><strong>Agnes + Cat Reed Diffusers<\/strong><\/span><\/a><span style=\"color: rgb(75, 80, 88);\">til beholdningen din!<\/span><\/p>\n","protected":false},"excerpt":{"rendered":"<p>Oppdag v\u00e5r 140 ml Reed Diffuser Refill i marokkansk rull. Forleng levetiden til Agnes and Cat Reed Diffuser i en milj\u00f8vennlig glassflaske med aluminiumskork. Disse praktiske og langvarige refillene fyller rommet i minst 3 m\u00e5neder. Begi deg ut p\u00e5 en sensorisk reise til de travle markedene i Marokko med marokkansk rull. Denne eksotiske blandingen vever [&hellip;]<\/p>\n","protected":false},"featured_media":254757,"comment_status":"closed","ping_status":"open","template":"","meta":{"_angie_page":false},"product_brand":[27083],"product_cat":[9081,9082],"product_tag":[],"class_list":{"0":"post-210338","1":"product","2":"type-product","3":"status-publish","4":"has-post-thumbnail","6":"product_brand-agnes-and-cat","7":"product_cat-aroma-diffuser-aromalamper-og-duftpinner","8":"product_cat-duftpinner","9":"pa_collection-agnes-cat-reed-diffusers-refills-no","10":"pa_made-in-storbritannia","11":"pa_size-150ml","13":"first","14":"instock","15":"purchasable","16":"product-type-simple"},"supplier_id":null,"supplier_sku":"ACDR-02","barcode":null,"atum_controlled":true,"out_stock_date":null,"out_stock_threshold":null,"inheritable":false,"inbound_stock":null,"stock_on_hold":0,"sold_today":0,"sales_last_days":0,"reserved_stock":null,"customer_returns":null,"warehouse_damage":null,"lost_in_post":null,"other_logs":null,"out_stock_days":0,"lost_sales":0,"has_location":null,"update_date":"2026-04-27T06:49:08","atum_locations":[],"atum_stock_status":"instock","restock_status":false,"low_stock_amount":"","sales_update_date":"2026-01-30T01:24:29","calc_backorders":null,"_links":{"self":[{"href":"https:\/\/aromasentia.com\/no\/wp-json\/wp\/v2\/product\/210338","targetHints":{"allow":["GET"]}}],"collection":[{"href":"https:\/\/aromasentia.com\/no\/wp-json\/wp\/v2\/product"}],"about":[{"href":"https:\/\/aromasentia.com\/no\/wp-json\/wp\/v2\/types\/product"}],"replies":[{"embeddable":true,"href":"https:\/\/aromasentia.com\/no\/wp-json\/wp\/v2\/comments?post=210338"}],"version-history":[{"count":0,"href":"https:\/\/aromasentia.com\/no\/wp-json\/wp\/v2\/product\/210338\/revisions"}],"wp:featuredmedia":[{"embeddable":true,"href":"https:\/\/aromasentia.com\/no\/wp-json\/wp\/v2\/media\/254757"}],"wp:attachment":[{"href":"https:\/\/aromasentia.com\/no\/wp-json\/wp\/v2\/media?parent=210338"}],"wp:term":[{"taxonomy":"product_brand","embeddable":true,"href":"https:\/\/aromasentia.com\/no\/wp-json\/wp\/v2\/product_brand?post=210338"},{"taxonomy":"product_cat","embeddable":true,"href":"https:\/\/aromasentia.com\/no\/wp-json\/wp\/v2\/product_cat?post=210338"},{"taxonomy":"product_tag","embeddable":true,"href":"https:\/\/aromasentia.com\/no\/wp-json\/wp\/v2\/product_tag?post=210338"}],"curies":[{"name":"wp","href":"https:\/\/api.w.org\/{rel}","templated":true}]}}