{"id":210337,"date":"2025-03-20T14:29:03","date_gmt":"2025-03-20T14:29:03","guid":{"rendered":"https:\/\/aromasentia.com\/product\/150ml-reed-diffuser-refill-windermere\/"},"modified":"2025-05-31T07:18:46","modified_gmt":"2025-05-31T07:18:46","slug":"windermere-duftpinner-refill-150ml","status":"publish","type":"product","link":"https:\/\/aromasentia.com\/no\/windermere-duftpinner-refill-150ml\/","title":{"rendered":"Windermere Duftpinner Refill 150ml"},"content":{"rendered":"<p><span style=\"color: rgb(75, 80, 88);\">Opplev essensen av Lake District med v\u00e5r<strong>140 ml Reed Diffuser Refill i Windermere<\/strong>. Forleng levetiden til Agnes and Cat Reed Diffuser i en milj\u00f8vennlig glassflaske med aluminiumskork.<\/span><\/p>\n<p><span style=\"color: rgb(75, 80, 88);\"><strong>Disse praktiske og langvarige refillene fyller rommet i minst 3 m\u00e5neder.<\/strong><\/span><\/p>\n<p><span style=\"color: rgb(75, 80, 88);\"><strong>Se for deg at du st\u00e5r ved bredden av Lake Windermere, hvor kj\u00f8lig, frisk luft blandes med den jordaktige duften av landskapet.<\/strong> Denne duften fanger essensen av det rolige Lake District, med hint av friskt gr\u00f8ntomr\u00e5de og den beroligende stillheten i vannet. &nbsp;<\/span><\/p>\n<p><span style=\"color: rgb(75, 80, 88);\">Med v\u00e5re praktiske p\u00e5fyll kan du ta et betydelig skritt mot en mer b\u00e6rekraftig fremtid og etablere et rom hvor kundene dine alltid kan finne sine elskede dufter.<\/span><\/p>\n<p><span style=\"color: rgb(75, 80, 88);\">Ikke glem \u00e5 legge til matchende&nbsp;<\/span><a href=\"https:\/\/aromasentia.com\/acd-ds\"><span style=\"color: rgb(149, 122, 101);\"><strong>Agnes + Cat Reed Diffusers<\/strong><\/span><\/a><span style=\"color: rgb(75, 80, 88);\">&nbsp;til beholdningen din!<\/span><\/p>\n","protected":false},"excerpt":{"rendered":"<p>Opplev essensen av Lake District med v\u00e5r140 ml Reed Diffuser Refill i Windermere. Forleng levetiden til Agnes and Cat Reed Diffuser i en milj\u00f8vennlig glassflaske med aluminiumskork. Disse praktiske og langvarige refillene fyller rommet i minst 3 m\u00e5neder. Se for deg at du st\u00e5r ved bredden av Lake Windermere, hvor kj\u00f8lig, frisk luft blandes med [&hellip;]<\/p>\n","protected":false},"featured_media":254748,"comment_status":"closed","ping_status":"open","template":"","meta":[],"product_brand":[27083],"product_cat":[9081,9082],"product_tag":[],"class_list":{"0":"post-210337","1":"product","2":"type-product","3":"status-publish","4":"has-post-thumbnail","6":"product_brand-agnes-and-cat","7":"product_cat-aroma-diffuser-aromalamper-og-duftpinner","8":"product_cat-duftpinner","9":"pa_collection-agnes-cat-reed-diffusers-refills-no","10":"pa_made-in-storbritannia","11":"pa_size-150ml","13":"first","14":"instock","15":"purchasable","16":"product-type-simple"},"supplier_id":null,"supplier_sku":"ACDR-01","barcode":null,"atum_controlled":true,"out_stock_date":null,"out_stock_threshold":null,"inheritable":false,"inbound_stock":null,"stock_on_hold":0,"sold_today":0,"sales_last_days":0,"reserved_stock":null,"customer_returns":null,"warehouse_damage":null,"lost_in_post":null,"other_logs":null,"out_stock_days":0,"lost_sales":0,"has_location":null,"update_date":"2026-01-30T01:24:36","atum_locations":[],"atum_stock_status":"instock","restock_status":false,"low_stock_amount":"","sales_update_date":"2026-01-30T01:24:36","calc_backorders":null,"_links":{"self":[{"href":"https:\/\/aromasentia.com\/no\/wp-json\/wp\/v2\/product\/210337","targetHints":{"allow":["GET"]}}],"collection":[{"href":"https:\/\/aromasentia.com\/no\/wp-json\/wp\/v2\/product"}],"about":[{"href":"https:\/\/aromasentia.com\/no\/wp-json\/wp\/v2\/types\/product"}],"replies":[{"embeddable":true,"href":"https:\/\/aromasentia.com\/no\/wp-json\/wp\/v2\/comments?post=210337"}],"version-history":[{"count":0,"href":"https:\/\/aromasentia.com\/no\/wp-json\/wp\/v2\/product\/210337\/revisions"}],"wp:featuredmedia":[{"embeddable":true,"href":"https:\/\/aromasentia.com\/no\/wp-json\/wp\/v2\/media\/254748"}],"wp:attachment":[{"href":"https:\/\/aromasentia.com\/no\/wp-json\/wp\/v2\/media?parent=210337"}],"wp:term":[{"taxonomy":"product_brand","embeddable":true,"href":"https:\/\/aromasentia.com\/no\/wp-json\/wp\/v2\/product_brand?post=210337"},{"taxonomy":"product_cat","embeddable":true,"href":"https:\/\/aromasentia.com\/no\/wp-json\/wp\/v2\/product_cat?post=210337"},{"taxonomy":"product_tag","embeddable":true,"href":"https:\/\/aromasentia.com\/no\/wp-json\/wp\/v2\/product_tag?post=210337"}],"curies":[{"name":"wp","href":"https:\/\/api.w.org\/{rel}","templated":true}]}}