{"id":210328,"date":"2025-03-20T14:30:57","date_gmt":"2025-03-20T14:30:57","guid":{"rendered":"https:\/\/aromasentia.com\/product\/sandalwood-rose-hand-body-lotion-250ml-unlabelled\/"},"modified":"2025-06-28T22:44:36","modified_gmt":"2025-06-28T22:44:36","slug":"sandeltre-og-rose-hand-og-kroppslotion-250ml-hvit-etikett","status":"publish","type":"product","link":"https:\/\/aromasentia.com\/no\/sandeltre-og-rose-hand-og-kroppslotion-250ml-hvit-etikett\/","title":{"rendered":"Sandeltre Og Rose H\u00e5nd- Og Kroppslotion 250ml &#8211; Hvit Etikett"},"content":{"rendered":"<p>Unn deg den luksuri\u00f8se omfavnelsen av v\u00e5r Sandalwood &#038; Rose Hand &#038; Body Lotion. Denne umerkede lotionen p\u00e5 250 ml kombinerer de rike, kremete og jordn\u00e6re tonene av edelt sandeltre med den tidl\u00f8se, romantiske blomsteraromaen av rose. Denne sofistikerte blandingen tilf\u00f8rer huden dyp fuktighet og etterlater den fl\u00f8yelsmyk og uts\u00f8kt parfymert. Den er en virkelig overd\u00e5dig godbit for hender og kropp, og byr p\u00e5 et \u00f8yeblikk av fredfylt overb\u00e6renhet der huden pakkes inn i et beroligende og velduftende sl\u00f8r av fuktighet og klassisk eleganse.<\/p>\n","protected":false},"excerpt":{"rendered":"<p>Unn deg den luksuri\u00f8se omfavnelsen av v\u00e5r Sandalwood &#038; Rose Hand &#038; Body Lotion. Denne umerkede lotionen p\u00e5 250 ml kombinerer de rike, kremete og jordn\u00e6re tonene av edelt sandeltre med den tidl\u00f8se, romantiske blomsteraromaen av rose. Denne sofistikerte blandingen tilf\u00f8rer huden dyp fuktighet og etterlater den fl\u00f8yelsmyk og uts\u00f8kt parfymert. Den er en virkelig [&hellip;]<\/p>\n","protected":false},"featured_media":255317,"comment_status":"closed","ping_status":"open","template":"","meta":{"_angie_page":false},"product_brand":[],"product_cat":[9065,26834,25843,26366,26386,26897],"product_tag":[],"class_list":{"0":"post-210328","1":"product","2":"type-product","3":"status-publish","4":"has-post-thumbnail","6":"product_cat-aromaterapi-og-romduft","7":"product_cat-blomster","8":"product_cat-dufter-aromaer","9":"product_cat-rose","10":"product_cat-sandelte","11":"product_cat-treaktig","12":"pa_collection-aromatherapy-hand-body-lotion-unlabeled-no","13":"pa_made-in-storbritannia","14":"pa_size-250ml","16":"first","17":"outofstock","18":"purchasable","19":"product-type-simple"},"supplier_id":null,"supplier_sku":"AHBLUL-03DS","barcode":null,"atum_controlled":true,"out_stock_date":"2026-04-25 15:11:38","out_stock_threshold":null,"inheritable":false,"inbound_stock":null,"stock_on_hold":0,"sold_today":0,"sales_last_days":0,"reserved_stock":null,"customer_returns":null,"warehouse_damage":null,"lost_in_post":null,"other_logs":null,"out_stock_days":0,"lost_sales":0,"has_location":null,"update_date":"2026-04-27T06:50:01","atum_locations":[],"atum_stock_status":"outofstock","restock_status":false,"low_stock_amount":"","sales_update_date":"2025-10-09T03:22:59","calc_backorders":null,"_links":{"self":[{"href":"https:\/\/aromasentia.com\/no\/wp-json\/wp\/v2\/product\/210328","targetHints":{"allow":["GET"]}}],"collection":[{"href":"https:\/\/aromasentia.com\/no\/wp-json\/wp\/v2\/product"}],"about":[{"href":"https:\/\/aromasentia.com\/no\/wp-json\/wp\/v2\/types\/product"}],"replies":[{"embeddable":true,"href":"https:\/\/aromasentia.com\/no\/wp-json\/wp\/v2\/comments?post=210328"}],"version-history":[{"count":0,"href":"https:\/\/aromasentia.com\/no\/wp-json\/wp\/v2\/product\/210328\/revisions"}],"wp:featuredmedia":[{"embeddable":true,"href":"https:\/\/aromasentia.com\/no\/wp-json\/wp\/v2\/media\/255317"}],"wp:attachment":[{"href":"https:\/\/aromasentia.com\/no\/wp-json\/wp\/v2\/media?parent=210328"}],"wp:term":[{"taxonomy":"product_brand","embeddable":true,"href":"https:\/\/aromasentia.com\/no\/wp-json\/wp\/v2\/product_brand?post=210328"},{"taxonomy":"product_cat","embeddable":true,"href":"https:\/\/aromasentia.com\/no\/wp-json\/wp\/v2\/product_cat?post=210328"},{"taxonomy":"product_tag","embeddable":true,"href":"https:\/\/aromasentia.com\/no\/wp-json\/wp\/v2\/product_tag?post=210328"}],"curies":[{"name":"wp","href":"https:\/\/api.w.org\/{rel}","templated":true}]}}