{"id":210313,"date":"2025-03-20T14:30:57","date_gmt":"2025-03-20T14:30:57","guid":{"rendered":"https:\/\/aromasentia.com\/product\/car-diffuser-kit-auto-wheel-30mm\/"},"modified":"2025-05-31T07:16:54","modified_gmt":"2025-05-31T07:16:54","slug":"bilparfym-luftfriskere-auto-wheel-30-mm","status":"publish","type":"product","link":"https:\/\/aromasentia.com\/no\/bilparfym-luftfriskere-auto-wheel-30-mm\/","title":{"rendered":"Bilparfym \/ Luftfriskere &#8211; Auto Wheel &#8211; 30 mm"},"content":{"rendered":"<p>Forbedre reisen din med denne unike aromaterapidiffuseren. Du kan velge dine favoritt essensielle oljer eller blandinger og oppleve de positive helsefordelene de gir mens du kj\u00f8rer.<\/p>\n<p><\/p>\n<p>Designermedaljongen inneholder en filtpute som kan holde noen dr\u00e5per olje. Fest den til ventilasjonspanelet i bilen for \u00e5 la duften str\u00f8mme. Medaljongen er laget av rustfritt st\u00e5l av h\u00f8y kvalitet og leveres med 10 vaskbare absorberende og gjenbrukbare filtputer i en rekke farger. N\u00e5 kan du kontrollere duften i bilen din.<\/p>\n<p><\/p>\n<p>&#8211;<strong>Pynt bilen din med unike smykker<\/strong><\/p>\n<p><strong>-Velg din egen aroma som passer hum\u00f8ret ditt<\/strong><\/p>\n<p><strong>-Inkluderer 10 fargede duftfiltputer<\/strong><\/p>\n<p><\/p>\n<p>Vi anbefaler v\u00e5re rene essensielle oljer eller blandinger. &nbsp;Bildiffusersettet inneholder plass til 10 ml eterisk olje. \u00d8k salget ved \u00e5 selge et sett sammen med oljen.<\/p>\n","protected":false},"excerpt":{"rendered":"<p>Forbedre reisen din med denne unike aromaterapidiffuseren. Du kan velge dine favoritt essensielle oljer eller blandinger og oppleve de positive helsefordelene de gir mens du kj\u00f8rer. Designermedaljongen inneholder en filtpute som kan holde noen dr\u00e5per olje. Fest den til ventilasjonspanelet i bilen for \u00e5 la duften str\u00f8mme. Medaljongen er laget av rustfritt st\u00e5l av h\u00f8y [&hellip;]<\/p>\n","protected":false},"featured_media":256279,"comment_status":"closed","ping_status":"open","template":"","meta":{"_angie_page":false},"product_brand":[],"product_cat":[9081,11154],"product_tag":[],"class_list":{"0":"post-210313","1":"product","2":"type-product","3":"status-publish","4":"has-post-thumbnail","6":"product_cat-aroma-diffuser-aromalamper-og-duftpinner","7":"product_cat-bil-duft","8":"pa_collection-aromatherapy-car-diffuser-kit-no","9":"pa_made-in-kina","11":"first","12":"instock","13":"purchasable","14":"product-type-simple"},"supplier_id":null,"supplier_sku":"AromaC-08","barcode":null,"atum_controlled":true,"out_stock_date":null,"out_stock_threshold":null,"inheritable":false,"inbound_stock":null,"stock_on_hold":0,"sold_today":0,"sales_last_days":0,"reserved_stock":null,"customer_returns":null,"warehouse_damage":null,"lost_in_post":null,"other_logs":null,"out_stock_days":0,"lost_sales":0,"has_location":null,"update_date":"2026-04-27T06:50:28","atum_locations":[],"atum_stock_status":"instock","restock_status":false,"low_stock_amount":"","sales_update_date":"2026-02-06T00:02:40","calc_backorders":null,"_links":{"self":[{"href":"https:\/\/aromasentia.com\/no\/wp-json\/wp\/v2\/product\/210313","targetHints":{"allow":["GET"]}}],"collection":[{"href":"https:\/\/aromasentia.com\/no\/wp-json\/wp\/v2\/product"}],"about":[{"href":"https:\/\/aromasentia.com\/no\/wp-json\/wp\/v2\/types\/product"}],"replies":[{"embeddable":true,"href":"https:\/\/aromasentia.com\/no\/wp-json\/wp\/v2\/comments?post=210313"}],"version-history":[{"count":0,"href":"https:\/\/aromasentia.com\/no\/wp-json\/wp\/v2\/product\/210313\/revisions"}],"wp:featuredmedia":[{"embeddable":true,"href":"https:\/\/aromasentia.com\/no\/wp-json\/wp\/v2\/media\/256279"}],"wp:attachment":[{"href":"https:\/\/aromasentia.com\/no\/wp-json\/wp\/v2\/media?parent=210313"}],"wp:term":[{"taxonomy":"product_brand","embeddable":true,"href":"https:\/\/aromasentia.com\/no\/wp-json\/wp\/v2\/product_brand?post=210313"},{"taxonomy":"product_cat","embeddable":true,"href":"https:\/\/aromasentia.com\/no\/wp-json\/wp\/v2\/product_cat?post=210313"},{"taxonomy":"product_tag","embeddable":true,"href":"https:\/\/aromasentia.com\/no\/wp-json\/wp\/v2\/product_tag?post=210313"}],"curies":[{"name":"wp","href":"https:\/\/api.w.org\/{rel}","templated":true}]}}