{"id":210309,"date":"2025-03-20T14:33:05","date_gmt":"2025-03-20T14:33:05","guid":{"rendered":"https:\/\/aromasentia.com\/product\/soothing-essential-oil-blend-boxed-10ml\/"},"modified":"2025-05-31T07:16:41","modified_gmt":"2025-05-31T07:16:41","slug":"beroligende-eterisk-oljeblanding-eske-boks-10ml","status":"publish","type":"product","link":"https:\/\/aromasentia.com\/no\/beroligende-eterisk-oljeblanding-eske-boks-10ml\/","title":{"rendered":"Beroligende Eterisk Oljeblanding &#8211; Eske \/ Boks &#8211; 10ml"},"content":{"rendered":"<p>F\u00e5 en beroligende f\u00f8lelse med <strong>Beroligende essensiell oljeblanding<\/strong>.<\/p>\n<p>N\u00e5r den brukes i diffuser, bidrar denne oljeblandingen til \u00e5 roe ned spenninger og l\u00f8fte hum\u00f8ret, noe som fremmer avslapning og en dyp f\u00f8lelse av fred. Den beroligende essensielle oljeblandingen av romersk kamille, salvie og vetiver kan v\u00e6re spesielt beroligende etter en overaktiv og stressende dag.<\/p>\n<p>Du kan ta et avslappende bad med denne oljen, legge noen dr\u00e5per olje p\u00e5 f\u00f8ttene eller h\u00e5ndflatene, eller bruke oljebrennere til \u00e5 spre oljen i rommet.<\/p>\n<p>Rist ogs\u00e5 godt og p\u00e5f\u00f8r rikelig p\u00e5 h\u00e5ndleddene eller nakken etter \u00f8nske. Siden denne produktserien er laget av rene essensielle oljeblandinger for de med sensitiv hud, anbefaler vi \u00e5 fortynne med v\u00e5re baseoljer.<\/p>\n","protected":false},"excerpt":{"rendered":"<p>F\u00e5 en beroligende f\u00f8lelse med Beroligende essensiell oljeblanding. N\u00e5r den brukes i diffuser, bidrar denne oljeblandingen til \u00e5 roe ned spenninger og l\u00f8fte hum\u00f8ret, noe som fremmer avslapning og en dyp f\u00f8lelse av fred. Den beroligende essensielle oljeblandingen av romersk kamille, salvie og vetiver kan v\u00e6re spesielt beroligende etter en overaktiv og stressende dag. Du [&hellip;]<\/p>\n","protected":false},"featured_media":257824,"comment_status":"closed","ping_status":"open","template":"","meta":{"_angie_page":false},"product_brand":[],"product_cat":[9065,26651,10236],"product_tag":[],"class_list":{"0":"post-210309","1":"product","2":"type-product","3":"status-publish","4":"has-post-thumbnail","6":"product_cat-aromaterapi-og-romduft","7":"product_cat-eteriske-oljeblandinger","8":"product_cat-eteriske-oljer","9":"pa_collection-premium-essential-oil-blends-no","10":"pa_made-in-indonesia","11":"pa_size-10ml","13":"first","14":"instock","15":"purchasable","16":"product-type-simple"},"supplier_id":null,"supplier_sku":"AWEBL-05","barcode":null,"atum_controlled":true,"out_stock_date":null,"out_stock_threshold":null,"inheritable":false,"inbound_stock":null,"stock_on_hold":0,"sold_today":0,"sales_last_days":0,"reserved_stock":null,"customer_returns":null,"warehouse_damage":null,"lost_in_post":null,"other_logs":null,"out_stock_days":0,"lost_sales":0,"has_location":null,"update_date":"2026-04-27T06:51:52","atum_locations":[],"atum_stock_status":"instock","restock_status":false,"low_stock_amount":"","sales_update_date":"2025-10-09T03:24:15","calc_backorders":null,"_links":{"self":[{"href":"https:\/\/aromasentia.com\/no\/wp-json\/wp\/v2\/product\/210309","targetHints":{"allow":["GET"]}}],"collection":[{"href":"https:\/\/aromasentia.com\/no\/wp-json\/wp\/v2\/product"}],"about":[{"href":"https:\/\/aromasentia.com\/no\/wp-json\/wp\/v2\/types\/product"}],"replies":[{"embeddable":true,"href":"https:\/\/aromasentia.com\/no\/wp-json\/wp\/v2\/comments?post=210309"}],"version-history":[{"count":0,"href":"https:\/\/aromasentia.com\/no\/wp-json\/wp\/v2\/product\/210309\/revisions"}],"wp:featuredmedia":[{"embeddable":true,"href":"https:\/\/aromasentia.com\/no\/wp-json\/wp\/v2\/media\/257824"}],"wp:attachment":[{"href":"https:\/\/aromasentia.com\/no\/wp-json\/wp\/v2\/media?parent=210309"}],"wp:term":[{"taxonomy":"product_brand","embeddable":true,"href":"https:\/\/aromasentia.com\/no\/wp-json\/wp\/v2\/product_brand?post=210309"},{"taxonomy":"product_cat","embeddable":true,"href":"https:\/\/aromasentia.com\/no\/wp-json\/wp\/v2\/product_cat?post=210309"},{"taxonomy":"product_tag","embeddable":true,"href":"https:\/\/aromasentia.com\/no\/wp-json\/wp\/v2\/product_tag?post=210309"}],"curies":[{"name":"wp","href":"https:\/\/api.w.org\/{rel}","templated":true}]}}