{"id":210306,"date":"2025-03-20T14:33:05","date_gmt":"2025-03-20T14:33:05","guid":{"rendered":"https:\/\/aromasentia.com\/product\/breath-easy-essential-oil-blend-boxed-10ml\/"},"modified":"2025-05-31T07:16:24","modified_gmt":"2025-05-31T07:16:24","slug":"breath-easy-eteriske-oljeblandinger-eske-boks-10ml","status":"publish","type":"product","link":"https:\/\/aromasentia.com\/no\/breath-easy-eteriske-oljeblandinger-eske-boks-10ml\/","title":{"rendered":"Breath Easy Eteriske Oljeblandinger &#8211; Eske \/ Boks &#8211; 10ml"},"content":{"rendered":"<p>Pust lett med v\u00e5r <strong>Breathe Easy Essential Oil Blend<\/strong>.<\/p>\n<p>V\u00e5r vakre essensielle blanding har en forfriskende og rensende blanding av eukalyptus, ravensara og peppermynte som letter pusten etter eksponering for trafikkforurensning og st\u00f8v osv. Inhaler noen dr\u00e5per p\u00e5 et papirserviett for rask lindring eller bruk i oljebrennere.<\/p>\n<p>Du kan ta et avslappende bad med denne oljen, plassere noen dr\u00e5per olje p\u00e5 f\u00f8ttene eller h\u00e5ndflatene, eller bruke oljebrennere for \u00e5 spre olje i rommet.<\/p>\n<p>Rist ogs\u00e5 godt og p\u00e5f\u00f8r rikelig p\u00e5 h\u00e5ndleddene eller baksiden av nakken etter \u00f8nske. Siden denne produktserien er laget av rene essensielle oljeblandinger for de med sensitiv hud, anbefaler vi \u00e5 fortynne med v\u00e5re baseoljer.<\/p>\n","protected":false},"excerpt":{"rendered":"<p>Pust lett med v\u00e5r Breathe Easy Essential Oil Blend. V\u00e5r vakre essensielle blanding har en forfriskende og rensende blanding av eukalyptus, ravensara og peppermynte som letter pusten etter eksponering for trafikkforurensning og st\u00f8v osv. Inhaler noen dr\u00e5per p\u00e5 et papirserviett for rask lindring eller bruk i oljebrennere. Du kan ta et avslappende bad med denne [&hellip;]<\/p>\n","protected":false},"featured_media":257723,"comment_status":"closed","ping_status":"open","template":"","meta":{"_angie_page":false},"product_brand":[],"product_cat":[9065,26651,10236],"product_tag":[],"class_list":{"0":"post-210306","1":"product","2":"type-product","3":"status-publish","4":"has-post-thumbnail","6":"product_cat-aromaterapi-og-romduft","7":"product_cat-eteriske-oljeblandinger","8":"product_cat-eteriske-oljer","9":"pa_collection-premium-essential-oil-blends-no","10":"pa_made-in-australia","11":"pa_size-10ml","13":"first","14":"instock","15":"purchasable","16":"product-type-simple"},"supplier_id":null,"supplier_sku":"AWEBL-02","barcode":null,"atum_controlled":true,"out_stock_date":null,"out_stock_threshold":null,"inheritable":false,"inbound_stock":null,"stock_on_hold":0,"sold_today":0,"sales_last_days":0,"reserved_stock":null,"customer_returns":null,"warehouse_damage":null,"lost_in_post":null,"other_logs":null,"out_stock_days":0,"lost_sales":0,"has_location":null,"update_date":"2026-05-04T00:02:49","atum_locations":[],"atum_stock_status":"instock","restock_status":false,"low_stock_amount":"","sales_update_date":"2025-10-09T03:24:14","calc_backorders":null,"_links":{"self":[{"href":"https:\/\/aromasentia.com\/no\/wp-json\/wp\/v2\/product\/210306","targetHints":{"allow":["GET"]}}],"collection":[{"href":"https:\/\/aromasentia.com\/no\/wp-json\/wp\/v2\/product"}],"about":[{"href":"https:\/\/aromasentia.com\/no\/wp-json\/wp\/v2\/types\/product"}],"replies":[{"embeddable":true,"href":"https:\/\/aromasentia.com\/no\/wp-json\/wp\/v2\/comments?post=210306"}],"version-history":[{"count":0,"href":"https:\/\/aromasentia.com\/no\/wp-json\/wp\/v2\/product\/210306\/revisions"}],"wp:featuredmedia":[{"embeddable":true,"href":"https:\/\/aromasentia.com\/no\/wp-json\/wp\/v2\/media\/257723"}],"wp:attachment":[{"href":"https:\/\/aromasentia.com\/no\/wp-json\/wp\/v2\/media?parent=210306"}],"wp:term":[{"taxonomy":"product_brand","embeddable":true,"href":"https:\/\/aromasentia.com\/no\/wp-json\/wp\/v2\/product_brand?post=210306"},{"taxonomy":"product_cat","embeddable":true,"href":"https:\/\/aromasentia.com\/no\/wp-json\/wp\/v2\/product_cat?post=210306"},{"taxonomy":"product_tag","embeddable":true,"href":"https:\/\/aromasentia.com\/no\/wp-json\/wp\/v2\/product_tag?post=210306"}],"curies":[{"name":"wp","href":"https:\/\/api.w.org\/{rel}","templated":true}]}}