{"id":210298,"date":"2025-03-20T14:33:05","date_gmt":"2025-03-20T14:33:05","guid":{"rendered":"https:\/\/aromasentia.com\/product\/aromatherapy-jewellery-necklace-om-chakra-30mm\/"},"modified":"2025-05-31T07:15:53","modified_gmt":"2025-05-31T07:15:53","slug":"smykkehalskjede-med-aromaterapi-om-chakra-30-mm","status":"publish","type":"product","link":"https:\/\/aromasentia.com\/no\/smykkehalskjede-med-aromaterapi-om-chakra-30-mm\/","title":{"rendered":"Smykkehalskjede med Aromaterapi &#8211; Om Chakra &#8211; 30 mm"},"content":{"rendered":"<p><strong><span style=\"color: rgb(75, 80, 88);\">Aromaterapi-smykkehalskjede &#8211; Om Chakra<\/span><\/strong><span style=\"color: rgb(75, 80, 88);\">Diffuserhalskjeder lar kundene dine bruke din <strong>favoritt essensielle olje<\/strong> eller en av v\u00e5re spesielle blandinger uansett hvor de g\u00e5r, samtidig som de opplever de positive helsefordelene de gir. Hvert medaljong inneholder en liten pute som inneholder noen f\u00e5 dr\u00e5per olje som sakte diffunderer gjennom ventilasjonshullene p\u00e5 forsiden. <strong>Duften av oljen din kan vare i flere dager<\/strong>, men du kan alltids fylle p\u00e5 mer olje p\u00e5 puten etter at oljen har diffundert helt.<\/span><\/p>\n","protected":false},"excerpt":{"rendered":"<p>Aromaterapi-smykkehalskjede &#8211; Om ChakraDiffuserhalskjeder lar kundene dine bruke din favoritt essensielle olje eller en av v\u00e5re spesielle blandinger uansett hvor de g\u00e5r, samtidig som de opplever de positive helsefordelene de gir. Hvert medaljong inneholder en liten pute som inneholder noen f\u00e5 dr\u00e5per olje som sakte diffunderer gjennom ventilasjonshullene p\u00e5 forsiden. Duften av oljen din kan [&hellip;]<\/p>\n","protected":false},"featured_media":257339,"comment_status":"closed","ping_status":"open","template":"","meta":{"_angie_page":false},"product_brand":[],"product_cat":[9065,25214],"product_tag":[],"class_list":{"0":"post-210298","1":"product","2":"type-product","3":"status-publish","4":"has-post-thumbnail","6":"product_cat-aromaterapi-og-romduft","7":"product_cat-halskjeder-og-anheng","8":"pa_collection-aromatherapy-jewellery-necklaces-and-bracelets-no","9":"pa_made-in-kina","11":"first","12":"instock","13":"purchasable","14":"product-type-simple"},"supplier_id":null,"supplier_sku":"AromaJ-19","barcode":null,"atum_controlled":true,"out_stock_date":null,"out_stock_threshold":null,"inheritable":false,"inbound_stock":null,"stock_on_hold":0,"sold_today":0,"sales_last_days":0,"reserved_stock":null,"customer_returns":null,"warehouse_damage":null,"lost_in_post":null,"other_logs":null,"out_stock_days":0,"lost_sales":0,"has_location":null,"update_date":"2026-04-27T06:50:34","atum_locations":[],"atum_stock_status":"instock","restock_status":false,"low_stock_amount":"","sales_update_date":"2025-10-09T03:23:24","calc_backorders":null,"_links":{"self":[{"href":"https:\/\/aromasentia.com\/no\/wp-json\/wp\/v2\/product\/210298","targetHints":{"allow":["GET"]}}],"collection":[{"href":"https:\/\/aromasentia.com\/no\/wp-json\/wp\/v2\/product"}],"about":[{"href":"https:\/\/aromasentia.com\/no\/wp-json\/wp\/v2\/types\/product"}],"replies":[{"embeddable":true,"href":"https:\/\/aromasentia.com\/no\/wp-json\/wp\/v2\/comments?post=210298"}],"version-history":[{"count":0,"href":"https:\/\/aromasentia.com\/no\/wp-json\/wp\/v2\/product\/210298\/revisions"}],"wp:featuredmedia":[{"embeddable":true,"href":"https:\/\/aromasentia.com\/no\/wp-json\/wp\/v2\/media\/257339"}],"wp:attachment":[{"href":"https:\/\/aromasentia.com\/no\/wp-json\/wp\/v2\/media?parent=210298"}],"wp:term":[{"taxonomy":"product_brand","embeddable":true,"href":"https:\/\/aromasentia.com\/no\/wp-json\/wp\/v2\/product_brand?post=210298"},{"taxonomy":"product_cat","embeddable":true,"href":"https:\/\/aromasentia.com\/no\/wp-json\/wp\/v2\/product_cat?post=210298"},{"taxonomy":"product_tag","embeddable":true,"href":"https:\/\/aromasentia.com\/no\/wp-json\/wp\/v2\/product_tag?post=210298"}],"curies":[{"name":"wp","href":"https:\/\/api.w.org\/{rel}","templated":true}]}}