{"id":210293,"date":"2025-03-20T14:33:05","date_gmt":"2025-03-20T14:33:05","guid":{"rendered":"https:\/\/aromasentia.com\/product\/aromatherapy-jewellery-necklace-four-leaf-clover-30mm\/"},"modified":"2025-05-31T07:15:35","modified_gmt":"2025-05-31T07:15:35","slug":"halskjede-halssmykke-for-aromaterapi-firklover-30-mm","status":"publish","type":"product","link":"https:\/\/aromasentia.com\/no\/halskjede-halssmykke-for-aromaterapi-firklover-30-mm\/","title":{"rendered":"Halskjede \/ Halssmykke For Aromaterapi &#8211; Firkl\u00f8ver 30 mm"},"content":{"rendered":"<p>Dette <strong>Aromaterapi Diffuser Halskjedet &#8211; Firkl\u00f8ver 30mm<\/strong> lar deg bruke din favoritt essensielle olje eller en av v\u00e5re spesielle blandinger uansett hvor du g\u00e5r, samtidig som du opplever de positive helsefordelene de gir. Hvert medaljong inneholder en liten pute som inneholder noen f\u00e5 dr\u00e5per olje som sakte diffunderer gjennom ventilasjonshullene p\u00e5 forsiden. Duften av oljen din kan vare i flere dager, men du kan alltid fylle p\u00e5 mer olje p\u00e5 puten etter at oljen har diffundert helt.<\/p>\n<p>Medaljongene er tilgjengelige i to st\u00f8rrelser, 25 mm og 30 mm i diameter og 5 mm i tykkelse, og er laget av rustfritt st\u00e5l for \u00e5 sikre at oljene ikke misfarges eller bryter ned metallet over tid. Hvert halskjede leveres med 10 forskjellige fargeputer.<\/p>\n<p>Baksiden av medaljongen er solid og kan \u00e5pnes via en liten \u00e5pning p\u00e5 h\u00f8yre side som holdes sammen med en sterk magnetisk lukking.<\/p>\n<p>S\u00e5 skynd deg \u00e5 bestille dette fantastiske utvalget av halskjeder i dag, velg dine essensielle oljer eller blandinger og nyt den ultimate b\u00e6rbare aromaterapien.<\/p>\n","protected":false},"excerpt":{"rendered":"<p>Dette Aromaterapi Diffuser Halskjedet &#8211; Firkl\u00f8ver 30mm lar deg bruke din favoritt essensielle olje eller en av v\u00e5re spesielle blandinger uansett hvor du g\u00e5r, samtidig som du opplever de positive helsefordelene de gir. Hvert medaljong inneholder en liten pute som inneholder noen f\u00e5 dr\u00e5per olje som sakte diffunderer gjennom ventilasjonshullene p\u00e5 forsiden. Duften av oljen [&hellip;]<\/p>\n","protected":false},"featured_media":257158,"comment_status":"closed","ping_status":"open","template":"","meta":{"_angie_page":false},"product_brand":[],"product_cat":[9065,25214],"product_tag":[],"class_list":{"0":"post-210293","1":"product","2":"type-product","3":"status-publish","4":"has-post-thumbnail","6":"product_cat-aromaterapi-og-romduft","7":"product_cat-halskjeder-og-anheng","8":"pa_collection-aromatherapy-jewellery-necklaces-and-bracelets-no","9":"pa_made-in-kina","11":"first","12":"instock","13":"purchasable","14":"product-type-simple"},"supplier_id":null,"supplier_sku":"AromaJ-14","barcode":null,"atum_controlled":true,"out_stock_date":null,"out_stock_threshold":null,"inheritable":false,"inbound_stock":null,"stock_on_hold":0,"sold_today":0,"sales_last_days":0,"reserved_stock":null,"customer_returns":null,"warehouse_damage":null,"lost_in_post":null,"other_logs":null,"out_stock_days":10,"lost_sales":0,"has_location":null,"update_date":"2026-04-29T01:07:01","atum_locations":[],"atum_stock_status":"instock","restock_status":false,"low_stock_amount":"","sales_update_date":"2026-02-06T00:02:30","calc_backorders":null,"_links":{"self":[{"href":"https:\/\/aromasentia.com\/no\/wp-json\/wp\/v2\/product\/210293","targetHints":{"allow":["GET"]}}],"collection":[{"href":"https:\/\/aromasentia.com\/no\/wp-json\/wp\/v2\/product"}],"about":[{"href":"https:\/\/aromasentia.com\/no\/wp-json\/wp\/v2\/types\/product"}],"replies":[{"embeddable":true,"href":"https:\/\/aromasentia.com\/no\/wp-json\/wp\/v2\/comments?post=210293"}],"version-history":[{"count":0,"href":"https:\/\/aromasentia.com\/no\/wp-json\/wp\/v2\/product\/210293\/revisions"}],"wp:featuredmedia":[{"embeddable":true,"href":"https:\/\/aromasentia.com\/no\/wp-json\/wp\/v2\/media\/257158"}],"wp:attachment":[{"href":"https:\/\/aromasentia.com\/no\/wp-json\/wp\/v2\/media?parent=210293"}],"wp:term":[{"taxonomy":"product_brand","embeddable":true,"href":"https:\/\/aromasentia.com\/no\/wp-json\/wp\/v2\/product_brand?post=210293"},{"taxonomy":"product_cat","embeddable":true,"href":"https:\/\/aromasentia.com\/no\/wp-json\/wp\/v2\/product_cat?post=210293"},{"taxonomy":"product_tag","embeddable":true,"href":"https:\/\/aromasentia.com\/no\/wp-json\/wp\/v2\/product_tag?post=210293"}],"curies":[{"name":"wp","href":"https:\/\/api.w.org\/{rel}","templated":true}]}}