{"id":210291,"date":"2025-03-20T14:33:05","date_gmt":"2025-03-20T14:33:05","guid":{"rendered":"https:\/\/aromasentia.com\/product\/luxury-lavender-wheat-bag-in-gift-box-butterfly-roses\/"},"modified":"2025-05-31T07:15:28","modified_gmt":"2025-05-31T07:15:28","slug":"luksus-lavendel-hvetepose-i-gaveeske-butterfly-roses","status":"publish","type":"product","link":"https:\/\/aromasentia.com\/no\/luksus-lavendel-hvetepose-i-gaveeske-butterfly-roses\/","title":{"rendered":"Luksus Lavendel Hvetepose I Gaveeske &#8211; Butterfly &#038; Roses"},"content":{"rendered":"<p><strong>Luksuri\u00f8s lavendelhvetepose &#8211; Butterfly &amp; Roses<\/strong> leveres i en solid gaveeske. Legg merke til hvordan tauh\u00e5ndtakene strekker seg ut av esken.<\/p>\n<p>Hvete har en unik cellestruktur som raskt kan absorbere varme eller kulde og deretter frigj\u00f8re den jevnt, noe som hjelper mot tilstander som leddgikt, menstruasjonssmerter, verkende ledd osv. Lavendel er kjent for \u00e5 bidra til \u00e5 lindre spenninger og smerter, s\u00e5 du kan forestille deg hvor avslappende disse er kombinert. Et utmerket og trygt alternativ til varmeflasker.<\/p>\n<p>Disse eskede hveteposene inneholder hvete, lavendelfr\u00f8 og ekstra lavendelolje.<\/p>\n","protected":false},"excerpt":{"rendered":"<p>Luksuri\u00f8s lavendelhvetepose &#8211; Butterfly &amp; Roses leveres i en solid gaveeske. Legg merke til hvordan tauh\u00e5ndtakene strekker seg ut av esken. Hvete har en unik cellestruktur som raskt kan absorbere varme eller kulde og deretter frigj\u00f8re den jevnt, noe som hjelper mot tilstander som leddgikt, menstruasjonssmerter, verkende ledd osv. Lavendel er kjent for \u00e5 bidra [&hellip;]<\/p>\n","protected":false},"featured_media":258135,"comment_status":"closed","ping_status":"open","template":"","meta":{"_angie_page":false},"product_brand":[],"product_cat":[9065,26834,25843,26232,26366],"product_tag":[],"class_list":{"0":"post-210291","1":"product","2":"type-product","3":"status-publish","4":"has-post-thumbnail","6":"product_cat-aromaterapi-og-romduft","7":"product_cat-blomster","8":"product_cat-dufter-aromaer","9":"product_cat-lavendel","10":"product_cat-rose","11":"pa_collection-lavender-wheat-bags-no","12":"pa_made-in-kina","14":"first","15":"instock","16":"purchasable","17":"product-type-simple"},"supplier_id":null,"supplier_sku":"AWHBL-03","barcode":null,"atum_controlled":true,"out_stock_date":null,"out_stock_threshold":null,"inheritable":false,"inbound_stock":null,"stock_on_hold":0,"sold_today":0,"sales_last_days":0,"reserved_stock":null,"customer_returns":null,"warehouse_damage":null,"lost_in_post":null,"other_logs":null,"out_stock_days":0,"lost_sales":0,"has_location":null,"update_date":"2026-04-27T06:52:28","atum_locations":[],"atum_stock_status":"instock","restock_status":false,"low_stock_amount":"","sales_update_date":"2026-01-20T05:14:05","calc_backorders":null,"_links":{"self":[{"href":"https:\/\/aromasentia.com\/no\/wp-json\/wp\/v2\/product\/210291","targetHints":{"allow":["GET"]}}],"collection":[{"href":"https:\/\/aromasentia.com\/no\/wp-json\/wp\/v2\/product"}],"about":[{"href":"https:\/\/aromasentia.com\/no\/wp-json\/wp\/v2\/types\/product"}],"replies":[{"embeddable":true,"href":"https:\/\/aromasentia.com\/no\/wp-json\/wp\/v2\/comments?post=210291"}],"version-history":[{"count":0,"href":"https:\/\/aromasentia.com\/no\/wp-json\/wp\/v2\/product\/210291\/revisions"}],"wp:featuredmedia":[{"embeddable":true,"href":"https:\/\/aromasentia.com\/no\/wp-json\/wp\/v2\/media\/258135"}],"wp:attachment":[{"href":"https:\/\/aromasentia.com\/no\/wp-json\/wp\/v2\/media?parent=210291"}],"wp:term":[{"taxonomy":"product_brand","embeddable":true,"href":"https:\/\/aromasentia.com\/no\/wp-json\/wp\/v2\/product_brand?post=210291"},{"taxonomy":"product_cat","embeddable":true,"href":"https:\/\/aromasentia.com\/no\/wp-json\/wp\/v2\/product_cat?post=210291"},{"taxonomy":"product_tag","embeddable":true,"href":"https:\/\/aromasentia.com\/no\/wp-json\/wp\/v2\/product_tag?post=210291"}],"curies":[{"name":"wp","href":"https:\/\/api.w.org\/{rel}","templated":true}]}}