{"id":210286,"date":"2025-03-20T14:35:19","date_gmt":"2025-03-20T14:35:19","guid":{"rendered":"https:\/\/aromasentia.com\/product\/jojoba-oil-100ml\/"},"modified":"2025-05-31T07:14:56","modified_gmt":"2025-05-31T07:14:56","slug":"jojobaolje-100ml","status":"publish","type":"product","link":"https:\/\/aromasentia.com\/no\/jojobaolje-100ml\/","title":{"rendered":"Jojobaolje &#8211; 100ml"},"content":{"rendered":"<p><strong>Botanisk navn: <\/strong>Simmondsia Chinensis<\/p>\n<p><strong>Andre navn: <\/strong>Buxus Chinensis, Deernut, Goatnut, Huile de Jojoba, Pignut, Simmondsia Californica.<\/p>\n<p><strong>Opprinnelse: <\/strong>Jojobaplanten vokser i \u00f8rkenene i Nord- og Mellom-Amerika.<\/p>\n<p><strong>Farge og lukt:<\/strong> Jojobaolje har en gyllen farge og en litt jordaktig lukt.<\/p>\n<p><strong>Tekstur: <\/strong>Jojobaolje er en lett olje med en tykk tekstur som en voks.<\/p>\n<p>Jojobaolje har mange positive effekter. Oljen har betennelsesdempende egenskaper og sies \u00e5 fungere bra mot leddgikt. Den er ogs\u00e5 flott for huden, og har en positiv effekt p\u00e5 eksem, t\u00f8rr hud, solbrenthet, psoriasis og sprukken hud.<\/p>\n<p>Jojobaolje fukter huden og h\u00e5ret v\u00e5rt n\u00e5r kroppen slutter \u00e5 gj\u00f8re det naturlig. Den er perfekt for \u00e5 fjerne smuss, sminke og bakterier fra ansiktet ditt mens du bruker den.<\/p>\n<p>Jojobaolje forhindrer barberingsskader, den voksaktige teksturen eliminerer risikoen for barberingshendelser som kutt og barberingsskader.<\/p>\n","protected":false},"excerpt":{"rendered":"<p>Botanisk navn: Simmondsia Chinensis Andre navn: Buxus Chinensis, Deernut, Goatnut, Huile de Jojoba, Pignut, Simmondsia Californica. Opprinnelse: Jojobaplanten vokser i \u00f8rkenene i Nord- og Mellom-Amerika. Farge og lukt: Jojobaolje har en gyllen farge og en litt jordaktig lukt. Tekstur: Jojobaolje er en lett olje med en tykk tekstur som en voks. Jojobaolje har mange positive [&hellip;]<\/p>\n","protected":false},"featured_media":258977,"comment_status":"closed","ping_status":"open","template":"","meta":{"_angie_page":false},"product_brand":[27096],"product_cat":[9065,10312],"product_tag":[],"class_list":{"0":"post-210286","1":"product","2":"type-product","3":"status-publish","4":"has-post-thumbnail","6":"product_brand-ancient-wisdom","7":"product_cat-aromaterapi-og-romduft","8":"product_cat-baseoljer","9":"pa_collection-base-oils-no","10":"pa_size-100ml","12":"first","13":"instock","14":"purchasable","15":"product-type-simple"},"supplier_id":null,"supplier_sku":"BO-03","barcode":null,"atum_controlled":true,"out_stock_date":null,"out_stock_threshold":null,"inheritable":false,"inbound_stock":null,"stock_on_hold":0,"sold_today":0,"sales_last_days":0,"reserved_stock":null,"customer_returns":null,"warehouse_damage":null,"lost_in_post":null,"other_logs":null,"out_stock_days":0,"lost_sales":0,"has_location":null,"update_date":"2026-04-27T06:55:16","atum_locations":[],"atum_stock_status":"instock","restock_status":false,"low_stock_amount":"","sales_update_date":"2025-10-09T03:26:37","calc_backorders":null,"_links":{"self":[{"href":"https:\/\/aromasentia.com\/no\/wp-json\/wp\/v2\/product\/210286","targetHints":{"allow":["GET"]}}],"collection":[{"href":"https:\/\/aromasentia.com\/no\/wp-json\/wp\/v2\/product"}],"about":[{"href":"https:\/\/aromasentia.com\/no\/wp-json\/wp\/v2\/types\/product"}],"replies":[{"embeddable":true,"href":"https:\/\/aromasentia.com\/no\/wp-json\/wp\/v2\/comments?post=210286"}],"version-history":[{"count":0,"href":"https:\/\/aromasentia.com\/no\/wp-json\/wp\/v2\/product\/210286\/revisions"}],"wp:featuredmedia":[{"embeddable":true,"href":"https:\/\/aromasentia.com\/no\/wp-json\/wp\/v2\/media\/258977"}],"wp:attachment":[{"href":"https:\/\/aromasentia.com\/no\/wp-json\/wp\/v2\/media?parent=210286"}],"wp:term":[{"taxonomy":"product_brand","embeddable":true,"href":"https:\/\/aromasentia.com\/no\/wp-json\/wp\/v2\/product_brand?post=210286"},{"taxonomy":"product_cat","embeddable":true,"href":"https:\/\/aromasentia.com\/no\/wp-json\/wp\/v2\/product_cat?post=210286"},{"taxonomy":"product_tag","embeddable":true,"href":"https:\/\/aromasentia.com\/no\/wp-json\/wp\/v2\/product_tag?post=210286"}],"curies":[{"name":"wp","href":"https:\/\/api.w.org\/{rel}","templated":true}]}}