{"id":210284,"date":"2025-03-20T14:35:19","date_gmt":"2025-03-20T14:35:19","guid":{"rendered":"https:\/\/aromasentia.com\/product\/grapeseed-oil-100ml\/"},"modified":"2025-05-31T07:14:47","modified_gmt":"2025-05-31T07:14:47","slug":"druekjerneolje-100ml","status":"publish","type":"product","link":"https:\/\/aromasentia.com\/no\/druekjerneolje-100ml\/","title":{"rendered":"Druekjerneolje &#8211; 100ml"},"content":{"rendered":"<p><strong>Botanisk navn:<\/strong>&nbsp; Vitis Vinifera<\/p>\n<p><strong>Opprinnelse:<\/strong>&nbsp; Druefr\u00f8olje kommer fra Spania. Finnes i Middelhavsregionen s\u00e5 vel som Asia, og det antas at grekerne var de f\u00f8rste som konsumerte druer p\u00e5 grunn av deres mange helsefordeler.<\/p>\n<p><strong>Farge og lukt:<\/strong>&nbsp; Fargen varierer fra klar til gul til lysegr\u00f8nn. Lett. Litt n\u00f8tteaktig og s\u00f8t.<\/p>\n<p><strong>Tekstur:<\/strong> Druefr\u00f8olje har en satenglignende tekstur.<\/p>\n<p>Inneholder mer vitamin E enn olivenolje, glavonoider som oligomer procyanidin, inolensyre, oljesyre, omega-3-fettsyrer, omega-6-fettsyrer, omega-9-fettsyrer, palmitinsyre, stearinsyre, vitamin C, vitamin E.<\/p>\n<p>Med sin tynne konsistens er druekjerneolje en utrolig lett fuktighetskrem. Den er lettere enn kokosolje og jojobaolje.<\/p>\n<p>Brukes som fuktighetskrem for fint h\u00e5r. Noen f\u00e5 dr\u00e5per kan p\u00e5f\u00f8res h\u00e5rstr\u00e5ene f\u00f8r sjampo.<br \/>Druekjerneolje har et h\u00f8yt innhold av vitamin C og har derfor hudlysende egenskaper. Reduserer ogs\u00e5 spindelvener.<\/p>\n<p>Druekjerneolje er bra for anti-aldring. Den bidrar til \u00e5 gjenopprette kollagen fordi den inneholder OPC-er (oligomere proantocyanidiner).<\/p>\n","protected":false},"excerpt":{"rendered":"<p>Botanisk navn:&nbsp; Vitis Vinifera Opprinnelse:&nbsp; Druefr\u00f8olje kommer fra Spania. Finnes i Middelhavsregionen s\u00e5 vel som Asia, og det antas at grekerne var de f\u00f8rste som konsumerte druer p\u00e5 grunn av deres mange helsefordeler. Farge og lukt:&nbsp; Fargen varierer fra klar til gul til lysegr\u00f8nn. Lett. Litt n\u00f8tteaktig og s\u00f8t. Tekstur: Druefr\u00f8olje har en satenglignende tekstur. [&hellip;]<\/p>\n","protected":false},"featured_media":258959,"comment_status":"closed","ping_status":"open","template":"","meta":{"_angie_page":false},"product_brand":[27096],"product_cat":[9065,10312],"product_tag":[],"class_list":{"0":"post-210284","1":"product","2":"type-product","3":"status-publish","4":"has-post-thumbnail","6":"product_brand-ancient-wisdom","7":"product_cat-aromaterapi-og-romduft","8":"product_cat-baseoljer","9":"pa_collection-base-oils-no","10":"pa_made-in-spania","11":"pa_size-100ml","13":"first","14":"instock","15":"purchasable","16":"product-type-simple"},"supplier_id":null,"supplier_sku":"BO-01","barcode":null,"atum_controlled":true,"out_stock_date":null,"out_stock_threshold":null,"inheritable":false,"inbound_stock":null,"stock_on_hold":0,"sold_today":0,"sales_last_days":0,"reserved_stock":null,"customer_returns":null,"warehouse_damage":null,"lost_in_post":null,"other_logs":null,"out_stock_days":0,"lost_sales":0,"has_location":null,"update_date":"2026-04-27T06:55:16","atum_locations":[],"atum_stock_status":"instock","restock_status":false,"low_stock_amount":"","sales_update_date":"2025-10-09T03:26:37","calc_backorders":null,"_links":{"self":[{"href":"https:\/\/aromasentia.com\/no\/wp-json\/wp\/v2\/product\/210284","targetHints":{"allow":["GET"]}}],"collection":[{"href":"https:\/\/aromasentia.com\/no\/wp-json\/wp\/v2\/product"}],"about":[{"href":"https:\/\/aromasentia.com\/no\/wp-json\/wp\/v2\/types\/product"}],"replies":[{"embeddable":true,"href":"https:\/\/aromasentia.com\/no\/wp-json\/wp\/v2\/comments?post=210284"}],"version-history":[{"count":0,"href":"https:\/\/aromasentia.com\/no\/wp-json\/wp\/v2\/product\/210284\/revisions"}],"wp:featuredmedia":[{"embeddable":true,"href":"https:\/\/aromasentia.com\/no\/wp-json\/wp\/v2\/media\/258959"}],"wp:attachment":[{"href":"https:\/\/aromasentia.com\/no\/wp-json\/wp\/v2\/media?parent=210284"}],"wp:term":[{"taxonomy":"product_brand","embeddable":true,"href":"https:\/\/aromasentia.com\/no\/wp-json\/wp\/v2\/product_brand?post=210284"},{"taxonomy":"product_cat","embeddable":true,"href":"https:\/\/aromasentia.com\/no\/wp-json\/wp\/v2\/product_cat?post=210284"},{"taxonomy":"product_tag","embeddable":true,"href":"https:\/\/aromasentia.com\/no\/wp-json\/wp\/v2\/product_tag?post=210284"}],"curies":[{"name":"wp","href":"https:\/\/api.w.org\/{rel}","templated":true}]}}