{"id":210282,"date":"2025-03-20T14:35:19","date_gmt":"2025-03-20T14:35:19","guid":{"rendered":"https:\/\/aromasentia.com\/product\/1-litre-beard-oil-spartan-hero-condition\/"},"modified":"2025-05-31T07:14:42","modified_gmt":"2025-05-31T07:14:42","slug":"beard-oil-spartan-hero-condition-1-litre","status":"publish","type":"product","link":"https:\/\/aromasentia.com\/no\/beard-oil-spartan-hero-condition-1-litre\/","title":{"rendered":"Beard Oil &#8211; Spartan Hero &#8211; Condition! 1 Litre"},"content":{"rendered":"<p>Plei skjegget ditt til legendarisk mykhet med v\u00e5r Spartan Hero Beard Oil. Denne imponerende 1-liters formelen er laget for krigeren som krever det ypperste. Den er fylt med en robust, inspirerende duft og trenger dypt inn i skjeggh\u00e5rene for \u00e5 gi intens fuktighet og overlegen h\u00e5ndterbarhet, slik at selv de mest uregjerlige skjeggvekstene blir tamme. Den beroliger den underliggende huden, forhindrer flassing og irritasjon og s\u00f8rger for at skjegget ditt ser ut og f\u00f8les som en helt. Omfavn kraften i denne pleiende oljen og b\u00e6r skjegget ditt med selvtilliten til en ekte spartaner.<\/p>\n","protected":false},"excerpt":{"rendered":"<p>Plei skjegget ditt til legendarisk mykhet med v\u00e5r Spartan Hero Beard Oil. Denne imponerende 1-liters formelen er laget for krigeren som krever det ypperste. Den er fylt med en robust, inspirerende duft og trenger dypt inn i skjeggh\u00e5rene for \u00e5 gi intens fuktighet og overlegen h\u00e5ndterbarhet, slik at selv de mest uregjerlige skjeggvekstene blir tamme. [&hellip;]<\/p>\n","protected":false},"featured_media":258925,"comment_status":"closed","ping_status":"open","template":"","meta":{"_angie_page":false},"product_brand":[],"product_cat":[9413,9429,25808],"product_tag":[],"class_list":{"0":"post-210282","1":"product","2":"type-product","3":"status-publish","4":"has-post-thumbnail","6":"product_cat-bad-spa-og-personlig-pleie","7":"product_cat-harpleie","8":"product_cat-skjeggoljer","9":"pa_collection-pure-and-natural-beard-oils-1-litre-no","10":"pa_made-in-storbritannia","12":"first","13":"instock","14":"purchasable","15":"product-type-simple"},"supplier_id":null,"supplier_sku":"BeardoB-03","barcode":null,"atum_controlled":true,"out_stock_date":null,"out_stock_threshold":null,"inheritable":false,"inbound_stock":null,"stock_on_hold":0,"sold_today":0,"sales_last_days":0,"reserved_stock":null,"customer_returns":null,"warehouse_damage":null,"lost_in_post":null,"other_logs":null,"out_stock_days":0,"lost_sales":0,"has_location":null,"update_date":"2026-05-08T05:05:00","atum_locations":[],"atum_stock_status":"instock","restock_status":false,"low_stock_amount":"","sales_update_date":"2025-10-09T03:26:18","calc_backorders":null,"_links":{"self":[{"href":"https:\/\/aromasentia.com\/no\/wp-json\/wp\/v2\/product\/210282","targetHints":{"allow":["GET"]}}],"collection":[{"href":"https:\/\/aromasentia.com\/no\/wp-json\/wp\/v2\/product"}],"about":[{"href":"https:\/\/aromasentia.com\/no\/wp-json\/wp\/v2\/types\/product"}],"replies":[{"embeddable":true,"href":"https:\/\/aromasentia.com\/no\/wp-json\/wp\/v2\/comments?post=210282"}],"version-history":[{"count":0,"href":"https:\/\/aromasentia.com\/no\/wp-json\/wp\/v2\/product\/210282\/revisions"}],"wp:featuredmedia":[{"embeddable":true,"href":"https:\/\/aromasentia.com\/no\/wp-json\/wp\/v2\/media\/258925"}],"wp:attachment":[{"href":"https:\/\/aromasentia.com\/no\/wp-json\/wp\/v2\/media?parent=210282"}],"wp:term":[{"taxonomy":"product_brand","embeddable":true,"href":"https:\/\/aromasentia.com\/no\/wp-json\/wp\/v2\/product_brand?post=210282"},{"taxonomy":"product_cat","embeddable":true,"href":"https:\/\/aromasentia.com\/no\/wp-json\/wp\/v2\/product_cat?post=210282"},{"taxonomy":"product_tag","embeddable":true,"href":"https:\/\/aromasentia.com\/no\/wp-json\/wp\/v2\/product_tag?post=210282"}],"curies":[{"name":"wp","href":"https:\/\/api.w.org\/{rel}","templated":true}]}}