{"id":210281,"date":"2025-03-20T14:35:19","date_gmt":"2025-03-20T14:35:19","guid":{"rendered":"https:\/\/aromasentia.com\/product\/1-litre-beard-oil-nordic-spruce-regenerate\/"},"modified":"2025-05-31T07:14:39","modified_gmt":"2025-05-31T07:14:39","slug":"beard-oil-nordic-spruce-regenerate-1-litre","status":"publish","type":"product","link":"https:\/\/aromasentia.com\/no\/beard-oil-nordic-spruce-regenerate-1-litre\/","title":{"rendered":"Beard Oil &#8211; Nordic Spruce &#8211; Regenerate! 1 Litre"},"content":{"rendered":"<p>Forny din edle manke med v\u00e5r Nordic Spruce Beard Oil. Denne 1-liters eliksiren kanaliserer den skarpe, rene essensen av skandinaviske skoger, og tilf\u00f8rer skjegget ditt en forfriskende duft av frisk gran. Den er formulert for \u00e5 gi n\u00e6ring til b\u00e5de h\u00e5ret og huden under, og bidrar til \u00e5 revitalisere slitne h\u00e5rsekker, fremme sunn vekst og bekjempe t\u00f8rrhet og kl\u00f8e. Regelmessig bruk gj\u00f8r at skjegget f\u00f8les bemerkelsesverdig mykt, h\u00e5ndterbart og gjennomsyret av en subtil, maskulin duft som vitner om barsk natur og raffinert styrke. Perfekt for den moderne vikingen.<\/p>\n","protected":false},"excerpt":{"rendered":"<p>Forny din edle manke med v\u00e5r Nordic Spruce Beard Oil. Denne 1-liters eliksiren kanaliserer den skarpe, rene essensen av skandinaviske skoger, og tilf\u00f8rer skjegget ditt en forfriskende duft av frisk gran. Den er formulert for \u00e5 gi n\u00e6ring til b\u00e5de h\u00e5ret og huden under, og bidrar til \u00e5 revitalisere slitne h\u00e5rsekker, fremme sunn vekst og [&hellip;]<\/p>\n","protected":false},"featured_media":258908,"comment_status":"closed","ping_status":"open","template":"","meta":{"_angie_page":false},"product_brand":[],"product_cat":[9413,25843,26400,9429,25808,26897],"product_tag":[],"class_list":{"0":"post-210281","1":"product","2":"type-product","3":"status-publish","4":"has-post-thumbnail","6":"product_cat-bad-spa-og-personlig-pleie","7":"product_cat-dufter-aromaer","8":"product_cat-gran","9":"product_cat-harpleie","10":"product_cat-skjeggoljer","11":"product_cat-treaktig","12":"pa_collection-pure-and-natural-beard-oils-1-litre-no","13":"pa_made-in-storbritannia","15":"first","16":"instock","17":"purchasable","18":"product-type-simple"},"supplier_id":null,"supplier_sku":"BeardoB-02","barcode":null,"atum_controlled":true,"out_stock_date":null,"out_stock_threshold":null,"inheritable":false,"inbound_stock":null,"stock_on_hold":0,"sold_today":0,"sales_last_days":0,"reserved_stock":null,"customer_returns":null,"warehouse_damage":null,"lost_in_post":null,"other_logs":null,"out_stock_days":0,"lost_sales":0,"has_location":null,"update_date":"2026-04-27T06:54:47","atum_locations":[],"atum_stock_status":"instock","restock_status":false,"low_stock_amount":"","sales_update_date":"2026-01-30T01:25:43","calc_backorders":null,"_links":{"self":[{"href":"https:\/\/aromasentia.com\/no\/wp-json\/wp\/v2\/product\/210281","targetHints":{"allow":["GET"]}}],"collection":[{"href":"https:\/\/aromasentia.com\/no\/wp-json\/wp\/v2\/product"}],"about":[{"href":"https:\/\/aromasentia.com\/no\/wp-json\/wp\/v2\/types\/product"}],"replies":[{"embeddable":true,"href":"https:\/\/aromasentia.com\/no\/wp-json\/wp\/v2\/comments?post=210281"}],"version-history":[{"count":0,"href":"https:\/\/aromasentia.com\/no\/wp-json\/wp\/v2\/product\/210281\/revisions"}],"wp:featuredmedia":[{"embeddable":true,"href":"https:\/\/aromasentia.com\/no\/wp-json\/wp\/v2\/media\/258908"}],"wp:attachment":[{"href":"https:\/\/aromasentia.com\/no\/wp-json\/wp\/v2\/media?parent=210281"}],"wp:term":[{"taxonomy":"product_brand","embeddable":true,"href":"https:\/\/aromasentia.com\/no\/wp-json\/wp\/v2\/product_brand?post=210281"},{"taxonomy":"product_cat","embeddable":true,"href":"https:\/\/aromasentia.com\/no\/wp-json\/wp\/v2\/product_cat?post=210281"},{"taxonomy":"product_tag","embeddable":true,"href":"https:\/\/aromasentia.com\/no\/wp-json\/wp\/v2\/product_tag?post=210281"}],"curies":[{"name":"wp","href":"https:\/\/api.w.org\/{rel}","templated":true}]}}