{"id":210279,"date":"2025-03-20T14:35:19","date_gmt":"2025-03-20T14:35:19","guid":{"rendered":"https:\/\/aromasentia.com\/product\/50ml-beard-oil-roman-gladiator-enhance\/"},"modified":"2025-05-31T07:14:33","modified_gmt":"2025-05-31T07:14:33","slug":"50ml-skjeggolje-roman-gladiator-enhance","status":"publish","type":"product","link":"https:\/\/aromasentia.com\/no\/50ml-skjeggolje-roman-gladiator-enhance\/","title":{"rendered":"50ml Skjeggolje &#8211; Roman Gladiator &#8211; Enhance!"},"content":{"rendered":"<p>Ta en pause fra det fruktige og blomsteraktige, og pr\u00f8v denne <strong>rene, men eksotiske duften av svart pepper og bergamott skjeggolje, n\u00f8ye blandet med aprikos-, argan- og vitamin E-olje, for daglig bruk.<\/strong><\/p>\n<p>Laget i sm\u00e5 porsjoner og utviklet for \u00e5 forbedre veksten av skjeggstubber eller skjeggstubber.<\/p>\n<p>Skjeggolje vil mykgj\u00f8re grovt h\u00e5r og bidra til \u00e5 gj\u00f8re det smidig og lettere \u00e5 style. Og bak kulissene vil den bidra til \u00e5 pleie huden under, noe som reduserer sjansene for at det blir kl\u00f8ende eller flassende. V\u00e6r trygg p\u00e5 at skjegget ditt vil takke deg.<\/p>\n<p>Det sies at svart pepper er rik p\u00e5 vitamin A og C, flavonoider, karotenoider og andre antioksidanter. Dette bidrar til \u00e5 stimulere skjeggvekst samtidig som det drar nytte av de krydrede og eksotiske tonene i denne bestselgende skjeggoljen.<\/p>\n<p>Det er helt naturlig, s\u00e5 v\u00e6r en romersk gladiator og forbedre skjegget eller skjeggstubbene dine.<\/p>\n","protected":false},"excerpt":{"rendered":"<p>Ta en pause fra det fruktige og blomsteraktige, og pr\u00f8v denne rene, men eksotiske duften av svart pepper og bergamott skjeggolje, n\u00f8ye blandet med aprikos-, argan- og vitamin E-olje, for daglig bruk. Laget i sm\u00e5 porsjoner og utviklet for \u00e5 forbedre veksten av skjeggstubber eller skjeggstubber. Skjeggolje vil mykgj\u00f8re grovt h\u00e5r og bidra til \u00e5 [&hellip;]<\/p>\n","protected":false},"featured_media":258834,"comment_status":"closed","ping_status":"open","template":"","meta":{"_angie_page":false},"product_brand":[],"product_cat":[9413,9429,25808],"product_tag":[],"class_list":{"0":"post-210279","1":"product","2":"type-product","3":"status-publish","4":"has-post-thumbnail","6":"product_cat-bad-spa-og-personlig-pleie","7":"product_cat-harpleie","8":"product_cat-skjeggoljer","9":"pa_collection-pure-and-natural-beard-oils-no","10":"pa_made-in-storbritannia","11":"pa_size-50ml","13":"first","14":"instock","15":"purchasable","16":"product-type-simple"},"supplier_id":null,"supplier_sku":"BeardO-04","barcode":null,"atum_controlled":true,"out_stock_date":null,"out_stock_threshold":null,"inheritable":false,"inbound_stock":0,"stock_on_hold":0,"sold_today":0,"sales_last_days":0,"reserved_stock":0,"customer_returns":0,"warehouse_damage":0,"lost_in_post":0,"other_logs":0,"out_stock_days":0,"lost_sales":0,"has_location":false,"update_date":"2026-05-08T05:05:00","atum_locations":[],"atum_stock_status":"instock","restock_status":false,"low_stock_amount":"","sales_update_date":"2025-10-09T03:26:18","calc_backorders":null,"_links":{"self":[{"href":"https:\/\/aromasentia.com\/no\/wp-json\/wp\/v2\/product\/210279","targetHints":{"allow":["GET"]}}],"collection":[{"href":"https:\/\/aromasentia.com\/no\/wp-json\/wp\/v2\/product"}],"about":[{"href":"https:\/\/aromasentia.com\/no\/wp-json\/wp\/v2\/types\/product"}],"replies":[{"embeddable":true,"href":"https:\/\/aromasentia.com\/no\/wp-json\/wp\/v2\/comments?post=210279"}],"version-history":[{"count":0,"href":"https:\/\/aromasentia.com\/no\/wp-json\/wp\/v2\/product\/210279\/revisions"}],"wp:featuredmedia":[{"embeddable":true,"href":"https:\/\/aromasentia.com\/no\/wp-json\/wp\/v2\/media\/258834"}],"wp:attachment":[{"href":"https:\/\/aromasentia.com\/no\/wp-json\/wp\/v2\/media?parent=210279"}],"wp:term":[{"taxonomy":"product_brand","embeddable":true,"href":"https:\/\/aromasentia.com\/no\/wp-json\/wp\/v2\/product_brand?post=210279"},{"taxonomy":"product_cat","embeddable":true,"href":"https:\/\/aromasentia.com\/no\/wp-json\/wp\/v2\/product_cat?post=210279"},{"taxonomy":"product_tag","embeddable":true,"href":"https:\/\/aromasentia.com\/no\/wp-json\/wp\/v2\/product_tag?post=210279"}],"curies":[{"name":"wp","href":"https:\/\/api.w.org\/{rel}","templated":true}]}}