{"id":210278,"date":"2025-03-20T14:35:19","date_gmt":"2025-03-20T14:35:19","guid":{"rendered":"https:\/\/aromasentia.com\/product\/50ml-beard-oil-spartan-hero-condition\/"},"modified":"2025-05-31T07:14:30","modified_gmt":"2025-05-31T07:14:30","slug":"50ml-skjeggolje-spartan-hero-condition","status":"publish","type":"product","link":"https:\/\/aromasentia.com\/no\/50ml-skjeggolje-spartan-hero-condition\/","title":{"rendered":"50ml Skjeggolje &#8211; Spartan Hero &#8211; Condition!"},"content":{"rendered":"<p>Enkel og naturlig, dette er en superfin skjeggolje laget med essensielle oljer av patchouli, lime og sedertre, n\u00f8ye blandet med kokosn\u00f8tt, avokado og gyllen jojobaolje for daglig bruk.<\/strong><\/p>\n<p>Laget i sm\u00e5 porsjoner og utviklet for \u00e5 pleie enhver stubb eller skjeggstubb.<\/p>\n<p>Skjeggolje vil mykgj\u00f8re grovt h\u00e5r og bidra til \u00e5 gj\u00f8re det smidig og lettere \u00e5 style. Og bak kulissene vil den bidra til \u00e5 pleie huden under, noe som reduserer sjansene for at den blir kl\u00f8ende eller flassende. V\u00e6r trygg p\u00e5 at skjegget ditt vil takke deg.<\/p>\n<p>Lett treaktig, s\u00f8t og krydret patchouli med et lite hint av sitrus, som blandes inn i en myk base av sedertre. Nydelig!<\/p>\n<p><\/p>\n<p>Denne blandingen av oljer er ment \u00e5 myke opp og pleie h\u00e5rsekkene for \u00e5 forbedre den feilfrie stubben og skjegget<\/p>\n","protected":false},"excerpt":{"rendered":"<p>Enkel og naturlig, dette er en superfin skjeggolje laget med essensielle oljer av patchouli, lime og sedertre, n\u00f8ye blandet med kokosn\u00f8tt, avokado og gyllen jojobaolje for daglig bruk. Laget i sm\u00e5 porsjoner og utviklet for \u00e5 pleie enhver stubb eller skjeggstubb. Skjeggolje vil mykgj\u00f8re grovt h\u00e5r og bidra til \u00e5 gj\u00f8re det smidig og lettere [&hellip;]<\/p>\n","protected":false},"featured_media":258777,"comment_status":"closed","ping_status":"open","template":"","meta":{"_angie_page":false},"product_brand":[],"product_cat":[9413,9429,25808],"product_tag":[],"class_list":{"0":"post-210278","1":"product","2":"type-product","3":"status-publish","4":"has-post-thumbnail","6":"product_cat-bad-spa-og-personlig-pleie","7":"product_cat-harpleie","8":"product_cat-skjeggoljer","9":"pa_collection-pure-and-natural-beard-oils-no","10":"pa_made-in-storbritannia","11":"pa_size-50ml","13":"first","14":"instock","15":"purchasable","16":"product-type-simple"},"supplier_id":null,"supplier_sku":"BeardO-03","barcode":null,"atum_controlled":true,"out_stock_date":null,"out_stock_threshold":null,"inheritable":false,"inbound_stock":null,"stock_on_hold":0,"sold_today":0,"sales_last_days":0,"reserved_stock":null,"customer_returns":null,"warehouse_damage":null,"lost_in_post":null,"other_logs":null,"out_stock_days":0,"lost_sales":0,"has_location":null,"update_date":"2026-04-27T06:54:47","atum_locations":[],"atum_stock_status":"instock","restock_status":false,"low_stock_amount":"","sales_update_date":"2026-01-30T01:24:51","calc_backorders":null,"_links":{"self":[{"href":"https:\/\/aromasentia.com\/no\/wp-json\/wp\/v2\/product\/210278","targetHints":{"allow":["GET"]}}],"collection":[{"href":"https:\/\/aromasentia.com\/no\/wp-json\/wp\/v2\/product"}],"about":[{"href":"https:\/\/aromasentia.com\/no\/wp-json\/wp\/v2\/types\/product"}],"replies":[{"embeddable":true,"href":"https:\/\/aromasentia.com\/no\/wp-json\/wp\/v2\/comments?post=210278"}],"version-history":[{"count":0,"href":"https:\/\/aromasentia.com\/no\/wp-json\/wp\/v2\/product\/210278\/revisions"}],"wp:featuredmedia":[{"embeddable":true,"href":"https:\/\/aromasentia.com\/no\/wp-json\/wp\/v2\/media\/258777"}],"wp:attachment":[{"href":"https:\/\/aromasentia.com\/no\/wp-json\/wp\/v2\/media?parent=210278"}],"wp:term":[{"taxonomy":"product_brand","embeddable":true,"href":"https:\/\/aromasentia.com\/no\/wp-json\/wp\/v2\/product_brand?post=210278"},{"taxonomy":"product_cat","embeddable":true,"href":"https:\/\/aromasentia.com\/no\/wp-json\/wp\/v2\/product_cat?post=210278"},{"taxonomy":"product_tag","embeddable":true,"href":"https:\/\/aromasentia.com\/no\/wp-json\/wp\/v2\/product_tag?post=210278"}],"curies":[{"name":"wp","href":"https:\/\/api.w.org\/{rel}","templated":true}]}}