{"id":210277,"date":"2025-03-20T14:35:19","date_gmt":"2025-03-20T14:35:19","guid":{"rendered":"https:\/\/aromasentia.com\/product\/50ml-beard-oil-nordic-spruce-regenerate\/"},"modified":"2025-05-31T07:14:25","modified_gmt":"2025-05-31T07:14:25","slug":"50ml-skjeggolje-nordic-spruce-regenerate","status":"publish","type":"product","link":"https:\/\/aromasentia.com\/no\/50ml-skjeggolje-nordic-spruce-regenerate\/","title":{"rendered":"50ml Skjeggolje &#8211; Nordic Spruce &#8211; Regenerate!"},"content":{"rendered":"<p><strong>Nordisk gran skjeggolje er laget med essensielle oljer fra r\u00f8kelse og gran<\/strong> og n\u00f8ye blandet med aprikos-, argan- og gyllen jojobaolje for daglig bruk.<\/p>\n<p>Laget i sm\u00e5 porsjoner med den hensikt \u00e5 hjelpe med \u00e5 regenerere stubber eller skjegg for \u00e5 bekjempe aldring av huden under.<\/p>\n<p>Skjeggolje vil mykgj\u00f8re grovt h\u00e5r og gj\u00f8re det smidig og lettere \u00e5 style. Og bak kulissene vil den bidra til \u00e5 pleie huden under, noe som reduserer sjansen for at den blir kl\u00f8ende eller flassende. Du kan v\u00e6re trygg p\u00e5 at skjegget ditt vil takke deg.<\/p>\n<p>Blandingen av essensielle oljer fra r\u00f8kelse og gran har b\u00e5de foryngende egenskaper, og med blandingen av aprikos, argan og gyllen jojoba er det en perfekt m\u00e5te \u00e5 starte dagen p\u00e5 med en fin og regenerert f\u00f8lelse.<\/p>\n","protected":false},"excerpt":{"rendered":"<p>Nordisk gran skjeggolje er laget med essensielle oljer fra r\u00f8kelse og gran og n\u00f8ye blandet med aprikos-, argan- og gyllen jojobaolje for daglig bruk. Laget i sm\u00e5 porsjoner med den hensikt \u00e5 hjelpe med \u00e5 regenerere stubber eller skjegg for \u00e5 bekjempe aldring av huden under. Skjeggolje vil mykgj\u00f8re grovt h\u00e5r og gj\u00f8re det smidig [&hellip;]<\/p>\n","protected":false},"featured_media":258720,"comment_status":"closed","ping_status":"open","template":"","meta":[],"product_brand":[],"product_cat":[9413,25843,26400,9429,25808,26897],"product_tag":[],"class_list":{"0":"post-210277","1":"product","2":"type-product","3":"status-publish","4":"has-post-thumbnail","6":"product_cat-bad-spa-og-personlig-pleie","7":"product_cat-dufter-aromaer","8":"product_cat-gran","9":"product_cat-harpleie","10":"product_cat-skjeggoljer","11":"product_cat-treaktig","12":"pa_collection-pure-and-natural-beard-oils-no","13":"pa_made-in-storbritannia","14":"pa_size-50ml","16":"first","17":"instock","18":"purchasable","19":"product-type-simple"},"supplier_id":null,"supplier_sku":"BeardO-02","barcode":null,"atum_controlled":true,"out_stock_date":null,"out_stock_threshold":null,"inheritable":false,"inbound_stock":null,"stock_on_hold":0,"sold_today":0,"sales_last_days":0,"reserved_stock":null,"customer_returns":null,"warehouse_damage":null,"lost_in_post":null,"other_logs":null,"out_stock_days":0,"lost_sales":0,"has_location":null,"update_date":"2026-02-10T05:09:07","atum_locations":[],"atum_stock_status":"instock","restock_status":false,"low_stock_amount":"","sales_update_date":"2025-10-09T03:26:18","calc_backorders":null,"_links":{"self":[{"href":"https:\/\/aromasentia.com\/no\/wp-json\/wp\/v2\/product\/210277","targetHints":{"allow":["GET"]}}],"collection":[{"href":"https:\/\/aromasentia.com\/no\/wp-json\/wp\/v2\/product"}],"about":[{"href":"https:\/\/aromasentia.com\/no\/wp-json\/wp\/v2\/types\/product"}],"replies":[{"embeddable":true,"href":"https:\/\/aromasentia.com\/no\/wp-json\/wp\/v2\/comments?post=210277"}],"version-history":[{"count":0,"href":"https:\/\/aromasentia.com\/no\/wp-json\/wp\/v2\/product\/210277\/revisions"}],"wp:featuredmedia":[{"embeddable":true,"href":"https:\/\/aromasentia.com\/no\/wp-json\/wp\/v2\/media\/258720"}],"wp:attachment":[{"href":"https:\/\/aromasentia.com\/no\/wp-json\/wp\/v2\/media?parent=210277"}],"wp:term":[{"taxonomy":"product_brand","embeddable":true,"href":"https:\/\/aromasentia.com\/no\/wp-json\/wp\/v2\/product_brand?post=210277"},{"taxonomy":"product_cat","embeddable":true,"href":"https:\/\/aromasentia.com\/no\/wp-json\/wp\/v2\/product_cat?post=210277"},{"taxonomy":"product_tag","embeddable":true,"href":"https:\/\/aromasentia.com\/no\/wp-json\/wp\/v2\/product_tag?post=210277"}],"curies":[{"name":"wp","href":"https:\/\/api.w.org\/{rel}","templated":true}]}}