{"id":210255,"date":"2025-03-20T14:36:59","date_gmt":"2025-03-20T14:36:59","guid":{"rendered":"https:\/\/aromasentia.com\/product\/safflower-oil-100ml\/"},"modified":"2025-05-31T07:12:38","modified_gmt":"2025-05-31T07:12:38","slug":"saflorolje-100ml","status":"publish","type":"product","link":"https:\/\/aromasentia.com\/no\/saflorolje-100ml\/","title":{"rendered":"Saflorolje &#8211; 100ml"},"content":{"rendered":"<p><strong>Botanisk navn:<\/strong>&nbsp;Carthamus Tinctorius<\/p>\n<p><strong>Opprinnelse:<\/strong>&nbsp;Australia<\/p>\n<p><strong>Holdbarhet:<\/strong> &nbsp;1 \u00e5r<\/p>\n<p>Inneholder 100 % naturlig ren olje. Ideell for fortynning av essensielle oljer f\u00f8r bruk p\u00e5 huden.<\/p>\n<p><strong>Ikke bruk innvortes.<\/strong><\/p>\n","protected":false},"excerpt":{"rendered":"<p>Botanisk navn:&nbsp;Carthamus Tinctorius Opprinnelse:&nbsp;Australia Holdbarhet: &nbsp;1 \u00e5r Inneholder 100 % naturlig ren olje. Ideell for fortynning av essensielle oljer f\u00f8r bruk p\u00e5 huden. Ikke bruk innvortes.<\/p>\n","protected":false},"featured_media":259148,"comment_status":"closed","ping_status":"open","template":"","meta":[],"product_brand":[27096],"product_cat":[9065,10312],"product_tag":[],"class_list":{"0":"post-210255","1":"product","2":"type-product","3":"status-publish","4":"has-post-thumbnail","6":"product_brand-ancient-wisdom","7":"product_cat-aromaterapi-og-romduft","8":"product_cat-baseoljer","9":"pa_collection-base-oils-no","10":"pa_made-in-australia","11":"pa_size-100ml","13":"first","14":"instock","15":"purchasable","16":"product-type-simple"},"supplier_id":null,"supplier_sku":"BO-24","barcode":null,"atum_controlled":true,"out_stock_date":null,"out_stock_threshold":null,"inheritable":false,"inbound_stock":null,"stock_on_hold":0,"sold_today":0,"sales_last_days":0,"reserved_stock":null,"customer_returns":null,"warehouse_damage":null,"lost_in_post":null,"other_logs":null,"out_stock_days":0,"lost_sales":0,"has_location":null,"update_date":"2026-02-02T17:47:29","atum_locations":[],"atum_stock_status":"instock","restock_status":false,"low_stock_amount":"","sales_update_date":"2026-01-30T01:26:39","calc_backorders":null,"_links":{"self":[{"href":"https:\/\/aromasentia.com\/no\/wp-json\/wp\/v2\/product\/210255","targetHints":{"allow":["GET"]}}],"collection":[{"href":"https:\/\/aromasentia.com\/no\/wp-json\/wp\/v2\/product"}],"about":[{"href":"https:\/\/aromasentia.com\/no\/wp-json\/wp\/v2\/types\/product"}],"replies":[{"embeddable":true,"href":"https:\/\/aromasentia.com\/no\/wp-json\/wp\/v2\/comments?post=210255"}],"version-history":[{"count":0,"href":"https:\/\/aromasentia.com\/no\/wp-json\/wp\/v2\/product\/210255\/revisions"}],"wp:featuredmedia":[{"embeddable":true,"href":"https:\/\/aromasentia.com\/no\/wp-json\/wp\/v2\/media\/259148"}],"wp:attachment":[{"href":"https:\/\/aromasentia.com\/no\/wp-json\/wp\/v2\/media?parent=210255"}],"wp:term":[{"taxonomy":"product_brand","embeddable":true,"href":"https:\/\/aromasentia.com\/no\/wp-json\/wp\/v2\/product_brand?post=210255"},{"taxonomy":"product_cat","embeddable":true,"href":"https:\/\/aromasentia.com\/no\/wp-json\/wp\/v2\/product_cat?post=210255"},{"taxonomy":"product_tag","embeddable":true,"href":"https:\/\/aromasentia.com\/no\/wp-json\/wp\/v2\/product_tag?post=210255"}],"curies":[{"name":"wp","href":"https:\/\/api.w.org\/{rel}","templated":true}]}}