{"id":210254,"date":"2025-03-20T14:36:59","date_gmt":"2025-03-20T14:36:59","guid":{"rendered":"https:\/\/aromasentia.com\/product\/argan-oil-100ml\/"},"modified":"2025-05-31T07:12:34","modified_gmt":"2025-05-31T07:12:34","slug":"arganolje-100ml","status":"publish","type":"product","link":"https:\/\/aromasentia.com\/no\/arganolje-100ml\/","title":{"rendered":"Arganolje &#8211; 100ml"},"content":{"rendered":"<p><strong>Botanisk navn:<\/strong> Argania Spinosa<\/p>\n<p><strong>Opprinnelse:<\/strong>Arganolje antas \u00e5 v\u00e6re en av de sjeldneste oljene i verden. Det er en robust, n\u00f8tteaktig duftende olje som i stor grad lages i Marokko av n\u00f8ttene til argantreet. Argantr\u00e6r pleide \u00e5 dekke store deler av Nord-Afrika, men de er n\u00e5 sterkt redusert i antall, noe som gjenspeiler den n\u00e5v\u00e6rende prisen p\u00e5 oljen.<\/p>\n<p>Arganolje inneholder essensielle fettsyrer, antioksidanter, vitaminer og mineraler, og med sine fuktighetsgivende og mykgj\u00f8rende egenskaper kan den bidra til \u00e5 beskytte hud og h\u00e5r mot tidlige aldringstegn og potensielle solskader. Den brukes ofte i hudkremer og h\u00e5rpleieprodukter.<\/p>\n<p><strong>Farge og lukt:<\/strong> Har en lys gyllengul farge og en mild n\u00f8tteaktig aroma.<\/p>\n<p>Denne arganoljen er hentet fra hele verden og er laget med kaldpresset ekstraksjonsmetode.<\/p>\n","protected":false},"excerpt":{"rendered":"<p>Botanisk navn: Argania Spinosa Opprinnelse:Arganolje antas \u00e5 v\u00e6re en av de sjeldneste oljene i verden. Det er en robust, n\u00f8tteaktig duftende olje som i stor grad lages i Marokko av n\u00f8ttene til argantreet. Argantr\u00e6r pleide \u00e5 dekke store deler av Nord-Afrika, men de er n\u00e5 sterkt redusert i antall, noe som gjenspeiler den n\u00e5v\u00e6rende prisen [&hellip;]<\/p>\n","protected":false},"featured_media":259139,"comment_status":"closed","ping_status":"open","template":"","meta":{"_angie_page":false},"product_brand":[27096],"product_cat":[9065,10312],"product_tag":[],"class_list":{"0":"post-210254","1":"product","2":"type-product","3":"status-publish","4":"has-post-thumbnail","6":"product_brand-ancient-wisdom","7":"product_cat-aromaterapi-og-romduft","8":"product_cat-baseoljer","9":"pa_collection-base-oils-no","10":"pa_made-in-marokko","11":"pa_size-100ml","13":"first","14":"instock","15":"purchasable","16":"product-type-simple"},"supplier_id":null,"supplier_sku":"BO-22","barcode":null,"atum_controlled":true,"out_stock_date":null,"out_stock_threshold":null,"inheritable":false,"inbound_stock":0,"stock_on_hold":0,"sold_today":0,"sales_last_days":0,"reserved_stock":0,"customer_returns":0,"warehouse_damage":0,"lost_in_post":0,"other_logs":0,"out_stock_days":0,"lost_sales":0,"has_location":false,"update_date":"2026-05-01T01:01:25","atum_locations":[],"atum_stock_status":"instock","restock_status":false,"low_stock_amount":"","sales_update_date":"2025-10-09T03:26:40","calc_backorders":null,"_links":{"self":[{"href":"https:\/\/aromasentia.com\/no\/wp-json\/wp\/v2\/product\/210254","targetHints":{"allow":["GET"]}}],"collection":[{"href":"https:\/\/aromasentia.com\/no\/wp-json\/wp\/v2\/product"}],"about":[{"href":"https:\/\/aromasentia.com\/no\/wp-json\/wp\/v2\/types\/product"}],"replies":[{"embeddable":true,"href":"https:\/\/aromasentia.com\/no\/wp-json\/wp\/v2\/comments?post=210254"}],"version-history":[{"count":0,"href":"https:\/\/aromasentia.com\/no\/wp-json\/wp\/v2\/product\/210254\/revisions"}],"wp:featuredmedia":[{"embeddable":true,"href":"https:\/\/aromasentia.com\/no\/wp-json\/wp\/v2\/media\/259139"}],"wp:attachment":[{"href":"https:\/\/aromasentia.com\/no\/wp-json\/wp\/v2\/media?parent=210254"}],"wp:term":[{"taxonomy":"product_brand","embeddable":true,"href":"https:\/\/aromasentia.com\/no\/wp-json\/wp\/v2\/product_brand?post=210254"},{"taxonomy":"product_cat","embeddable":true,"href":"https:\/\/aromasentia.com\/no\/wp-json\/wp\/v2\/product_cat?post=210254"},{"taxonomy":"product_tag","embeddable":true,"href":"https:\/\/aromasentia.com\/no\/wp-json\/wp\/v2\/product_tag?post=210254"}],"curies":[{"name":"wp","href":"https:\/\/api.w.org\/{rel}","templated":true}]}}