{"id":210250,"date":"2025-03-20T14:36:59","date_gmt":"2025-03-20T14:36:59","guid":{"rendered":"https:\/\/aromasentia.com\/product\/rosehip-oil-100ml\/"},"modified":"2025-05-31T07:12:21","modified_gmt":"2025-05-31T07:12:21","slug":"nypeolje-100ml","status":"publish","type":"product","link":"https:\/\/aromasentia.com\/no\/nypeolje-100ml\/","title":{"rendered":"Nypeolje &#8211; 100ml"},"content":{"rendered":"<p><strong>Botanisk navn:<\/strong> Rosa Mosqueta<\/p>\n<p><strong>Opprinnelse:<\/strong> Chile &#8211; Selv om nypeolje produseres i mange deler av verden i dag, antas den prim\u00e6rt \u00e5 bli brukt av de gamle egypterne og indianerne p\u00e5 grunn av dens fantastiske helbredende egenskaper. Oljen utvinnes fra fr\u00f8ene til villrosebusken.<\/p>\n<p>Nypeolje har mange nyttige egenskaper for huden. Den fremmer hud- og vevshelging og kan redusere synligheten av arr og rynker. Kan brukes direkte p\u00e5 huden som fuktighetskrem eller i aromaterapi blandet med essensielle oljer.<\/p>\n<p><strong>Farge og lukt:<\/strong>Dyp gyllen farge med subtil jordaktig aroma.<\/p>\n<p><strong>Tekstur:<\/strong> Tynn, t\u00f8rr tekstur<\/p>\n<p>Denne nypeoljen er hentet fra hele verden fra Chile og laget med kaldpresset ekstraksjonsmetode.<\/p>\n","protected":false},"excerpt":{"rendered":"<p>Botanisk navn: Rosa Mosqueta Opprinnelse: Chile &#8211; Selv om nypeolje produseres i mange deler av verden i dag, antas den prim\u00e6rt \u00e5 bli brukt av de gamle egypterne og indianerne p\u00e5 grunn av dens fantastiske helbredende egenskaper. Oljen utvinnes fra fr\u00f8ene til villrosebusken. Nypeolje har mange nyttige egenskaper for huden. Den fremmer hud- og vevshelging [&hellip;]<\/p>\n","protected":false},"featured_media":259103,"comment_status":"closed","ping_status":"open","template":"","meta":{"_angie_page":false},"product_brand":[27096],"product_cat":[9065,10312,25843,26491,26827],"product_tag":[],"class_list":{"0":"post-210250","1":"product","2":"type-product","3":"status-publish","4":"has-post-thumbnail","6":"product_brand-ancient-wisdom","7":"product_cat-aromaterapi-og-romduft","8":"product_cat-baseoljer","9":"product_cat-dufter-aromaer","10":"product_cat-hyben","11":"product_cat-jordlig-gronn","12":"pa_collection-base-oils-no","13":"pa_made-in-italia","14":"pa_size-100ml","16":"first","17":"instock","18":"purchasable","19":"product-type-simple"},"supplier_id":null,"supplier_sku":"BO-18","barcode":null,"atum_controlled":true,"out_stock_date":null,"out_stock_threshold":null,"inheritable":false,"inbound_stock":null,"stock_on_hold":0,"sold_today":0,"sales_last_days":0,"reserved_stock":null,"customer_returns":null,"warehouse_damage":null,"lost_in_post":null,"other_logs":null,"out_stock_days":0,"lost_sales":0,"has_location":null,"update_date":"2026-04-27T06:55:16","atum_locations":[],"atum_stock_status":"instock","restock_status":false,"low_stock_amount":"","sales_update_date":"2025-10-09T03:26:40","calc_backorders":null,"_links":{"self":[{"href":"https:\/\/aromasentia.com\/no\/wp-json\/wp\/v2\/product\/210250","targetHints":{"allow":["GET"]}}],"collection":[{"href":"https:\/\/aromasentia.com\/no\/wp-json\/wp\/v2\/product"}],"about":[{"href":"https:\/\/aromasentia.com\/no\/wp-json\/wp\/v2\/types\/product"}],"replies":[{"embeddable":true,"href":"https:\/\/aromasentia.com\/no\/wp-json\/wp\/v2\/comments?post=210250"}],"version-history":[{"count":0,"href":"https:\/\/aromasentia.com\/no\/wp-json\/wp\/v2\/product\/210250\/revisions"}],"wp:featuredmedia":[{"embeddable":true,"href":"https:\/\/aromasentia.com\/no\/wp-json\/wp\/v2\/media\/259103"}],"wp:attachment":[{"href":"https:\/\/aromasentia.com\/no\/wp-json\/wp\/v2\/media?parent=210250"}],"wp:term":[{"taxonomy":"product_brand","embeddable":true,"href":"https:\/\/aromasentia.com\/no\/wp-json\/wp\/v2\/product_brand?post=210250"},{"taxonomy":"product_cat","embeddable":true,"href":"https:\/\/aromasentia.com\/no\/wp-json\/wp\/v2\/product_cat?post=210250"},{"taxonomy":"product_tag","embeddable":true,"href":"https:\/\/aromasentia.com\/no\/wp-json\/wp\/v2\/product_tag?post=210250"}],"curies":[{"name":"wp","href":"https:\/\/api.w.org\/{rel}","templated":true}]}}