{"id":210249,"date":"2025-03-20T14:36:59","date_gmt":"2025-03-20T14:36:59","guid":{"rendered":"https:\/\/aromasentia.com\/product\/hazelnut-oil-100ml\/"},"modified":"2025-05-31T07:12:18","modified_gmt":"2025-05-31T07:12:18","slug":"hasselnottolje-100ml","status":"publish","type":"product","link":"https:\/\/aromasentia.com\/no\/hasselnottolje-100ml\/","title":{"rendered":"Hasseln\u00f8ttolje &#8211; 100ml"},"content":{"rendered":"<p><strong>Botanisk navn:<\/strong> Corylus Avellana<\/p>\n<p><strong>Opprinnelse:<\/strong> Hasseln\u00f8tten dyrkes over hele det europeiske og asiatiske kontinentet og utenfor. Den dyrkes f\u00f8rst og fremst for n\u00f8ttens skyld, men har ogs\u00e5 blitt brukt i Storbritannia og Europa som hekker p\u00e5 jordbruksland i hundrevis av \u00e5r. Hasseln\u00f8tteoljen v\u00e5r er laget i Tyrkia, verdens st\u00f8rste produsent av hasseln\u00f8tter.<\/p>\n<p>Hasseln\u00f8tteolje er i seg selv en flerbruksolje. Den inneholder kraftige antioksidanter og mineraler som kan v\u00e6re gunstige for skadet hud og t\u00f8rr hud. Det er en popul\u00e6r ingrediens i skj\u00f8nnhetskosmetikk, da den antas \u00e5 redusere rynker og forhindre tidlig aldring. Brukes ofte som b\u00e6rerolje for aromaterapi, massasjeoljer, fuktighetskremer og h\u00e5rpleie.<\/p>\n<p><strong>Farge og lukt:<\/strong> Lys gul farge med mild duft.<\/p>\n<p><strong>Tekstur:<\/strong>Tynn og glatt.<\/p>\n<p>Denne hasseln\u00f8ttoljen er hentet fra hele verden, fra Tyrkia og laget ved kaldpressing.<\/p>\n","protected":false},"excerpt":{"rendered":"<p>Botanisk navn: Corylus Avellana Opprinnelse: Hasseln\u00f8tten dyrkes over hele det europeiske og asiatiske kontinentet og utenfor. Den dyrkes f\u00f8rst og fremst for n\u00f8ttens skyld, men har ogs\u00e5 blitt brukt i Storbritannia og Europa som hekker p\u00e5 jordbruksland i hundrevis av \u00e5r. Hasseln\u00f8tteoljen v\u00e5r er laget i Tyrkia, verdens st\u00f8rste produsent av hasseln\u00f8tter. Hasseln\u00f8tteolje er i [&hellip;]<\/p>\n","protected":false},"featured_media":259094,"comment_status":"closed","ping_status":"open","template":"","meta":{"_angie_page":false},"product_brand":[27096],"product_cat":[9065,10312],"product_tag":[],"class_list":{"0":"post-210249","1":"product","2":"type-product","3":"status-publish","4":"has-post-thumbnail","6":"product_brand-ancient-wisdom","7":"product_cat-aromaterapi-og-romduft","8":"product_cat-baseoljer","9":"pa_collection-base-oils-no","10":"pa_made-in-italia","11":"pa_size-100ml","13":"first","14":"instock","15":"purchasable","16":"product-type-simple"},"supplier_id":null,"supplier_sku":"BO-17","barcode":null,"atum_controlled":true,"out_stock_date":null,"out_stock_threshold":null,"inheritable":false,"inbound_stock":null,"stock_on_hold":0,"sold_today":0,"sales_last_days":0,"reserved_stock":null,"customer_returns":null,"warehouse_damage":null,"lost_in_post":null,"other_logs":null,"out_stock_days":0,"lost_sales":0,"has_location":null,"update_date":"2026-05-04T00:02:51","atum_locations":[],"atum_stock_status":"instock","restock_status":false,"low_stock_amount":"","sales_update_date":"2025-10-09T03:26:40","calc_backorders":null,"_links":{"self":[{"href":"https:\/\/aromasentia.com\/no\/wp-json\/wp\/v2\/product\/210249","targetHints":{"allow":["GET"]}}],"collection":[{"href":"https:\/\/aromasentia.com\/no\/wp-json\/wp\/v2\/product"}],"about":[{"href":"https:\/\/aromasentia.com\/no\/wp-json\/wp\/v2\/types\/product"}],"replies":[{"embeddable":true,"href":"https:\/\/aromasentia.com\/no\/wp-json\/wp\/v2\/comments?post=210249"}],"version-history":[{"count":0,"href":"https:\/\/aromasentia.com\/no\/wp-json\/wp\/v2\/product\/210249\/revisions"}],"wp:featuredmedia":[{"embeddable":true,"href":"https:\/\/aromasentia.com\/no\/wp-json\/wp\/v2\/media\/259094"}],"wp:attachment":[{"href":"https:\/\/aromasentia.com\/no\/wp-json\/wp\/v2\/media?parent=210249"}],"wp:term":[{"taxonomy":"product_brand","embeddable":true,"href":"https:\/\/aromasentia.com\/no\/wp-json\/wp\/v2\/product_brand?post=210249"},{"taxonomy":"product_cat","embeddable":true,"href":"https:\/\/aromasentia.com\/no\/wp-json\/wp\/v2\/product_cat?post=210249"},{"taxonomy":"product_tag","embeddable":true,"href":"https:\/\/aromasentia.com\/no\/wp-json\/wp\/v2\/product_tag?post=210249"}],"curies":[{"name":"wp","href":"https:\/\/api.w.org\/{rel}","templated":true}]}}