{"id":210245,"date":"2025-03-20T14:36:59","date_gmt":"2025-03-20T14:36:59","guid":{"rendered":"https:\/\/aromasentia.com\/product\/borage-oil-100ml\/"},"modified":"2025-05-31T07:11:54","modified_gmt":"2025-05-31T07:11:54","slug":"gurkemeieolje-100ml","status":"publish","type":"product","link":"https:\/\/aromasentia.com\/no\/gurkemeieolje-100ml\/","title":{"rendered":"Gurkemeieolje &#8211; 100ml"},"content":{"rendered":"<p><strong>Botanisk navn:<\/strong>&nbsp; Borago Officinalis.<\/p>\n<p><strong>Opprinnelse:&nbsp;<\/strong>Borago-planten, ogs\u00e5 kjent som stjerneblomst, er hjemmeh\u00f8rende i det \u00f8stlige Middelhavsomr\u00e5det. Planten dyrkes i mange deler av verden, hovedsakelig i Europa og Nord-Amerika. Olje utvinnes fra fr\u00f8ene til Borago-plantene.&nbsp;<\/p>\n<p>Aurkurtolje har et sv\u00e6rt h\u00f8yt innhold av omega-6 og antas \u00e5 v\u00e6re gunstig for t\u00f8rr og skadet hud, og kan gi lindring fra flere kroniske hudlidelser. Den er flott \u00e5 bruke sammen med essensielle oljer og andre b\u00e6reroljer. Brukes som ingrediens i kosmetiske produkter som ansiktsserum og fuktighetskremer.<\/p>\n<p><strong>Farge og lukt:<\/strong> Gyllengul farge med sv\u00e6rt lite lukt.<\/p>\n<p><strong>Tekstur:<\/strong> Litt tykk tekstur.<\/p>\n<p>V\u00e5r agurkurtbaseolje er n\u00f8ye utvalgt, kj\u00f8pt oftere ikke fra prim\u00e6re kilder, testet for renhet og underlagt strenge kvalitetskontrollstandarder.<\/p>\n<p>Denne agurkurtoljen er hentet fra hele verden, fra Europa og laget ved kaldpresset ekstraksjonsmetode.<\/p>\n<p><\/p>\n","protected":false},"excerpt":{"rendered":"<p>Botanisk navn:&nbsp; Borago Officinalis. Opprinnelse:&nbsp;Borago-planten, ogs\u00e5 kjent som stjerneblomst, er hjemmeh\u00f8rende i det \u00f8stlige Middelhavsomr\u00e5det. Planten dyrkes i mange deler av verden, hovedsakelig i Europa og Nord-Amerika. Olje utvinnes fra fr\u00f8ene til Borago-plantene.&nbsp; Aurkurtolje har et sv\u00e6rt h\u00f8yt innhold av omega-6 og antas \u00e5 v\u00e6re gunstig for t\u00f8rr og skadet hud, og kan gi lindring [&hellip;]<\/p>\n","protected":false},"featured_media":259058,"comment_status":"closed","ping_status":"open","template":"","meta":{"_angie_page":false},"product_brand":[27096],"product_cat":[9065,10312],"product_tag":[],"class_list":{"0":"post-210245","1":"product","2":"type-product","3":"status-publish","4":"has-post-thumbnail","6":"product_brand-ancient-wisdom","7":"product_cat-aromaterapi-og-romduft","8":"product_cat-baseoljer","9":"pa_collection-base-oils-no","10":"pa_made-in-kina","11":"pa_size-100ml","13":"first","14":"instock","15":"purchasable","16":"product-type-simple"},"supplier_id":null,"supplier_sku":"BO-13","barcode":null,"atum_controlled":true,"out_stock_date":null,"out_stock_threshold":null,"inheritable":false,"inbound_stock":null,"stock_on_hold":0,"sold_today":0,"sales_last_days":0,"reserved_stock":null,"customer_returns":null,"warehouse_damage":null,"lost_in_post":null,"other_logs":null,"out_stock_days":72,"lost_sales":0,"has_location":null,"update_date":"2026-05-08T05:06:06","atum_locations":[],"atum_stock_status":"instock","restock_status":false,"low_stock_amount":"","sales_update_date":"2026-01-30T01:24:19","calc_backorders":null,"_links":{"self":[{"href":"https:\/\/aromasentia.com\/no\/wp-json\/wp\/v2\/product\/210245","targetHints":{"allow":["GET"]}}],"collection":[{"href":"https:\/\/aromasentia.com\/no\/wp-json\/wp\/v2\/product"}],"about":[{"href":"https:\/\/aromasentia.com\/no\/wp-json\/wp\/v2\/types\/product"}],"replies":[{"embeddable":true,"href":"https:\/\/aromasentia.com\/no\/wp-json\/wp\/v2\/comments?post=210245"}],"version-history":[{"count":0,"href":"https:\/\/aromasentia.com\/no\/wp-json\/wp\/v2\/product\/210245\/revisions"}],"wp:featuredmedia":[{"embeddable":true,"href":"https:\/\/aromasentia.com\/no\/wp-json\/wp\/v2\/media\/259058"}],"wp:attachment":[{"href":"https:\/\/aromasentia.com\/no\/wp-json\/wp\/v2\/media?parent=210245"}],"wp:term":[{"taxonomy":"product_brand","embeddable":true,"href":"https:\/\/aromasentia.com\/no\/wp-json\/wp\/v2\/product_brand?post=210245"},{"taxonomy":"product_cat","embeddable":true,"href":"https:\/\/aromasentia.com\/no\/wp-json\/wp\/v2\/product_cat?post=210245"},{"taxonomy":"product_tag","embeddable":true,"href":"https:\/\/aromasentia.com\/no\/wp-json\/wp\/v2\/product_tag?post=210245"}],"curies":[{"name":"wp","href":"https:\/\/api.w.org\/{rel}","templated":true}]}}