{"id":210244,"date":"2025-03-20T14:36:59","date_gmt":"2025-03-20T14:36:59","guid":{"rendered":"https:\/\/aromasentia.com\/product\/macadamia-oil-100ml\/"},"modified":"2025-05-31T07:11:50","modified_gmt":"2025-05-31T07:11:50","slug":"macadamiaolje-100ml","status":"publish","type":"product","link":"https:\/\/aromasentia.com\/no\/macadamiaolje-100ml\/","title":{"rendered":"Macadamiaolje &#8211; 100ml"},"content":{"rendered":"<p><strong>Botanisk navn:<\/strong> Macadamia Integrifolia.<\/p>\n<p><strong>Opprinnelse:<\/strong>Macadamia-planten stammer fra Australia og har blitt konsumert og bearbeidet av australiere i mange \u00e5r. Macadamia-olje utvinnes fra de modne n\u00f8ttene til macadamia-treet.<\/p>\n<p>Macadamia-olje har betennelsesdempende og aldringsdempende egenskaper som kan berolige og beskytte huden din. Oljen er rik p\u00e5 oljesyre og andre sunne n\u00e6ringsstoffer, og antas \u00e5 v\u00e6re utrolig gunstig for t\u00f8rr og aldrende hud. Brukes i en rekke produkter i kosmetikkindustrien, som kremer, solkremer, lotioner, sjampoer og balsam. Den er perfekt for bruk med alle essensielle oljer og til massasje og aromaterapi.<\/p>\n<p><strong>Farge og lukt:<\/strong> Klar gyllengul farge og mild n\u00f8tteaktig lukt.<\/p>\n<p><strong>Tekstur:<\/strong> Har en lett, men likevel rik konsistens.<\/p>\n<p>Macadamia-baseoljen v\u00e5r er hentet fra Australia og laget med kaldpresset ekstraksjonsmetode.<\/p>\n<p><\/p>\n","protected":false},"excerpt":{"rendered":"<p>Botanisk navn: Macadamia Integrifolia. Opprinnelse:Macadamia-planten stammer fra Australia og har blitt konsumert og bearbeidet av australiere i mange \u00e5r. Macadamia-olje utvinnes fra de modne n\u00f8ttene til macadamia-treet. Macadamia-olje har betennelsesdempende og aldringsdempende egenskaper som kan berolige og beskytte huden din. Oljen er rik p\u00e5 oljesyre og andre sunne n\u00e6ringsstoffer, og antas \u00e5 v\u00e6re utrolig gunstig [&hellip;]<\/p>\n","protected":false},"featured_media":259049,"comment_status":"closed","ping_status":"open","template":"","meta":{"_angie_page":false},"product_brand":[27096],"product_cat":[9065,10312],"product_tag":[],"class_list":{"0":"post-210244","1":"product","2":"type-product","3":"status-publish","4":"has-post-thumbnail","6":"product_brand-ancient-wisdom","7":"product_cat-aromaterapi-og-romduft","8":"product_cat-baseoljer","9":"pa_collection-base-oils-no","10":"pa_made-in-spania","11":"pa_size-100ml","13":"first","14":"instock","15":"purchasable","16":"product-type-simple"},"supplier_id":null,"supplier_sku":"BO-11","barcode":null,"atum_controlled":true,"out_stock_date":null,"out_stock_threshold":null,"inheritable":false,"inbound_stock":null,"stock_on_hold":0,"sold_today":0,"sales_last_days":0,"reserved_stock":null,"customer_returns":null,"warehouse_damage":null,"lost_in_post":null,"other_logs":null,"out_stock_days":0,"lost_sales":0,"has_location":null,"update_date":"2026-04-27T06:55:16","atum_locations":[],"atum_stock_status":"instock","restock_status":false,"low_stock_amount":"","sales_update_date":"2025-10-09T03:26:38","calc_backorders":null,"_links":{"self":[{"href":"https:\/\/aromasentia.com\/no\/wp-json\/wp\/v2\/product\/210244","targetHints":{"allow":["GET"]}}],"collection":[{"href":"https:\/\/aromasentia.com\/no\/wp-json\/wp\/v2\/product"}],"about":[{"href":"https:\/\/aromasentia.com\/no\/wp-json\/wp\/v2\/types\/product"}],"replies":[{"embeddable":true,"href":"https:\/\/aromasentia.com\/no\/wp-json\/wp\/v2\/comments?post=210244"}],"version-history":[{"count":0,"href":"https:\/\/aromasentia.com\/no\/wp-json\/wp\/v2\/product\/210244\/revisions"}],"wp:featuredmedia":[{"embeddable":true,"href":"https:\/\/aromasentia.com\/no\/wp-json\/wp\/v2\/media\/259049"}],"wp:attachment":[{"href":"https:\/\/aromasentia.com\/no\/wp-json\/wp\/v2\/media?parent=210244"}],"wp:term":[{"taxonomy":"product_brand","embeddable":true,"href":"https:\/\/aromasentia.com\/no\/wp-json\/wp\/v2\/product_brand?post=210244"},{"taxonomy":"product_cat","embeddable":true,"href":"https:\/\/aromasentia.com\/no\/wp-json\/wp\/v2\/product_cat?post=210244"},{"taxonomy":"product_tag","embeddable":true,"href":"https:\/\/aromasentia.com\/no\/wp-json\/wp\/v2\/product_tag?post=210244"}],"curies":[{"name":"wp","href":"https:\/\/api.w.org\/{rel}","templated":true}]}}