{"id":210243,"date":"2025-03-20T14:36:59","date_gmt":"2025-03-20T14:36:59","guid":{"rendered":"https:\/\/aromasentia.com\/product\/evening-primrose-oil-100ml\/"},"modified":"2025-05-31T07:11:47","modified_gmt":"2025-05-31T07:11:47","slug":"nattlysolje-100ml","status":"publish","type":"product","link":"https:\/\/aromasentia.com\/no\/nattlysolje-100ml\/","title":{"rendered":"Nattlysolje &#8211; 100ml"},"content":{"rendered":"<p><strong>Vitenskapelig navn:<\/strong> Oenothera Biennis<\/p>\n<p><strong>Opprinnelse:<\/strong> Nattlysolje, noen ganger kjent som kveldsstjerne, er en to\u00e5rig plante som er hjemmeh\u00f8rende i Nord-Amerika og andre tempererte land. Nattlysoljen v\u00e5r produseres i stor grad i provinser i Kina fra fr\u00f8ene til den gule nattlysoljen. Planten heter Nattlysolje fordi blomstene \u00e5pner seg helt om natten og lukker seg igjen om morgenen neste dag. Det antas at den f\u00f8rst ble brukt av indianere for s\u00e5rheling og dens beroligende egenskaper.<\/p>\n<p>Nattlysolje er en rik kilde til omega-6 og fettsyrer, og har betennelsesdempende og smertelindrende egenskaper. Den letter helbredelsesprosessen og kan bidra til \u00e5 redusere synligheten av arr og roe ned betennelse. Brukes ofte i kosmetikk for \u00e5 berolige og fukte hud, hodebunn og h\u00e5r.<\/p>\n<p><strong>Farge og lukt:<\/strong> Har en lys gyllen farge og en mild n\u00f8tteaktig duft.<\/p>\n<p><strong>Tekstur:<\/strong>Fin tekstur.<\/p>\n<p>V\u00e5r nattlysolje er n\u00f8ye utvalgt, kj\u00f8pt oftere enn fra andre kilder, testet for renhet og underlagt strenge kvalitetskontrollstandarder.<\/p>\n<p>Denne nattlysoljen er hentet fra hele verden, fra Kina og laget med kaldpresset ekstraksjonsmetode.<\/p>\n","protected":false},"excerpt":{"rendered":"<p>Vitenskapelig navn: Oenothera Biennis Opprinnelse: Nattlysolje, noen ganger kjent som kveldsstjerne, er en to\u00e5rig plante som er hjemmeh\u00f8rende i Nord-Amerika og andre tempererte land. Nattlysoljen v\u00e5r produseres i stor grad i provinser i Kina fra fr\u00f8ene til den gule nattlysoljen. Planten heter Nattlysolje fordi blomstene \u00e5pner seg helt om natten og lukker seg igjen om [&hellip;]<\/p>\n","protected":false},"featured_media":259040,"comment_status":"closed","ping_status":"open","template":"","meta":{"_angie_page":false},"product_brand":[27096],"product_cat":[9065,10312,26834,25843,26366],"product_tag":[],"class_list":{"0":"post-210243","1":"product","2":"type-product","3":"status-publish","4":"has-post-thumbnail","6":"product_brand-ancient-wisdom","7":"product_cat-aromaterapi-og-romduft","8":"product_cat-baseoljer","9":"product_cat-blomster","10":"product_cat-dufter-aromaer","11":"product_cat-rose","12":"pa_collection-base-oils-no","13":"pa_made-in-kina","14":"pa_size-100ml","16":"first","17":"instock","18":"purchasable","19":"product-type-simple"},"supplier_id":null,"supplier_sku":"BO-10","barcode":null,"atum_controlled":true,"out_stock_date":null,"out_stock_threshold":null,"inheritable":false,"inbound_stock":null,"stock_on_hold":0,"sold_today":0,"sales_last_days":0,"reserved_stock":null,"customer_returns":null,"warehouse_damage":null,"lost_in_post":null,"other_logs":null,"out_stock_days":23,"lost_sales":0,"has_location":null,"update_date":"2026-05-08T05:06:06","atum_locations":[],"atum_stock_status":"instock","restock_status":false,"low_stock_amount":"","sales_update_date":"2026-01-30T01:24:24","calc_backorders":null,"_links":{"self":[{"href":"https:\/\/aromasentia.com\/no\/wp-json\/wp\/v2\/product\/210243","targetHints":{"allow":["GET"]}}],"collection":[{"href":"https:\/\/aromasentia.com\/no\/wp-json\/wp\/v2\/product"}],"about":[{"href":"https:\/\/aromasentia.com\/no\/wp-json\/wp\/v2\/types\/product"}],"replies":[{"embeddable":true,"href":"https:\/\/aromasentia.com\/no\/wp-json\/wp\/v2\/comments?post=210243"}],"version-history":[{"count":0,"href":"https:\/\/aromasentia.com\/no\/wp-json\/wp\/v2\/product\/210243\/revisions"}],"wp:featuredmedia":[{"embeddable":true,"href":"https:\/\/aromasentia.com\/no\/wp-json\/wp\/v2\/media\/259040"}],"wp:attachment":[{"href":"https:\/\/aromasentia.com\/no\/wp-json\/wp\/v2\/media?parent=210243"}],"wp:term":[{"taxonomy":"product_brand","embeddable":true,"href":"https:\/\/aromasentia.com\/no\/wp-json\/wp\/v2\/product_brand?post=210243"},{"taxonomy":"product_cat","embeddable":true,"href":"https:\/\/aromasentia.com\/no\/wp-json\/wp\/v2\/product_cat?post=210243"},{"taxonomy":"product_tag","embeddable":true,"href":"https:\/\/aromasentia.com\/no\/wp-json\/wp\/v2\/product_tag?post=210243"}],"curies":[{"name":"wp","href":"https:\/\/api.w.org\/{rel}","templated":true}]}}